{"id":98,"date":"2015-11-13T17:47:39","date_gmt":"2015-11-13T17:47:39","guid":{"rendered":"http:\/\/parafiagierczyce.pl\/?page_id=98"},"modified":"2018-12-09T16:35:29","modified_gmt":"2018-12-09T15:35:29","slug":"dzien-niepodleglosci","status":"publish","type":"page","link":"https:\/\/parafiagierczyce.pl\/?page_id=98","title":{"rendered":"DZIE\u0143 NIEPODLEG\u0141O\u015aCI"},"content":{"rendered":"<p style=\"text-align: right;\">MSZA \u015aWI\u0118TA&nbsp; NA PATRI ODB\u0118DZIE SI\u0118 ZE WZGL\u0118DU NA POGOD\u0118 W KO\u015aCIELE PARAFIALNYM W GIERCZYCACH<\/p>\n<p style=\"text-align: right;\">O GODZ. 17:00<a href=\"http:\/\/parafiagierczyce.pl\/wp-content\/uploads\/2015\/11\/DSC00161.jpg\"><img loading=\"lazy\" decoding=\"async\" class=\"aligncenter size-medium wp-image-156\" src=\"http:\/\/parafiagierczyce.pl\/wp-content\/uploads\/2015\/11\/DSC00161-300x225.jpg\" alt=\"DSC00161\" width=\"300\" height=\"225\" srcset=\"https:\/\/parafiagierczyce.pl\/wp-content\/uploads\/2015\/11\/DSC00161-300x225.jpg 300w, https:\/\/parafiagierczyce.pl\/wp-content\/uploads\/2015\/11\/DSC00161.jpg 640w\" sizes=\"auto, (max-width: 300px) 100vw, 300px\" \/><\/a><a href=\"http:\/\/parafiagierczyce.pl\/wp-content\/uploads\/2015\/11\/DSC00164.jpg\"><img loading=\"lazy\" decoding=\"async\" class=\"aligncenter size-medium wp-image-159\" src=\"http:\/\/parafiagierczyce.pl\/wp-content\/uploads\/2015\/11\/DSC00164-300x225.jpg\" alt=\"DSC00164\" width=\"300\" height=\"225\" srcset=\"https:\/\/parafiagierczyce.pl\/wp-content\/uploads\/2015\/11\/DSC00164-300x225.jpg 300w, https:\/\/parafiagierczyce.pl\/wp-content\/uploads\/2015\/11\/DSC00164.jpg 640w\" sizes=\"auto, (max-width: 300px) 100vw, 300px\" \/><\/a><\/p>\n<p><a href=\"http:\/\/parafiagierczyce.pl\/wp-content\/uploads\/2015\/11\/P1050788.jpg\"><img loading=\"lazy\" decoding=\"async\" class=\"size-medium wp-image-59 aligncenter\" src=\"http:\/\/parafiagierczyce.pl\/wp-content\/uploads\/2015\/11\/P1050788-300x225.jpg\" alt=\"P1050788\" width=\"300\" height=\"225\" srcset=\"https:\/\/parafiagierczyce.pl\/wp-content\/uploads\/2015\/11\/P1050788-300x225.jpg 300w, https:\/\/parafiagierczyce.pl\/wp-content\/uploads\/2015\/11\/P1050788-1024x768.jpg 1024w\" sizes=\"auto, (max-width: 300px) 100vw, 300px\" \/><\/a> <a href=\"http:\/\/parafiagierczyce.pl\/wp-content\/uploads\/2015\/11\/P1050790.jpg\"><img loading=\"lazy\" decoding=\"async\" class=\"size-medium wp-image-60 aligncenter\" src=\"http:\/\/parafiagierczyce.pl\/wp-content\/uploads\/2015\/11\/P1050790-300x225.jpg\" alt=\"P1050790\" width=\"300\" height=\"225\" srcset=\"https:\/\/parafiagierczyce.pl\/wp-content\/uploads\/2015\/11\/P1050790-300x225.jpg 300w, https:\/\/parafiagierczyce.pl\/wp-content\/uploads\/2015\/11\/P1050790-1024x768.jpg 1024w\" sizes=\"auto, (max-width: 300px) 100vw, 300px\" \/><\/a> <a href=\"http:\/\/parafiagierczyce.pl\/wp-content\/uploads\/2015\/11\/P1050792.jpg\"><img loading=\"lazy\" decoding=\"async\" class=\"size-medium wp-image-61 aligncenter\" src=\"http:\/\/parafiagierczyce.pl\/wp-content\/uploads\/2015\/11\/P1050792-300x225.jpg\" alt=\"P1050792\" width=\"300\" height=\"225\" srcset=\"https:\/\/parafiagierczyce.pl\/wp-content\/uploads\/2015\/11\/P1050792-300x225.jpg 300w, https:\/\/parafiagierczyce.pl\/wp-content\/uploads\/2015\/11\/P1050792-1024x768.jpg 1024w\" sizes=\"auto, (max-width: 300px) 100vw, 300px\" \/><\/a> <a href=\"http:\/\/parafiagierczyce.pl\/wp-content\/uploads\/2015\/11\/P1050795.jpg\"><img loading=\"lazy\" decoding=\"async\" class=\"size-medium wp-image-62 aligncenter\" src=\"http:\/\/parafiagierczyce.pl\/wp-content\/uploads\/2015\/11\/P1050795-300x225.jpg\" alt=\"P1050795\" width=\"300\" height=\"225\" srcset=\"https:\/\/parafiagierczyce.pl\/wp-content\/uploads\/2015\/11\/P1050795-300x225.jpg 300w, https:\/\/parafiagierczyce.pl\/wp-content\/uploads\/2015\/11\/P1050795-1024x768.jpg 1024w\" sizes=\"auto, (max-width: 300px) 100vw, 300px\" \/><\/a> <a href=\"http:\/\/parafiagierczyce.pl\/wp-content\/uploads\/2015\/11\/P1050796.jpg\"><img loading=\"lazy\" decoding=\"async\" class=\"size-medium wp-image-63 aligncenter\" src=\"http:\/\/parafiagierczyce.pl\/wp-content\/uploads\/2015\/11\/P1050796-300x225.jpg\" alt=\"P1050796\" width=\"300\" height=\"225\" srcset=\"https:\/\/parafiagierczyce.pl\/wp-content\/uploads\/2015\/11\/P1050796-300x225.jpg 300w, https:\/\/parafiagierczyce.pl\/wp-content\/uploads\/2015\/11\/P1050796-1024x768.jpg 1024w\" sizes=\"auto, (max-width: 300px) 100vw, 300px\" \/><\/a><\/p>\n","protected":false},"excerpt":{"rendered":"<p>MSZA \u015aWI\u0118TA&nbsp; NA PATRI ODB\u0118DZIE SI\u0118 ZE WZGL\u0118DU NA POGOD\u0118 W KO\u015aCIELE PARAFIALNYM W GIERCZYCACH O GODZ. 17:00<\/p>\n","protected":false},"author":1,"featured_media":0,"parent":0,"menu_order":0,"comment_status":"closed","ping_status":"closed","template":"","meta":{"footnotes":"","_links_to":"","_links_to_target":""},"class_list":["post-98","page","type-page","status-publish","hentry"],"_links":{"self":[{"href":"https:\/\/parafiagierczyce.pl\/index.php?rest_route=\/wp\/v2\/pages\/98","targetHints":{"allow":["GET"]}}],"collection":[{"href":"https:\/\/parafiagierczyce.pl\/index.php?rest_route=\/wp\/v2\/pages"}],"about":[{"href":"https:\/\/parafiagierczyce.pl\/index.php?rest_route=\/wp\/v2\/types\/page"}],"author":[{"embeddable":true,"href":"https:\/\/parafiagierczyce.pl\/index.php?rest_route=\/wp\/v2\/users\/1"}],"replies":[{"embeddable":true,"href":"https:\/\/parafiagierczyce.pl\/index.php?rest_route=%2Fwp%2Fv2%2Fcomments&post=98"}],"version-history":[{"count":4,"href":"https:\/\/parafiagierczyce.pl\/index.php?rest_route=\/wp\/v2\/pages\/98\/revisions"}],"predecessor-version":[{"id":2424,"href":"https:\/\/parafiagierczyce.pl\/index.php?rest_route=\/wp\/v2\/pages\/98\/revisions\/2424"}],"wp:attachment":[{"href":"https:\/\/parafiagierczyce.pl\/index.php?rest_route=%2Fwp%2Fv2%2Fmedia&parent=98"}],"curies":[{"name":"wp","href":"https:\/\/api.w.org\/{rel}","templated":true}]}}