{"id":940,"date":"2016-05-19T20:53:04","date_gmt":"2016-05-19T19:53:04","guid":{"rendered":"http:\/\/parafiagierczyce.pl\/?page_id=940"},"modified":"2018-12-09T16:27:46","modified_gmt":"2018-12-09T15:27:46","slug":"informacja-i-ogloszenie","status":"publish","type":"page","link":"https:\/\/parafiagierczyce.pl\/?page_id=940","title":{"rendered":"INFORMACJA I OG\u0141OSZENIE"},"content":{"rendered":"<div>\n<h2><b>Stowarzyszenie Przyjaci\u00f3\u0142 Scholi w Gierczycach<\/b><\/h2>\n<p>celem Stowarzyszenia jest wspieranie Parafialnej Scholi ,pomoc w organizowaniu zaj\u0119\u0107 dla dzieci i m\u0142odzie\u017cy s\u0142u\u017c\u0105cym rozwojowi talent\u00f3w oraz wsp\u00f3lnej zabawy , integrowaniu lokalnej spo\u0142eczno\u015bci.<\/p>\n<h5><b><br \/>\njest to stowarzyszenie zwyk\u0142e, zarejestrowane w:<br \/>\nStarosta Powiatu Boche\u0144skiego \u2013 Rejestr Stowarzysze\u0144<br \/>\nzarejestrowane dnia 21.04.2107<\/b><\/h5>\n<\/div>\n<div><b>&nbsp;<\/b><\/div>\n<div><b><a href=\"mailto:kontakt@scholagierczyce.pl\">kontakt@scholagierczyce.pl<\/a><br \/>\n<\/b><\/div>\n<div><b>&nbsp;<\/b><\/div>\n<p><b>Konto stowarzyszenia:<br \/>\n57 1050 1445 1000 0090 3122 9124<br \/>\nING Bank \u015al\u0105ski SA O. w Krakowie<\/b><\/p>\n<p>&nbsp;<\/p>\n<p><iframe loading=\"lazy\" title=\"Schola z Gierczyc na festynie w Majkowicach\" width=\"474\" height=\"267\" src=\"https:\/\/www.youtube.com\/embed\/GXsuk5cdpQQ?feature=oembed\" frameborder=\"0\" allow=\"accelerometer; autoplay; clipboard-write; encrypted-media; gyroscope; picture-in-picture; web-share\" referrerpolicy=\"strict-origin-when-cross-origin\" allowfullscreen><\/iframe><\/p>\n","protected":false},"excerpt":{"rendered":"<p>Stowarzyszenie Przyjaci\u00f3\u0142 Scholi w Gierczycach celem Stowarzyszenia jest wspieranie Parafialnej Scholi ,pomoc w organizowaniu zaj\u0119\u0107 dla dzieci i m\u0142odzie\u017cy s\u0142u\u017c\u0105cym rozwojowi talent\u00f3w oraz wsp\u00f3lnej zabawy , integrowaniu lokalnej spo\u0142eczno\u015bci. jest to stowarzyszenie zwyk\u0142e, zarejestrowane w: Starosta Powiatu Boche\u0144skiego \u2013 Rejestr Stowarzysze\u0144 zarejestrowane dnia 21.04.2107 &nbsp; kontakt@scholagierczyce.pl &nbsp; Konto stowarzyszenia: 57 1050 1445 1000 0090 3122 &hellip; <a href=\"https:\/\/parafiagierczyce.pl\/?page_id=940\" class=\"more-link\">Czytaj dalej <span class=\"screen-reader-text\">INFORMACJA I OG\u0141OSZENIE<\/span> <span class=\"meta-nav\">&rarr;<\/span><\/a><\/p>\n","protected":false},"author":1,"featured_media":0,"parent":0,"menu_order":0,"comment_status":"closed","ping_status":"closed","template":"","meta":{"footnotes":"","_links_to":"","_links_to_target":""},"class_list":["post-940","page","type-page","status-publish","hentry"],"_links":{"self":[{"href":"https:\/\/parafiagierczyce.pl\/index.php?rest_route=\/wp\/v2\/pages\/940","targetHints":{"allow":["GET"]}}],"collection":[{"href":"https:\/\/parafiagierczyce.pl\/index.php?rest_route=\/wp\/v2\/pages"}],"about":[{"href":"https:\/\/parafiagierczyce.pl\/index.php?rest_route=\/wp\/v2\/types\/page"}],"author":[{"embeddable":true,"href":"https:\/\/parafiagierczyce.pl\/index.php?rest_route=\/wp\/v2\/users\/1"}],"replies":[{"embeddable":true,"href":"https:\/\/parafiagierczyce.pl\/index.php?rest_route=%2Fwp%2Fv2%2Fcomments&post=940"}],"version-history":[{"count":5,"href":"https:\/\/parafiagierczyce.pl\/index.php?rest_route=\/wp\/v2\/pages\/940\/revisions"}],"predecessor-version":[{"id":2413,"href":"https:\/\/parafiagierczyce.pl\/index.php?rest_route=\/wp\/v2\/pages\/940\/revisions\/2413"}],"wp:attachment":[{"href":"https:\/\/parafiagierczyce.pl\/index.php?rest_route=%2Fwp%2Fv2%2Fmedia&parent=940"}],"curies":[{"name":"wp","href":"https:\/\/api.w.org\/{rel}","templated":true}]}}