{"id":890,"date":"2016-05-03T14:48:10","date_gmt":"2016-05-03T13:48:10","guid":{"rendered":"http:\/\/parafiagierczyce.pl\/?page_id=890"},"modified":"2019-07-10T07:10:24","modified_gmt":"2019-07-10T05:10:24","slug":"proby-scholi","status":"publish","type":"page","link":"https:\/\/parafiagierczyce.pl\/?page_id=890","title":{"rendered":"BIE\u017b\u0104CE INFORMACJE SCHOLI"},"content":{"rendered":"<p>poni\u017cej numer konta Scholi<\/p>\n<p>57 1050 1445 1000 0090 3122 9124<br \/>\nING Bank Sl\u0105ski<br \/>\nSTOWARZYSZENIE PRZYJACI\u00d3\u0141 SCHOLI W GIERCZYCACH<\/p>\n","protected":false},"excerpt":{"rendered":"<p>poni\u017cej numer konta Scholi 57 1050 1445 1000 0090 3122 9124 ING Bank Sl\u0105ski STOWARZYSZENIE PRZYJACI\u00d3\u0141 SCHOLI W GIERCZYCACH<\/p>\n","protected":false},"author":1,"featured_media":0,"parent":0,"menu_order":0,"comment_status":"closed","ping_status":"closed","template":"","meta":{"footnotes":"","_links_to":"","_links_to_target":""},"class_list":["post-890","page","type-page","status-publish","hentry"],"_links":{"self":[{"href":"https:\/\/parafiagierczyce.pl\/index.php?rest_route=\/wp\/v2\/pages\/890","targetHints":{"allow":["GET"]}}],"collection":[{"href":"https:\/\/parafiagierczyce.pl\/index.php?rest_route=\/wp\/v2\/pages"}],"about":[{"href":"https:\/\/parafiagierczyce.pl\/index.php?rest_route=\/wp\/v2\/types\/page"}],"author":[{"embeddable":true,"href":"https:\/\/parafiagierczyce.pl\/index.php?rest_route=\/wp\/v2\/users\/1"}],"replies":[{"embeddable":true,"href":"https:\/\/parafiagierczyce.pl\/index.php?rest_route=%2Fwp%2Fv2%2Fcomments&post=890"}],"version-history":[{"count":6,"href":"https:\/\/parafiagierczyce.pl\/index.php?rest_route=\/wp\/v2\/pages\/890\/revisions"}],"predecessor-version":[{"id":2744,"href":"https:\/\/parafiagierczyce.pl\/index.php?rest_route=\/wp\/v2\/pages\/890\/revisions\/2744"}],"wp:attachment":[{"href":"https:\/\/parafiagierczyce.pl\/index.php?rest_route=%2Fwp%2Fv2%2Fmedia&parent=890"}],"curies":[{"name":"wp","href":"https:\/\/api.w.org\/{rel}","templated":true}]}}