{"id":86,"date":"2015-11-12T21:48:39","date_gmt":"2015-11-12T21:48:39","guid":{"rendered":"http:\/\/parafiagierczyce.pl\/?page_id=86"},"modified":"2018-12-09T16:23:36","modified_gmt":"2018-12-09T15:23:36","slug":"jan-pawel-ii","status":"publish","type":"page","link":"https:\/\/parafiagierczyce.pl\/?page_id=86","title":{"rendered":"JAN PAWE\u0141 II"},"content":{"rendered":"<p><a href=\"http:\/\/parafiagierczyce.pl\/wp-content\/uploads\/2015\/11\/Jan-Pawe\u0142II.png\"><img loading=\"lazy\" decoding=\"async\" class=\"size-thumbnail wp-image-210 alignnone\" src=\"http:\/\/parafiagierczyce.pl\/wp-content\/uploads\/2015\/11\/Jan-Pawe\u0142II-150x150.png\" alt=\"Jan Pawe\u0142II\" width=\"150\" height=\"150\"\/><\/a><\/p>\n<p>(18.05.1920 &#8211; 02.04.2005)<\/p>\n<p>By\u0142 mi\u0142ym, dowcipnym i dobrym cz\u0142owiekiem. Szanowa\u0142 ludzi bez wzgl\u0119du na wyznanie, wygl\u0105d czy zamo\u017cno\u015b\u0107.<\/p>\n<p>Pisa\u0142 wiersze, sztuki teatralne i dramaty (<em> Przed sklepem jubilera<\/em>, <em>Brat naszego Boga,<\/em> <em>Jeremiasz, Promieniowanie ojcostwa<\/em>). W 2003 roku opublikowa\u0142 Tryptyk rzymski.<\/p>\n<p>&nbsp;<\/p>\n<p style=\"text-align: center;\"><strong><em>Zdumienie<\/em><\/strong><\/p>\n<p style=\"text-align: center;\"><em>Zatoka lasu zst\u0119puje<\/em><\/p>\n<p style=\"text-align: center;\"><em>w rytmie g\u00f3rskich potok\u00f3w<\/em><\/p>\n<p style=\"text-align: center;\"><em>ten rytm objawia mi Ciebie,<\/em><\/p>\n<p style=\"text-align: center;\"><em>Przedwieczne S\u0142owo.<\/em><\/p>\n<p style=\"text-align: center;\"><em>Jak\u017ce przedziwne jest Twoje milczenie<\/em><\/p>\n<p style=\"text-align: center;\"><em>we wszystkim, czym zewsz\u0105d przemawia<\/em><\/p>\n<p style=\"text-align: center;\"><em>stworzony \u015bwiat&#8230;<\/em><\/p>\n<p style=\"text-align: center;\"><em>co razem z zatok\u0105 lasu<\/em><\/p>\n<p style=\"text-align: center;\"><em>zst\u0119puje w d\u00f3\u0142 ka\u017cdym zboczem&#8230;<\/em><\/p>\n<p style=\"text-align: center;\"><em>to wszystko, co z sob\u0105 unosi<\/em><\/p>\n<p style=\"text-align: center;\"><em>srebrzysta kaskada potoku,<\/em><\/p>\n<p style=\"text-align: center;\"><em>kt\u00f3ry spada z g\u00f3ry rytmicznie<\/em><\/p>\n<p style=\"text-align: center;\"><em>niesiony swym w\u0142asnym pr\u0105dem&#8230;<\/em><\/p>\n<p style=\"text-align: center;\"><em>\u2014 niesiony dok\u0105d?<\/em><\/p>\n<p style=\"text-align: center;\"><em>&nbsp;<\/em><\/p>\n<p style=\"text-align: center;\"><em>Co mi m\u00f3wisz g\u00f3rski strumieniu?<\/em><\/p>\n<p style=\"text-align: center;\"><em>w kt\u00f3rym miejscu ze mn\u0105 si\u0119 spotykasz?<\/em><\/p>\n<p style=\"text-align: center;\"><em>ze mn\u0105, kt\u00f3ry tak\u017ce przemijam \u2014<\/em><\/p>\n<p style=\"text-align: center;\"><em>podobnie jak ty&#8230;<\/em><\/p>\n<p style=\"text-align: center;\"><em>Czy podobnie jak ty?<\/em><\/p>\n<p style=\"text-align: center;\"><em>(Pozw\u00f3l mi si\u0119 tutaj zatrzyma\u0107 \u2014<\/em><\/p>\n<p style=\"text-align: center;\"><em>pozw\u00f3l mi si\u0119 zatrzyma\u0107 na progu,<\/em><\/p>\n<p style=\"text-align: center;\"><em>oto jedno z tych najprostszych zdumie\u0144.)<\/em><\/p>\n<p style=\"text-align: center;\"><em>Potok si\u0119 nie zdumiewa, gdy spada w d\u00f3\u0142<\/em><\/p>\n<p style=\"text-align: center;\"><em>i lasy milcz\u0105co zst\u0119puj\u0105 w rytmie potoku<\/em><\/p>\n<p style=\"text-align: center;\"><em>\u2014 lecz zdumiewa si\u0119 cz\u0142owiek!<\/em><\/p>\n<p style=\"text-align: center;\"><em>Pr\u00f3g, kt\u00f3ry \u015bwiat w nim przekracza,<\/em><\/p>\n<p style=\"text-align: center;\"><em>jest progiem zdumienia.<\/em><\/p>\n<p style=\"text-align: center;\"><em>(Kiedy\u015b temu w\u0142a\u015bnie zdumieniu nadano imi\u0119 \u00abAdam\u00bb.)<\/em><\/p>\n<p style=\"text-align: center;\"><em>&nbsp;<\/em><\/p>\n<p style=\"text-align: center;\"><em>By\u0142 samotny z tym swoim zdumieniem<\/em><\/p>\n<p style=\"text-align: center;\"><em>po\u015br\u00f3d istot, kt\u00f3re si\u0119 nie zdumiewa\u0142y<\/em><\/p>\n<p style=\"text-align: center;\"><em>\u2014 wystarczy\u0142o im istnie\u0107 i przemija\u0107.<\/em><\/p>\n<p style=\"text-align: center;\"><em>Cz\u0142owiek przemija\u0142 wraz z nimi<\/em><\/p>\n<p style=\"text-align: center;\"><em>na fali zdumie\u0144.<\/em><\/p>\n<p style=\"text-align: center;\"><em>Zdumiewaj\u0105c si\u0119, wci\u0105\u017c si\u0119 wy\u0142ania\u0142<\/em><\/p>\n<p style=\"text-align: center;\"><em>z tej fali, kt\u00f3ra go unosi\u0142a,<\/em><\/p>\n<p style=\"text-align: center;\"><em>jakby m\u00f3wi\u0105c wszystkiemu woko\u0142o:<\/em><\/p>\n<p style=\"text-align: center;\"><em>\u00abzatrzymaj si\u0119! \u2014 masz we mnie przysta\u0144\u00bb<\/em><\/p>\n<p style=\"text-align: center;\"><em>\u00abwe mnie jest miejsce spotkania<\/em><\/p>\n<p style=\"text-align: center;\"><em>z Przedwiecznym S\u0142owem\u00bb \u2014<\/em><\/p>\n<p style=\"text-align: center;\"><em>\u00abzatrzymaj si\u0119, to przemijanie ma sens\u00bb<\/em><\/p>\n<p style=\"text-align: center;\"><em>\u00abma sens&#8230; ma sens&#8230; ma sens!\u00bb<\/em><\/p>\n<p style=\"text-align: right;\"><em>Jan Pawe\u0142 II, Tryptyk Rzymski<\/em><\/p>\n<p><em>&nbsp;&nbsp;&nbsp;&nbsp;&nbsp;&nbsp;&nbsp;&nbsp; <\/em><\/p>\n<p><span style=\"text-decoration: underline;\">Opublikowa\u0142 ksi\u0105\u017cki<\/span>: <em>\u015awi\u0119tego Jana od Krzy\u017ca nauka o wierze, Mi\u0142o\u015b\u0107 i odpowiedzialno\u015b\u0107,&nbsp; Osoba i czyn, Znaki, kt\u00f3remu sprzeciwia\u0107 si\u0119 b\u0119d\u0105, Zagadnienie podmiotu moralno\u015bci, Elementarz etyczny, Aby Chrystus si\u0119 nami pos\u0142ugiwa\u0142, Ocena mo\u017cliwo\u015bci zbudowania etyki chrze\u015bcija\u0144skiej przy za\u0142o\u017ceniach systemu Maksa Schelera, Renesansowy psa\u0142terz,<\/em> <em>Przekroczy\u0107 pr\u00f3g nadziei, Dar i Tajemnica, Wsta\u0144cie, chod\u017amy, Pami\u0119\u0107 i to\u017csamo\u015b\u0107.<br \/>\n<\/em><\/p>\n<p>Wojty\u0142a, dla przyjaci\u00f3\u0142 Lolek, lubi\u0142 gra\u0107 w pi\u0142k\u0119 no\u017cn\u0105, najlepiej sprawdza\u0142 si\u0119 na bramce. Ju\u017c jako dziecko chodzi\u0142 r\u00f3wnie\u017c po g\u00f3rach, p\u0142ywa\u0142 i je\u017adzi\u0142 na nartach. W polskich g\u00f3rach na jego cze\u015b\u0107 powsta\u0142y tak zwan<span style=\"color: #000000;\">e <span style=\"text-decoration: underline;\">szlaki papieskie.<\/span><\/span> \u017b\u00f3\u0142tymi krzy\u017cami zosta\u0142y oznaczone trasy, kt\u00f3rymi w\u0119drowa\u0142.<\/p>\n<p>Chc\u0105c zadba\u0107 o dobr\u0105 kondycj\u0119 fizyczn\u0105 papie\u017c poprosi\u0142 o wybudowanie w Watykanie basenu. Znale\u017ali si\u0119 jednak krytycy tego pomys\u0142u. Zarzucano papie\u017cowi, \u017ce jest rozrzutny. Jan Pawe\u0142 II odpowiedzia\u0142 na te zarzuty: &#8222;To dla zdrowia. Papie\u017c musi si\u0119 rusza\u0107. Drugie konklawe b\u0119dzie dro\u017cej kosztowa\u0142o ni\u017c budowa basenu. &#8221;<\/p>\n<p>W dzieci\u0144stwie <span style=\"text-decoration: underline;\">zdarza\u0142o mu si\u0119 psoci\u0107.<\/span> Kiedy\u015b z koleg\u0105 zabra\u0142 \u015bpi\u0105cemu policjantowi szabl\u0119 aby sprawdzi\u0107, czy jest prawdziwa i nadaje si\u0119 do zabawy. Innym razem z kolegami potajemnie chcieli obejrze\u0107 pistolet ojca jednego z koleg\u00f3w. Nagle pistolet wystrzeli\u0142, nie wiadomo dlaczego. Kula przesz\u0142a bardzo blisko Lolka. Na szcz\u0119\u015bcie nic nikomu si\u0119 nie sta\u0142o.<\/p>\n<p>W szkole nie pozwala\u0142 kolegom \u015bci\u0105ga\u0107 od siebie. Uwa\u017ca\u0142, \u017ce <span style=\"text-decoration: underline;\"><span style=\"color: #000000; text-decoration: underline;\">\u015bci\u0105ganie<\/span> i podpowiadanie nie jest uczciwe<\/span>. Wyj\u0105tek uczyni\u0142 tylko na maturze. Pozwoli\u0142 przyjacielowi odpisa\u0107 t\u0142umaczenie ody Horacego z \u0142aciny na j\u0119zyk polski.<\/p>\n<p><strong>\u201ePo maturze chodzili\u015bmy na krem\u00f3wki, \u017ce\u015bmy to wytrzymali, te krem\u00f3wki po maturze&#8230;\u201d<\/strong> &#8211; powiedzia\u0142 Jan Pawe\u0142 II podczas pielgrzymki w 1999 r. do Polski. Wed\u0142ug relacji szkolnych koleg\u00f3w, Lolek za\u0142o\u017cy\u0142 si\u0119 z kolegami, kto zje najwi\u0119cej krem\u00f3wek. R\u00f3\u017cnie \u017ar\u00f3d\u0142a podaj\u0105, ale wiadomo na pewno, \u017ce Wojty\u0142a poch\u0142on\u0105\u0142 ich kilkana\u015bcie i tym samym zaj\u0105\u0142 drugie miejsce.<\/p>\n<p><span style=\"text-decoration: underline;\">Dzie\u0144 w domu Wojty\u0142\u00f3w rozpoczyna\u0142 si\u0119 i ko\u0144czy\u0142 zawsze modlitw\u0105<\/span>. Rodzina czyta\u0142a w domu Bibli\u0119. Przy drzwiach wej\u015bciowych do mieszkania wisia\u0142a porcelanowa kropielniczka z wod\u0105 \u015bwi\u0119con\u0105. Wchodz\u0105c albo wychodz\u0105c z domu Lolek macza\u0142 w niej palce i czyni\u0142 znak krzy\u017ca. Po \u015bmierci matki, Karol z ojcem w jednym pokoju urz\u0105dzili kaplic\u0119.<br \/>\nPrzed i po lekcjach Karol wst\u0119powa\u0142 zawsze do ko\u015bcio\u0142a, aby modli\u0107 si\u0119 przed obrazem Matki Bo\u017cej Nieustaj\u0105cej Pomocy. Regularnie s\u0142u\u017cy\u0142 do mszy i by\u0142 prezesem k\u00f3\u0142ka ministranckiego.<br \/>\nNa g\u00f3rskich szlakach, podczas wsp\u00f3lnej nauki z kolegami w domu czy pracuj\u0105c w fabryce \u201eSolvay\u201d, nigdy nie zapomina\u0142 o modlitwie \u201eAnio\u0142 Pa\u0144ski\u201d. Cokolwiek robi\u0142 przerywa\u0142 to, gdy tylko zbli\u017ca\u0142a si\u0119 godzina dwunasta.<\/p>\n<p><a href=\"http:\/\/parafiagierczyce.pl\/wp-content\/uploads\/2015\/11\/jpii.jpg\"><img loading=\"lazy\" decoding=\"async\" class=\"aligncenter size-full wp-image-208\" src=\"http:\/\/parafiagierczyce.pl\/wp-content\/uploads\/2015\/11\/jpii.jpg\" alt=\"jpii\" width=\"300\" height=\"347\" srcset=\"https:\/\/parafiagierczyce.pl\/wp-content\/uploads\/2015\/11\/jpii.jpg 300w, https:\/\/parafiagierczyce.pl\/wp-content\/uploads\/2015\/11\/jpii-259x300.jpg 259w\" sizes=\"auto, (max-width: 300px) 100vw, 300px\" \/><\/a><\/p>\n<p>Karol Wojty\u0142a tak jak \u015bw. Franciszek<span style=\"text-decoration: underline;\"> rozdawa\u0142 biednym<\/span> wszystko co mia\u0142 cennego. Potrafi\u0142 odda\u0107 zmarzni\u0119temu starcowi, spotkanemu na ulicy, jedyn\u0105 kurtk\u0119 zimow\u0105 jak\u0105 mia\u0142.<\/p>\n<p>Jan Pawe\u0142 II<span style=\"text-decoration: underline;\"> kocha\u0142 \u015bpiewa\u0107<\/span>. Jego ulubione piosenki to<span style=\"color: #3366ff;\"><em> Barka<\/em> i<em> G\u00f3ralu, czy ci nie \u017cal<\/em>.<\/span><\/p>\n<p>W Watykanie obok biurka papie\u017ca zawsze wisia\u0142 <span style=\"text-decoration: underline;\">stetoskop<\/span>, kt\u00f3ry odziedziczy\u0142 po swoim ukochanym bracie Edmundzie.<\/p>\n<p><span style=\"text-decoration: underline;\">By\u0142 pierwszym papie\u017cem, kt\u00f3ry odwiedzi\u0142 synagog\u0119 \u017cydowsk\u0105<\/span> w1986 r. Zach\u0119ca\u0142 do spotka\u0144 z lud\u017ami innych religii i kultur. Odwiedza\u0142 \u017cyd\u00f3w w synagogach w Rzymie, Montrealu i oczywi\u015bcie w Polsce. Spotyka\u0142 si\u0119 te\u017c z luteranami w Kopenhadze, Sztokholmie i Oslo. Odwiedza\u0142 muzu\u0142man\u00f3w w Maroku i Turcji. Rozmawia\u0142 z hinduistami w Indiach i buddystami w Tokio. Nie zapomnia\u0142 te\u017c o anglikanach z Londynu. Zdawa\u0142 sobie spraw\u0119, \u017ce takie spotkania s\u0105 potrzebne dla budowania pokoju na \u015bwiecie.<\/p>\n","protected":false},"excerpt":{"rendered":"<p>(18.05.1920 &#8211; 02.04.2005) By\u0142 mi\u0142ym, dowcipnym i dobrym cz\u0142owiekiem. Szanowa\u0142 ludzi bez wzgl\u0119du na wyznanie, wygl\u0105d czy zamo\u017cno\u015b\u0107. Pisa\u0142 wiersze, sztuki teatralne i dramaty ( Przed sklepem jubilera, Brat naszego Boga, Jeremiasz, Promieniowanie ojcostwa). W 2003 roku opublikowa\u0142 Tryptyk rzymski. &nbsp; Zdumienie Zatoka lasu zst\u0119puje w rytmie g\u00f3rskich potok\u00f3w ten rytm objawia mi Ciebie, Przedwieczne &hellip; <a href=\"https:\/\/parafiagierczyce.pl\/?page_id=86\" class=\"more-link\">Czytaj dalej <span class=\"screen-reader-text\">JAN PAWE\u0141 II<\/span> <span class=\"meta-nav\">&rarr;<\/span><\/a><\/p>\n","protected":false},"author":1,"featured_media":0,"parent":0,"menu_order":0,"comment_status":"closed","ping_status":"closed","template":"","meta":{"footnotes":"","_links_to":"","_links_to_target":""},"class_list":["post-86","page","type-page","status-publish","hentry"],"_links":{"self":[{"href":"https:\/\/parafiagierczyce.pl\/index.php?rest_route=\/wp\/v2\/pages\/86","targetHints":{"allow":["GET"]}}],"collection":[{"href":"https:\/\/parafiagierczyce.pl\/index.php?rest_route=\/wp\/v2\/pages"}],"about":[{"href":"https:\/\/parafiagierczyce.pl\/index.php?rest_route=\/wp\/v2\/types\/page"}],"author":[{"embeddable":true,"href":"https:\/\/parafiagierczyce.pl\/index.php?rest_route=\/wp\/v2\/users\/1"}],"replies":[{"embeddable":true,"href":"https:\/\/parafiagierczyce.pl\/index.php?rest_route=%2Fwp%2Fv2%2Fcomments&post=86"}],"version-history":[{"count":8,"href":"https:\/\/parafiagierczyce.pl\/index.php?rest_route=\/wp\/v2\/pages\/86\/revisions"}],"predecessor-version":[{"id":2407,"href":"https:\/\/parafiagierczyce.pl\/index.php?rest_route=\/wp\/v2\/pages\/86\/revisions\/2407"}],"wp:attachment":[{"href":"https:\/\/parafiagierczyce.pl\/index.php?rest_route=%2Fwp%2Fv2%2Fmedia&parent=86"}],"curies":[{"name":"wp","href":"https:\/\/api.w.org\/{rel}","templated":true}]}}