{"id":78,"date":"2015-11-11T20:51:10","date_gmt":"2015-11-11T20:51:10","guid":{"rendered":"http:\/\/parafiagierczyce.pl\/?page_id=78"},"modified":"2018-12-09T16:22:01","modified_gmt":"2018-12-09T15:22:01","slug":"jan-maria-vianney","status":"publish","type":"page","link":"https:\/\/parafiagierczyce.pl\/?page_id=78","title":{"rendered":"JAN MARIA VIANNEY"},"content":{"rendered":"<p><strong><em><a href=\"http:\/\/parafiagierczyce.pl\/wp-content\/uploads\/2015\/11\/jan-vianny.jpg\"><img loading=\"lazy\" decoding=\"async\" class=\"aligncenter size-full wp-image-96\" src=\"http:\/\/parafiagierczyce.pl\/wp-content\/uploads\/2015\/11\/jan-vianny.jpg\" alt=\"jan vianny\" width=\"200\" height=\"220\"\/><\/a>Urodzi\u0142 si\u0119 8 maja 1786 roku we Francji jako syn ch\u0142opa.<\/em><\/strong><\/p>\n<p><strong><em>W tym trudnym czasie dla Ko\u015bcio\u0142a Katolickiego po rewolucji francuskiej, przyj\u0105\u0142 Pierwsz\u0105 Komuni\u0119 \u015awi\u0119t\u0105 w szopie przystosowanej do odprawiania nabo\u017ce\u0144stw.<\/em><\/strong><\/p>\n<p><strong><em>Ze wzgl\u0119du na sytuacje w kraju i problemy w szkolnictwie, Jan nauczy\u0142 si\u0119 czyta\u0107 dopiero w wieku 17 lat.<\/em><\/strong><\/p>\n<p><strong><em>Mimo 10-ciu lat nauki \u0142aciny i prowadzeniu duchowemu przez proboszcza z Ecully post\u0119py w nauce mia\u0142 s\u0142abe ale wielkie pragnienie s\u0142u\u017cby Bogu jako kap\u0142an.<\/em><\/strong><\/p>\n<p><strong><em>Przyj\u0119ty do seminarium w roku 1811, dwa razy zosta\u0142 wydalony z powodu braku post\u0119p\u00f3w w nauce. Potrzeba kap\u0142an\u00f3w w archidiecezji Lyonie przyczyni\u0142a si\u0119 do pozwolenia Janowi Vianney zdawania egzamin\u00f3w nie po \u0142acinie ale po francusku, dzi\u0119ki czemu na si\u0142\u0119 i bez przekonania w jego przydatno\u015b\u0107 jako kap\u0142ana a z opatrzno\u015bci bo\u017cej uzyska\u0142 \u015bwi\u0119cenia kap\u0142a\u0144skie w roku 1815.<\/em><\/strong><\/p>\n<p><strong><em>Pocz\u0105tek drogi kap\u0142a\u0144skiej rozpocz\u0105\u0142 przy boku swojego proboszcza, ucz\u0105c si\u0119 pos\u0142ugi i wzrastaj\u0105c duchowo.<\/em><\/strong><\/p>\n<p><strong><em>Po trzech latach zosta\u0142 wys\u0142any do upadaj\u0105cej , ma\u0142ej parafii w <u>Ars<\/u> licz\u0105cej 230 os\u00f3b. O tych parafianach m\u00f3wiono, \u017ce tylko chrzest odr\u00f3\u017cnia ich od zwierz\u0105t.<\/em><\/strong><\/p>\n<p><strong><em>Ks. Jan Maria Vianney po\u015bci\u0142 przez ca\u0142e swoje \u017cycie , adorowa\u0142 godzinami Naj\u015bwi\u0119tszy Sakrament, \u017cy\u0142 w ascezie, sypia\u0142 na pod\u0142odze, du\u017co si\u0119 modli\u0142 i du\u017co spowiada\u0142 to by\u0142 jego najwi\u0119kszy dar dla wiernych.<\/em><\/strong><\/p>\n<p><strong><em>Jego kazania proste trafia\u0142y do ludu, m\u00f3wi\u0142 w nich o mi\u0142osierdziu Boga, grzechu, pokucie i odzyskaniu \u0142aski u\u015bwi\u0119caj\u0105cej.<\/em><\/strong><\/p>\n<p><strong><em>Dzi\u0119ki swojej postawie zacz\u0105\u0142 przyci\u0105ga\u0107 ludzi do Boga.<\/em><\/strong><\/p>\n<p><strong><em>Zas\u0142yn\u0105 jako spowiednik z uwag\u0105 potrafi\u0105cy wys\u0142ucha\u0107 i przenikaj\u0105cy ludzkie dusze. Z czasem jego s\u0142awa jako spowiednika rozesz\u0142a si\u0119 i dosz\u0142o do tego, \u017ce spowiada\u0142 oko\u0142o 200 -300 os\u00f3b dziennie.<\/em><\/strong><\/p>\n<p><strong><em>Z powodu pobo\u017cnego \u017cycia wiele wycierpia\u0142 od os\u00f3b, kt\u00f3rym z r\u00f3\u017cnych powod\u00f3w nie podoba\u0142o si\u0119 jego oddanie sprawie Bo\u017cej. Cz\u0119sto dr\u0119czony przez szatana w r\u00f3\u017cny spos\u00f3b, ten prosty, nie daj\u0105cy nadziei jako kap\u0142an, s\u0142abo wykszta\u0142cony ale z wielkim sercem i mi\u0142o\u015bci\u0105 do bli\u017anich i Boga.<\/em><\/strong><\/p>\n<p><strong><em>Martwi\u0105cy si\u0119 o zbawienie swoje i wiernych zdoby\u0142 tak wielkie uznanie, \u017ce po \u015bmierci 4 sierpnia 1859 roku zosta\u0142 uznany \u015bwi\u0119tym i patronem proboszcz\u00f3w. Ich \u015bwi\u0119to i jego wspomnienie jako \u015bwi\u0119tego przypada w dzie\u0144 jego \u015bmierci.<\/em><\/strong><\/p>\n<p><strong><em>Jest przyk\u0142adem jak wielu \u015bwi\u0119tych, \u017ce niczym u Boga jest m\u0105dro\u015b\u0107 tego \u015bwiata a troska o w\u0142asne zbawienie i bli\u017anich i s\u0142u\u017cba Bogu jest najwa\u017cniejsza. (1 Kor 3,16-17)<\/em><\/strong><\/p>\n<p>&nbsp;<\/p>\n","protected":false},"excerpt":{"rendered":"<p>Urodzi\u0142 si\u0119 8 maja 1786 roku we Francji jako syn ch\u0142opa. W tym trudnym czasie dla Ko\u015bcio\u0142a Katolickiego po rewolucji francuskiej, przyj\u0105\u0142 Pierwsz\u0105 Komuni\u0119 \u015awi\u0119t\u0105 w szopie przystosowanej do odprawiania nabo\u017ce\u0144stw. Ze wzgl\u0119du na sytuacje w kraju i problemy w szkolnictwie, Jan nauczy\u0142 si\u0119 czyta\u0107 dopiero w wieku 17 lat. Mimo 10-ciu lat nauki \u0142aciny &hellip; <a href=\"https:\/\/parafiagierczyce.pl\/?page_id=78\" class=\"more-link\">Czytaj dalej <span class=\"screen-reader-text\">JAN MARIA VIANNEY<\/span> <span class=\"meta-nav\">&rarr;<\/span><\/a><\/p>\n","protected":false},"author":1,"featured_media":0,"parent":0,"menu_order":0,"comment_status":"closed","ping_status":"closed","template":"","meta":{"footnotes":"","_links_to":"","_links_to_target":""},"class_list":["post-78","page","type-page","status-publish","hentry"],"_links":{"self":[{"href":"https:\/\/parafiagierczyce.pl\/index.php?rest_route=\/wp\/v2\/pages\/78","targetHints":{"allow":["GET"]}}],"collection":[{"href":"https:\/\/parafiagierczyce.pl\/index.php?rest_route=\/wp\/v2\/pages"}],"about":[{"href":"https:\/\/parafiagierczyce.pl\/index.php?rest_route=\/wp\/v2\/types\/page"}],"author":[{"embeddable":true,"href":"https:\/\/parafiagierczyce.pl\/index.php?rest_route=\/wp\/v2\/users\/1"}],"replies":[{"embeddable":true,"href":"https:\/\/parafiagierczyce.pl\/index.php?rest_route=%2Fwp%2Fv2%2Fcomments&post=78"}],"version-history":[{"count":5,"href":"https:\/\/parafiagierczyce.pl\/index.php?rest_route=\/wp\/v2\/pages\/78\/revisions"}],"predecessor-version":[{"id":2405,"href":"https:\/\/parafiagierczyce.pl\/index.php?rest_route=\/wp\/v2\/pages\/78\/revisions\/2405"}],"wp:attachment":[{"href":"https:\/\/parafiagierczyce.pl\/index.php?rest_route=%2Fwp%2Fv2%2Fmedia&parent=78"}],"curies":[{"name":"wp","href":"https:\/\/api.w.org\/{rel}","templated":true}]}}