{"id":71,"date":"2015-11-11T20:46:07","date_gmt":"2015-11-11T20:46:07","guid":{"rendered":"http:\/\/parafiagierczyce.pl\/?page_id=71"},"modified":"2018-12-09T16:20:04","modified_gmt":"2018-12-09T15:20:04","slug":"ciekawostki-z-zycia-swietych","status":"publish","type":"page","link":"https:\/\/parafiagierczyce.pl\/?page_id=71","title":{"rendered":"CIEKAWOSTKI Z \u017bYCIA \u015aWI\u0118TYCH"},"content":{"rendered":"<h3><strong><span style=\"color: #ff0000; font-size: large;\">\u201eNic nie jest bardziej nieu\u017cyteczne od chrze\u015bcijanina, kt\u00f3ry nie przyczynia si\u0119 do zbawienia innych\u201d \u2013 \u015bw. Cyprian<\/span><\/strong><\/h3>\n","protected":false},"excerpt":{"rendered":"<p>\u201eNic nie jest bardziej nieu\u017cyteczne od chrze\u015bcijanina, kt\u00f3ry nie przyczynia si\u0119 do zbawienia innych\u201d \u2013 \u015bw. Cyprian<\/p>\n","protected":false},"author":1,"featured_media":0,"parent":0,"menu_order":0,"comment_status":"closed","ping_status":"closed","template":"","meta":{"footnotes":"","_links_to":"","_links_to_target":""},"class_list":["post-71","page","type-page","status-publish","hentry"],"_links":{"self":[{"href":"https:\/\/parafiagierczyce.pl\/index.php?rest_route=\/wp\/v2\/pages\/71","targetHints":{"allow":["GET"]}}],"collection":[{"href":"https:\/\/parafiagierczyce.pl\/index.php?rest_route=\/wp\/v2\/pages"}],"about":[{"href":"https:\/\/parafiagierczyce.pl\/index.php?rest_route=\/wp\/v2\/types\/page"}],"author":[{"embeddable":true,"href":"https:\/\/parafiagierczyce.pl\/index.php?rest_route=\/wp\/v2\/users\/1"}],"replies":[{"embeddable":true,"href":"https:\/\/parafiagierczyce.pl\/index.php?rest_route=%2Fwp%2Fv2%2Fcomments&post=71"}],"version-history":[{"count":3,"href":"https:\/\/parafiagierczyce.pl\/index.php?rest_route=\/wp\/v2\/pages\/71\/revisions"}],"predecessor-version":[{"id":2402,"href":"https:\/\/parafiagierczyce.pl\/index.php?rest_route=\/wp\/v2\/pages\/71\/revisions\/2402"}],"wp:attachment":[{"href":"https:\/\/parafiagierczyce.pl\/index.php?rest_route=%2Fwp%2Fv2%2Fmedia&parent=71"}],"curies":[{"name":"wp","href":"https:\/\/api.w.org\/{rel}","templated":true}]}}