{"id":443,"date":"2015-12-09T19:29:45","date_gmt":"2015-12-09T18:29:45","guid":{"rendered":"http:\/\/parafiagierczyce.pl\/?page_id=443"},"modified":"2018-12-09T16:30:09","modified_gmt":"2018-12-09T15:30:09","slug":"ochotnicza-straz-pozarna-gierczyce","status":"publish","type":"page","link":"https:\/\/parafiagierczyce.pl\/?page_id=443","title":{"rendered":"Ochotnicza Stra\u017c Po\u017carna Gierczyce"},"content":{"rendered":"<p class=\"western\" style=\"text-align: left;\">W chwili obecnej trudno jest ustali\u0107 konkretn\u0105 dat\u0119 powstania naszej stra\u017cy. By\u0142 to proces trwaj\u0105cy kilka lat, od 1908 do 1912 roku.Pierwsza wzmianki datowane s\u0105 ju\u017c w 1908r. Z Ksi\u0105g parafialnychi zapis\u00f3w w ksi\u0119dze og\u0142osze\u0144 parafialnych znajduj\u0105cych si\u0119&nbsp; w Che\u0142mie wynika, \u017ce wie\u015b gn\u0119bi\u0142y cz\u0119ste po\u017cary. Pod dat\u0105 1908 r. zapisano w ksi\u0119dze og\u0142osze\u0144 parafialnych (str. 438) nast\u0119puj\u0105ce s\u0142owa: &#8222;Celem zorganizowania stra\u017cy ogniowej zapraszam wszystkich w\u00f3jt\u00f3w z parafii tutejszej na narad\u0119 we wtorek po nabo\u017ce\u0144stwie. W\u00f3jtowie niech tymczasem om\u00f3wi\u0105 t\u0119 spraw\u0119 w swojej gminie i niech wybadaj\u0105 czy rada gminy by\u0142aby sk\u0142onna w\u0142o\u017cy\u0107 jak\u0105\u015b kwot\u0119 do swego bud\u017cetu na sprawienie sikawki&#8221;. Takow\u0105 sikawk\u0119 zakupiono, kt\u00f3rej cena wynosi\u0142a 1100 koron austriackich. Wykonawc\u0105 jej by\u0142o Pierwsze Galicyjskie Towarzystwo Akcyjne Budowy Maszyn &nbsp; &nbsp; &nbsp; &nbsp; &nbsp; &nbsp; &nbsp; &nbsp; &nbsp; &nbsp;&nbsp; i Wagon\u00f3w w Sanoku. Natomiast jednym z fundator\u00f3w sikawki by\u0142 Antoni G\u00f3rski &#8211; profesor Uniwersytetu Jagiello\u0144skiego oraz w\u0142a\u015bciciel dworu, w kt\u00f3rym w ubieg\u0142ych latach znajdowa\u0142a si\u0119 kaplica ko\u015bcielna.<\/p>\n<p class=\"western\" style=\"text-align: left;\">W ksi\u0119dze parafialnej pod rokiem 1911 (str. 19) zapisano: &#8221; Jutro odb\u0119dzie si\u0119 po sumie po\u015bwi\u0119cenie sikawki stra\u017cy ochotniczej ogniowej z Gierczyc pod ko\u015bcio\u0142em&#8221;.<\/p>\n<p class=\"western\" style=\"text-align: left;\">Zakupiony sprz\u0119t okaza\u0142 si\u0119 bardzo dobrej jako\u015bci gdy\u017c pompa ta pracowa\u0142a a\u017c do 1965 roku. By\u0142a to sikawka czteroko\u0142owa, jednocylindrowa, 20m w\u0119\u017ca, jedna pr\u0105dnica, 4m w\u0119\u017ca ss\u0105cego. Na wyposa\u017ceniu sikawki by\u0142y dwa bosaki, jedna drabina, jedna latarnia, siedem wiaderek p\u0142\u00f3ciennych, jeden beczkow\u00f3z blaszany, trzyna\u015bcie he\u0142m\u00f3w stalowych. Sikawka ta by\u0142a ci\u0105gni\u0119ta przez zaprz\u0119g konny.&nbsp;&nbsp; W ostatnim okresie do jej u\u017cytkowania by\u0142 u\u017cywany zaprz\u0119g konny od Pana Tadeusza Strojka.<\/p>\n<p class=\"western\" style=\"text-align: left;\">W 2001 roku zosta\u0142a wyremontowana i ustawiona jako symbol stra\u017cy. Mo\u017cemy j\u0105 zobaczy\u0107 obok sklepu.<\/p>\n<p class=\"western\" style=\"text-align: left;\">W roku 1965 jednostka otrzyma\u0142a motopomp\u0119 PO-3. Wyposa\u017cenie jednostki w sprz\u0119t poprawia\u0142o si\u0119 systematycznie. W 1986r otrzymali samoch\u00f3d marki \u017buk.<\/p>\n<p class=\"western\" style=\"text-align: left;\">W 1995r zosta\u0142a przydzielona motopompa PO-5, a w roku 1997 nowocze\u015bniejsza PO-8 z silnikiem Hondy. Dwie ostatnie motopompy s\u0142u\u017c\u0105 do dnia dzisiejszego.<\/p>\n<p class=\"western\" style=\"text-align: left;\">W maju 2005 roku zakupiono z funduszy w\u0142asnych i dotacji Urz\u0119du Gminy samoch\u00f3d po\u017carniczy typu Mercedes 209D.<\/p>\n<p class=\"western\" style=\"text-align: left;\">Stra\u017cacy postarali si\u0119 o jego niezb\u0119dne wyposa\u017cenie. Samoch\u00f3d zosta\u0142 sprowadzony z Niemiec, ma ju\u017c swoje lata, ale nadal s\u0142u\u017cy&nbsp;&nbsp;&nbsp;&nbsp;&nbsp;&nbsp;&nbsp;&nbsp;&nbsp; w r\u00f3\u017cnych akcjach.<\/p>\n<p class=\"western\" style=\"text-align: left;\">Siedzib\u0105 stra\u017cy jest murowana remiza znajduj\u0105ca si\u0119 w budynku \u015bwietlicy wiejskiej. Powsta\u0142a ona w okresie mi\u0119dzywojennym. Systematycznie jest ona remontowana i modernizowana.&nbsp;&nbsp;&nbsp;&nbsp;&nbsp;&nbsp;&nbsp;&nbsp;&nbsp;&nbsp;&nbsp;&nbsp;&nbsp;&nbsp;&nbsp;&nbsp;&nbsp;&nbsp;&nbsp;&nbsp;&nbsp;&nbsp;&nbsp;&nbsp; W ostatnich latach zosta\u0142a ona powi\u0119kszona o pomieszczenie socjalne wyodr\u0119bnione z lokalu \u015bwietlicy. Dokonano r\u00f3wnie\u017c wymiany bramy wjazdowej, wraz z jej poszerzeniem.<\/p>\n<p class=\"western\" style=\"text-align: left;\">W 2001 roku dzi\u0119ki zgodzie Rady Gminy i Pana W\u00f3jta stra\u017c otrzyma\u0142a w u\u017cytkowanie teren rekreacyjny znajduj\u0105cy si\u0119 naprzeciwko remizy. Stra\u017cacy dbaj\u0105 o jego stan i wyposa\u017cenie.&nbsp;&nbsp;&nbsp;&nbsp;&nbsp;&nbsp;&nbsp;&nbsp;&nbsp;&nbsp;&nbsp;&nbsp;&nbsp; W ostatnim okresie od 2010 r do 2015 zosta\u0142o odnowione zadaszenie nad scen\u0105 , wylano p\u0142yt\u0119 betonowa, wymieniono ogrodzenie od strony drogi oraz wybudowano now\u0105 altan\u0119. Odbywaj\u0105 si\u0119 tam festyny oraz imprezy plenerowe.<\/p>\n<p class=\"western\" style=\"text-align: left;\">Ochotnicza Stra\u017c Po\u017carna to nie tylko sprz\u0119t, pomieszczenia, teren. S\u0105 to przede wszystkim ludzie &#8211; ochotnicy, cz\u0142onkowie stra\u017cy oraz akcje w jakich brali udzia\u0142. Inicjatorem utworzenia stra\u017cy ogniowej w naszej wsi by\u0142 Antoni Michalczyk w\u0142a\u015bciciel baru. By\u0142 on jednocze\u015bnie jej pierwszym prezesem. W okresie przedwojennym w 1936r stra\u017c ogniowa liczy\u0142a 16 cz\u0142onk\u00f3w. Naczelnikiem by\u0142 Gajek Edward jego zast\u0119pc\u0105 Michalczyk Czes\u0142aw. Po rezygnacji w grudniu 1936 r&nbsp;&nbsp;&nbsp;&nbsp;&nbsp;&nbsp;&nbsp;&nbsp;&nbsp;&nbsp;&nbsp;&nbsp;&nbsp;&nbsp;&nbsp;&nbsp; z naczelnika Edwarda Gajka naczelnikiem zosta\u0142 druh Michalczyk Czes\u0142aw.<\/p>\n<p class=\"western\" style=\"text-align: left;\">Z tego okresu ciekawostk\u0105 jest, \u017ce w roku 1939 w kwietniu powo\u0142ano \u017ce\u0144ski oddzia\u0142. Liczy\u0142 on 9 os\u00f3b a by\u0142y to druhny: Zaj\u0105c Janina, Michalczyk Maria, Obra\u0142 Julia, Raczek Otylia, Michalczyk Anna, Obra\u0142 Cecylia, Michalczyk Stanis\u0142awa, Pazdalska El\u017cbieta, Ko\u0142odziej Stanis\u0142awa.<\/p>\n<p class=\"western\" style=\"text-align: left;\">W okresie powojennym w roku 1946 jednostka liczy\u0142a 22 cz\u0142onk\u00f3w. Naczelnikiem zosta\u0142 wybrany w dniu 17. XI Rachwalski Alojzy, a jego zast\u0119pc\u0105 Gajek Antoni. W nast\u0119pnej kadencji od roku 1951 sk\u0142ad Zarz\u0105du wybrany zosta\u0142 w nast\u0119puj\u0105cym sk\u0142adzie: Prezes &#8211; Cie\u015bla J\u00f3zef, Z-ca &#8211; Chwastek W\u0142adys\u0142aw, Naczelnik &#8211; Rachwalski Alojzy, Z-ca &#8211; Gajek Antoni, Gospodarz &#8211; Gajek Franciszek, Sekretarz &#8211; Jawie\u0144 Witold, Skarbnik &#8211; Kuchno Adolf. W tym sk\u0142adzie dzia\u0142a\u0142 on do 1958 roku. Nast\u0119pny zarz\u0105d zosta\u0142 wybrany w sk\u0142adzie: Prezes &#8211; Strojek Tadeusz, Naczelnik &#8211; Cie\u015bla J\u00f3zef, Z-ca &#8211; Gajek Antoni, Sekretarz &#8211; Jawie\u0144 Witold, Skarbnik &#8211; Gajek Marian. W 1964 roku z naczelnika zrezygnowa\u0142 Cie\u015bla J\u00f3zef. W jego miejsce wybrano Maciuszka W\u0142odzimierza.<\/p>\n<p class=\"western\" style=\"text-align: left;\">Przez nast\u0119pne lata prezesami zarz\u0105du byli: Maciuszek Bogdan, Gumuli\u0144ski Jan, Zaj\u0105c Mieczys\u0142aw, Naczelnikami: Filipczyk Henryk, Kwa\u015bny Henryk, Gajek Piotr.<\/p>\n<p class=\"western\" style=\"text-align: left;\">Stra\u017cacy z OSP w Gierczycach brali udzia\u0142 w wielu dzia\u0142aniach bojowych. Takich jak po\u017cary, powodzie, wichury, poszukiwanie zaginionych os\u00f3b.<\/p>\n<p class=\"western\" style=\"text-align: left;\">Wymieni\u0107 mo\u017cna tutaj dwie powodzie gdzie stra\u017cacy wykazali najwi\u0119ksze po\u015bwi\u0119cenie i hart ducha. W roku 2001 po nawa\u0142nicy zalane zosta\u0142y miejscowo\u015bci Stradomka i Buczyna. Woda wyrz\u0105dzi\u0142a wiele szk\u00f3d, kt\u00f3re usuwali stra\u017cacy.<\/p>\n<p class=\"western\" style=\"text-align: left;\">Druga pow\u00f3d\u017a w roku 2010, kt\u00f3ra utkwi\u0142a bardzo w \u015bwiadomo\u015bci mieszka\u0144com. Trwa\u0142a ona prawie przez miesi\u0105c od po\u0142owy maja do 10 czerwca. Jednostka wyje\u017cd\u017ca\u0142a przez kilkana\u015bcie dni, aby ratowa\u0107 mienie i dobytek mieszka\u0144c\u00f3w Gierczyc oraz \u0141apczycy, D\u0105browicy, Prosz\u00f3wek, Cikowic. Szczeg\u00f3lnie w tych akcjach wyr\u00f3\u017cnili si\u0119 druhowie: Gumuli\u0144ski Mariusz, Nawrot Micha\u0142, Nawrot Maciej, Gajek Dawid, W\u0142odarczyk \u0141ukasz.<\/p>\n<p class=\"western\" style=\"text-align: left;\">Dostali podzi\u0119kowania od Prezydenta Polski. Poza akcjami druhowie bior\u0105 r\u00f3wnie\u017c udzia\u0142 w zawodach sportowo-po\u017carniczych. W 2000 r podczas turnieju gminnego w Siedlce jednostka zaj\u0119\u0142a I miejsce. W pozosta\u0142ych latach wyniki by\u0142y mniej atrakcyjne. Stra\u017cacy bior\u0105 te\u017c udzia\u0142 w r\u00f3\u017cnych uroczysto\u015bciach zwi\u0105zanych ze \u015bwi\u0119tami narodowymi i religijnymi.<\/p>\n<p class=\"western\" style=\"text-align: left;\"><img loading=\"lazy\" decoding=\"async\" class=\"alignnone size-medium wp-image-489\" src=\"http:\/\/parafiagierczyce.pl\/wp-content\/uploads\/2015\/12\/IMG_6011-300x225.jpg\" alt=\"IMG_6011\" width=\"300\" height=\"225\" srcset=\"https:\/\/parafiagierczyce.pl\/wp-content\/uploads\/2015\/12\/IMG_6011-300x225.jpg 300w, https:\/\/parafiagierczyce.pl\/wp-content\/uploads\/2015\/12\/IMG_6011-1024x768.jpg 1024w, https:\/\/parafiagierczyce.pl\/wp-content\/uploads\/2015\/12\/IMG_6011.jpg 1971w\" sizes=\"auto, (max-width: 300px) 100vw, 300px\" \/><\/p>\n<p class=\"western\" style=\"text-align: left;\"><img loading=\"lazy\" decoding=\"async\" class=\"alignnone size-medium wp-image-488\" src=\"http:\/\/parafiagierczyce.pl\/wp-content\/uploads\/2015\/12\/IMG_5276-300x169.jpg\" alt=\"IMG_5276\" width=\"300\" height=\"169\" srcset=\"https:\/\/parafiagierczyce.pl\/wp-content\/uploads\/2015\/12\/IMG_5276-300x169.jpg 300w, https:\/\/parafiagierczyce.pl\/wp-content\/uploads\/2015\/12\/IMG_5276-1024x576.jpg 1024w, https:\/\/parafiagierczyce.pl\/wp-content\/uploads\/2015\/12\/IMG_5276.jpg 1970w\" sizes=\"auto, (max-width: 300px) 100vw, 300px\" \/><\/p>\n<p class=\"western\" style=\"text-align: left;\">Za wzorow\u0105 dzia\u0142alno\u015b\u0107 jednostka zosta\u0142a uhonorowana sztandarem, kt\u00f3ry zosta\u0142 uroczy\u015bcie po\u015bwi\u0119cony w dniu 27 maja 1996 roku. W roku 2012 obchodzi\u0142a uroczy\u015bcie 100 lecie powstania, zosta\u0142a odznaczona Z\u0142otym Znakiem Zwi\u0105zku Ochotniczych Stra\u017cy Po\u017carnych RP.<\/p>\n","protected":false},"excerpt":{"rendered":"<p>W chwili obecnej trudno jest ustali\u0107 konkretn\u0105 dat\u0119 powstania naszej stra\u017cy. By\u0142 to proces trwaj\u0105cy kilka lat, od 1908 do 1912 roku.Pierwsza wzmianki datowane s\u0105 ju\u017c w 1908r. Z Ksi\u0105g parafialnychi zapis\u00f3w w ksi\u0119dze og\u0142osze\u0144 parafialnych znajduj\u0105cych si\u0119&nbsp; w Che\u0142mie wynika, \u017ce wie\u015b gn\u0119bi\u0142y cz\u0119ste po\u017cary. Pod dat\u0105 1908 r. zapisano w ksi\u0119dze og\u0142osze\u0144 parafialnych &hellip; <a href=\"https:\/\/parafiagierczyce.pl\/?page_id=443\" class=\"more-link\">Czytaj dalej <span class=\"screen-reader-text\">Ochotnicza Stra\u017c Po\u017carna Gierczyce<\/span> <span class=\"meta-nav\">&rarr;<\/span><\/a><\/p>\n","protected":false},"author":1,"featured_media":0,"parent":0,"menu_order":0,"comment_status":"closed","ping_status":"closed","template":"","meta":{"footnotes":"","_links_to":"","_links_to_target":""},"class_list":["post-443","page","type-page","status-publish","hentry"],"_links":{"self":[{"href":"https:\/\/parafiagierczyce.pl\/index.php?rest_route=\/wp\/v2\/pages\/443","targetHints":{"allow":["GET"]}}],"collection":[{"href":"https:\/\/parafiagierczyce.pl\/index.php?rest_route=\/wp\/v2\/pages"}],"about":[{"href":"https:\/\/parafiagierczyce.pl\/index.php?rest_route=\/wp\/v2\/types\/page"}],"author":[{"embeddable":true,"href":"https:\/\/parafiagierczyce.pl\/index.php?rest_route=\/wp\/v2\/users\/1"}],"replies":[{"embeddable":true,"href":"https:\/\/parafiagierczyce.pl\/index.php?rest_route=%2Fwp%2Fv2%2Fcomments&post=443"}],"version-history":[{"count":5,"href":"https:\/\/parafiagierczyce.pl\/index.php?rest_route=\/wp\/v2\/pages\/443\/revisions"}],"predecessor-version":[{"id":2419,"href":"https:\/\/parafiagierczyce.pl\/index.php?rest_route=\/wp\/v2\/pages\/443\/revisions\/2419"}],"wp:attachment":[{"href":"https:\/\/parafiagierczyce.pl\/index.php?rest_route=%2Fwp%2Fv2%2Fmedia&parent=443"}],"curies":[{"name":"wp","href":"https:\/\/api.w.org\/{rel}","templated":true}]}}