{"id":284,"date":"2015-11-24T22:13:13","date_gmt":"2015-11-24T21:13:13","guid":{"rendered":"http:\/\/parafiagierczyce.pl\/?page_id=284"},"modified":"2018-12-09T16:20:46","modified_gmt":"2018-12-09T15:20:46","slug":"swieta-siostra-faustyna-kowalska","status":"publish","type":"page","link":"https:\/\/parafiagierczyce.pl\/?page_id=284","title":{"rendered":"\u015awi\u0119ta Siostra Faustyna Kowalska"},"content":{"rendered":"<p align=\"center\"><span style=\"color: #ff0066;\"><span style=\"font-family: Times New Roman,serif;\"><span style=\"font-size: large;\"><b>aposto\u0142ka Mi\u0142osierdzia Bo\u017cego<\/b><\/span><\/span><\/span><\/p>\n<p align=\"center\"><span style=\"font-family: Times New Roman,serif;\">(25.08.1905r. \u2013 05.10.1938r.)<\/span><\/p>\n<p align=\"justify\"><span style=\"font-family: Times New Roman,serif;\"> Siostra Faustyna pochodzi\u0142a z bardzo ubogiej rodziny. Do ko\u015bcio\u0142a chodzi\u0142a w\u00f3wczas, gdy przypada\u0142a na ni\u0105 kolej noszenia \u015bwi\u0105tecznej sukienki. Od 14 roku \u017cycia pomaga\u0142a rodzinie pracuj\u0105c jako s\u0142u\u017c\u0105ca. <\/span><\/p>\n<p align=\"justify\"><span style=\"font-family: Times New Roman,serif;\">W 1<\/span><span style=\"font-family: Times New Roman,serif;\">92<\/span><span style=\"font-family: Times New Roman,serif;\">5 r.<\/span><span style=\"font-family: Times New Roman,serif;\"> wst\u0105pi\u0142a do Zgromadzenia Si\u00f3str Matki Bo\u017cej Mi\u0142osierdzia <\/span><span style=\"font-family: Times New Roman,serif;\">w Warszawie <\/span><span style=\"font-family: Times New Roman,serif;\">i rozpocz\u0119\u0142a postulat. W klasztorze pe\u0142ni\u0142a obowi\u0105zki kucharki, ogrodniczki i furtianki. <\/span><\/p>\n<p align=\"justify\"><span style=\"font-family: Times New Roman,serif;\"> Siostra Faustyna na wyra\u017ane polecenie Pana Jezusa i ze wzgl\u0119du na nakaz swego spowiednika pisa\u0142a <i>Dzienniczek, <\/i>w kt\u00f3rym zawar\u0142a swe mistyczne prze\u017cycia, prorocze wizje i objawienia.<i> <\/i>Ca\u0142e dzie\u0142o sk\u0142ada si\u0119 z 6 zeszyt\u00f3w o r\u00f3\u017cnej obj\u0119to\u015bci oraz zeszytu zatytu\u0142owanego <i>Moje przygotowanie do Komunii \u015bw.<\/i>. R\u0119kopis nie ma \u017cadnych poprawek ani skre\u015ble\u0144, jedynie o\u0142\u00f3wkiem zosta\u0142y podkre\u015blone s\u0142owa Jezusa. Dzienniczek, dla u\u0142atwienia cytowania fragment\u00f3w, zosta\u0142 podzielony na 1828 punkt\u00f3w. Jeden punkt to jeden lub kilka akapit\u00f3w. <\/span><\/p>\n<h2 class=\"western\" align=\"center\"><span style=\"font-family: Times New Roman,serif;\"><a href=\"http:\/\/www.faustyna.pl\/zmbm\/dzienniczek-sw-siostry-faustyny\/#\" target=\"_blank\">Pe\u0142ny tekst &#8222;Dzienniczka&#8221; <\/a><\/span><\/h2>\n<h2 class=\"western\" align=\"center\"><span style=\"font-family: Times New Roman,serif;\"><a href=\"http:\/\/www.faustyna.pl\/zmbm\/dzienniczek-sw-siostry-faustyny\/#\" target=\"_blank\">\u015bw. Siostry Faustyny <\/a><\/span><\/h2>\n<p align=\"center\"><span style=\"font-family: Times New Roman,serif;\"><a href=\"http:\/\/www.faustyna.pl\/zmbm\/dzienniczek-sw-siostry-faustyny\/\">http:\/\/www.faustyna.pl\/zmbm\/dzienniczek-sw-siostry-faustyny\/<\/a><\/span><\/p>\n<p align=\"justify\"><span style=\"font-family: Times New Roman,serif;\">Jezus przedstawi\u0142 Siostrze Faustynie 5 form kultu Mi\u0142osierdzia Bo\u017cego:<\/span><\/p>\n<ul>\n<li>\n<p align=\"justify\"><span style=\"font-family: Times New Roman,serif;\">obraz <\/span><span style=\"font-family: Times New Roman,serif;\"><i>Jezu ufam Tobie<\/i><\/span><\/p>\n<\/li>\n<li>\n<p align=\"justify\"><span style=\"font-family: Times New Roman,serif;\">Koronk<\/span><span style=\"font-family: Times New Roman,serif;\">\u0119 <\/span><span style=\"font-family: Times New Roman,serif;\">do Mi\u0142osierdzia Bo\u017cego <\/span><\/p>\n<\/li>\n<li>\n<p align=\"justify\"><span style=\"font-family: Times New Roman,serif;\">Godzin<\/span><span style=\"font-family: Times New Roman,serif;\">\u0119<\/span><span style=\"font-family: Times New Roman,serif;\"> Mi\u0142osierdzia <\/span><span style=\"font-family: Times New Roman,serif;\">Bo\u017cego &#8211; <\/span><span style=\"font-family: Times New Roman,serif;\">czas konania Jezusa Chrystusa na krzy\u017cu (w godzinach od 15-ej do 16-ej), w kt\u00f3rym Jezus obiecuje udziela\u0107 wszelkich \u0142ask, o kt\u00f3re wierni prosi\u0107 b\u0119d\u0105 przez Mi\u0142osierdzie Bo\u017ce dla grzesznik\u00f3w<\/span><span style=\"font-family: Times New Roman,serif;\">, <\/span><\/p>\n<\/li>\n<li>\n<p align=\"justify\"><span style=\"font-family: Times New Roman,serif;\">\u015a<\/span><span style=\"font-family: Times New Roman,serif;\">wi\u0119t<\/span><span style=\"font-family: Times New Roman,serif;\">o<\/span><span style=\"font-family: Times New Roman,serif;\"> Mi\u0142osierdzia Bo\u017cego (w pierwsz\u0105 niedziel\u0119 po Wielkanocy), <\/span><\/p>\n<\/li>\n<li>\n<p align=\"justify\"><span style=\"font-family: Times New Roman,serif;\">szerzenie Mi\u0142osierdzia Bo\u017cego,<\/span><\/p>\n<\/li>\n<\/ul>\n<p align=\"justify\"><span style=\"font-family: Times New Roman,serif;\"> Objawienia jakie opisa\u0142a Faustyna w swoim dzienniczku dotyczy\u0142y r\u00f3wnie\u017c powo\u0142ania do \u017cycia nowego zgromadzenia, kt\u00f3re by podj\u0119\u0142o zadanie wypraszania mi\u0142osierdzia dla \u015bwiata (<\/span><span style=\"font-family: Times New Roman,serif;\"><u>Apostolski Ruch Bo\u017cego Mi\u0142osierdzia<\/u><\/span><span style=\"font-family: Times New Roman,serif;\">).<\/span><\/p>\n<p align=\"justify\"><span style=\"font-family: Times New Roman,serif;\"> Zapisa\u0142a r\u00f3wnie\u017c polecenie Jezusa Chrystusa \u017c\u0105daj\u0105cego, by zosta\u0142o za\u0142o\u017cone nowe zgromadzenie g\u0142osz\u0105ce na ca\u0142y \u015bwiat kult Mi\u0142osierdzia Bo\u017cego. Zgromadzenie to mia\u0142o r\u00f3wnie\u017c zrzesza\u0107 wszystkich \u015bwieckich wiernych Ko\u015bcio\u0142a katolickiego. Nakaz ten urzeczywistni\u0142 si\u0119 wraz z powo\u0142aniem do \u017cycia <\/span><span style=\"font-family: Times New Roman,serif;\"><u>Zgromadzenia Si\u00f3str Jezusa Mi\u0142osiernego <\/u><\/span><span style=\"font-family: Times New Roman,serif;\">i powo\u0142aniem \u015bwieckiego <\/span><span style=\"font-family: Times New Roman,serif;\"><u>Apostolskiego Ruchu Bo\u017cego Mi\u0142osierdzia. <\/u><\/span><\/p>\n<p align=\"center\"><span style=\"color: #800000;\"><span style=\"font-family: Times New Roman,serif;\"><b><strong><span style=\"font-family: Times New Roman,Bold;\">PAN JEZUS POLECA \u015aW. FAUSTYNIE NAMALOWA\u0106 <\/span><\/strong><\/b><\/span><\/span><\/p>\n<p align=\"center\"><strong><span style=\"color: #800000;\"><span style=\"font-family: Times New Roman,Bold;\">OBRAZ \u201e<\/span><\/span><\/strong><strong><span style=\"color: #800000;\"><span style=\"font-family: Times New Roman,Bold;\"><i>JEZU UFAM TOBIE\u201d <\/i><\/span><\/span><\/strong><strong><span style=\"color: #800000;\"><span style=\"font-family: Times New Roman,Bold;\">(1931r.)<\/span><\/span><\/strong><\/p>\n<p><span style=\"font-family: Times New Roman,serif;\">Wieczorem, kiedy by\u0142am w celi, ujrza\u0142am Pana Jezusa ubranego w szacie bia\u0142ej.Jedna r\u0119ka wzniesiona do b\u0142ogos\u0142awie\u0144stwa, a druga dotyka\u0142a szaty na piersiach. Z uchylenia szaty na piersiach wychodzi\u0142y dwa wielkie promienie, jeden czerwony, a drugi blady. W milczeniu wpatrywa\u0142am si\u0119 w Pana, dusza moja by\u0142a przej\u0119ta boja\u017ani\u0105, ale i rado\u015bci\u0105 wielk\u0105. Po chwili powiedzia\u0142 mi Jezus: <\/span><span style=\"font-family: Times New Roman,serif;\"><b>W<\/b><\/span><strong><span style=\"font-family: Times New Roman,serif;\">ymaluj obraz wed\u0142ug rysunku, kt\u00f3ry widzisz,<\/span><\/strong> <strong><span style=\"font-family: Times New Roman,serif;\">z<\/span><\/strong><strong><span style=\"font-family: Times New Roman,serif;\"> podpisem: Jezu ufam Tobie. Pragn\u0119, aby obraz ten czczono najpierw w kaplicy waszej i na ca\u0142ym \u015bwiecie. <\/span><\/strong><span style=\"font-family: Times New Roman,serif;\">(Dz 4<\/span><span style=\"font-family: Times New Roman,serif;\">4<\/span><span style=\"font-family: Times New Roman,serif;\">)<\/span><\/p>\n<p><span style=\"font-family: Times New Roman,serif;\"><b> Blady promie\u0144 oznacza wod\u0119, kt\u00f3ra usprawiedliwia dusz\u0119, czerwony promie\u0144 oznacza krew, kt\u00f3ra jest \u017cyciem dusz. <\/b><\/span><strong><span style=\"font-family: Times New Roman,serif;\"><b>Te dwa promienie wysz\u0142y z wn\u0119trzno\u015bci Mi\u0142osierdzia Mojego w\u00f3wczas, kiedy konaj\u0105ce Serce Moje zosta\u0142o w\u0142\u00f3czni\u0105 otwarte na krzy\u017cu. Te promienie os\u0142aniaj\u0105 dusze przed zagniewaniem Ojca Mojego. Szcz\u0119\u015bliwy, kto w ich cieniu \u017cy\u0107 b\u0119dzie, bo nie dosi\u0119gnie go sprawiedliwa r\u0119ka Boga. <\/b><\/span><\/strong><span style=\"font-family: Times New Roman,serif;\"><b>(Dz 299)<\/b><\/span><\/p>\n<p><strong><span style=\"font-family: Times New Roman,serif;\"> Obiecuj\u0119, \u017ce dusza, kt\u00f3ra czci\u0107 b\u0119dzie ten obraz, nie zginie. Obiecuj\u0119 tak\u017ce, ju\u017c tu na ziemi zwyci\u0119stwo nad nieprzyjaci\u00f3\u0142mi, a szczeg\u00f3lnie w godzin\u0119 \u015bmierci. Ja Sam broni\u0107 j\u0105 b\u0119d\u0119 jako Swej chwa\u0142y. <\/span><\/strong><span style=\"font-family: Times New Roman,serif;\">(Dz 48)<\/span><\/p>\n<p><strong><span style=\"font-family: Times New Roman,serif;\"> Ja pragn\u0119, aby by\u0142o Mi\u0142osierdzia \u015bwi\u0119to. Chc\u0119, aby ten obraz, kt\u00f3ry wymalujesz p\u0119dzlem, \u017ceby by\u0142 uroczy\u015bcie po\u015bwi\u0119cony w pierwsz\u0105 niedziel\u0119 po Wielkanocy, ta niedziela ma by\u0107 \u015awi\u0119tem <\/span><\/strong><strong><span style=\"font-family: Times New Roman,serif;\">M<\/span><\/strong><strong><span style=\"font-family: Times New Roman,serif;\">i\u0142osierdzia.&nbsp; <\/span><\/strong><span style=\"font-family: Times New Roman,serif;\">(Dz 49)<\/span><\/p>\n<p align=\"center\"><span style=\"color: #800000;\"><span style=\"font-family: Times New Roman,serif;\"><b>&nbsp;&nbsp;&nbsp; KORONKA DO MI\u0141OSIERDZIA BO\u017bEGO&nbsp;&nbsp;&nbsp;&nbsp;&nbsp;&nbsp;&nbsp;&nbsp;&nbsp;&nbsp;&nbsp;&nbsp;&nbsp;&nbsp;&nbsp;&nbsp;&nbsp;&nbsp;&nbsp;&nbsp;&nbsp;&nbsp;&nbsp;&nbsp;&nbsp;&nbsp;&nbsp;&nbsp;&nbsp;&nbsp;&nbsp;&nbsp;&nbsp;&nbsp;&nbsp;&nbsp;&nbsp;&nbsp; (do odmawiania na zwyk\u0142ej cz\u0105stce r\u00f3\u017ca\u0144ca \u2013 5 dziesi\u0105tek)<\/b><\/span><\/span><\/p>\n<p><span style=\"font-family: Times New Roman,serif;\">Na pocz\u0105tku: <\/span><\/p>\n<p><span style=\"color: #0000ff;\"><span style=\"font-family: Times New Roman,serif;\"><b>Ojcze nasz&#8230;,<\/b><\/span><\/span><\/p>\n<p><span style=\"color: #0000ff;\"><span style=\"font-family: Times New Roman,serif;\"><b>Zdrowa\u015b Maryjo&#8230;,<\/b><\/span><\/span><\/p>\n<p><span style=\"color: #0000ff;\"><span style=\"font-family: Times New Roman,serif;\"><b>Wierz\u0119 w Boga&#8230;&nbsp;&nbsp;&nbsp;&nbsp;&nbsp;&nbsp;&nbsp;&nbsp;&nbsp;&nbsp;&nbsp;&nbsp;&nbsp;&nbsp;&nbsp;&nbsp;&nbsp;&nbsp;&nbsp;&nbsp;&nbsp;&nbsp;&nbsp;&nbsp;&nbsp;&nbsp;&nbsp;&nbsp;&nbsp;&nbsp;&nbsp;&nbsp;&nbsp;&nbsp;&nbsp;&nbsp;&nbsp;&nbsp;&nbsp;&nbsp;&nbsp;&nbsp;&nbsp;&nbsp;&nbsp;&nbsp;&nbsp;&nbsp;&nbsp;&nbsp;&nbsp;&nbsp;&nbsp;&nbsp;&nbsp;&nbsp;&nbsp;&nbsp;&nbsp;&nbsp;&nbsp;&nbsp;&nbsp;&nbsp;&nbsp;&nbsp;&nbsp;&nbsp;&nbsp;&nbsp;&nbsp;&nbsp;&nbsp;&nbsp;&nbsp;&nbsp;&nbsp;&nbsp;&nbsp;&nbsp;&nbsp;&nbsp;&nbsp;&nbsp;&nbsp; <\/b><\/span><\/span><\/p>\n<p><span style=\"font-family: Times New Roman,serif;\">Na du\u017cych paciorkach (1 raz): <\/span><span style=\"color: #0000ff;\"><span style=\"font-family: Times New Roman,serif;\"><b>Ojcze Przedwieczny, ofiaruj\u0119 Ci Cia\u0142o i Krew, Dusz\u0119 i B\u00f3stwo najmilszego Syna Twojego, a Pana naszego Jezusa Chrystusa na przeb\u0142aganie za grzechy nasze i ca\u0142ego \u015bwiata.&nbsp;&nbsp;&nbsp; <\/b><\/span><\/span><\/p>\n<p><span style=\"font-family: Times New Roman,serif;\">Na ma\u0142ych paciorkach (10 razy): <\/span><span style=\"color: #0000ff;\"><span style=\"font-family: Times New Roman,serif;\"><b>Dla Jego bolesnej m\u0119ki miej mi\u0142osierdzie dla nas i ca\u0142ego \u015bwiata.&nbsp;&nbsp;&nbsp;&nbsp;&nbsp;&nbsp;&nbsp;&nbsp; <\/b><\/span><\/span><\/p>\n<p><span style=\"font-family: Times New Roman,serif;\">Na zako\u0144czenie (3 razy): <span style=\"color: #0000ff;\"><b>\u015awi\u0119ty Bo\u017ce, \u015awi\u0119ty Mocny, \u015awi\u0119ty Nie\u015bmiertelny zmi\u0142uj si\u0119 nad nami i nad ca\u0142ym \u015bwiate<\/b><\/span><span style=\"color: #0000ff;\"><b>m<\/b><\/span><span style=\"color: #0000ff;\"><b>.<\/b><\/span> <\/span><\/p>\n<p><span style=\"font-family: Times New Roman,serif;\">Z odmawianiem koronki do Mi\u0142osierdzia Bo\u017cego Jezus przekaza\u0142 takie obietnice: <\/span><strong><span style=\"font-family: Times New Roman,serif;\">Ktokolwiek b\u0119dzie j\u0105 <\/span><\/strong><strong><span style=\"font-family: Times New Roman,serif;\">odmawia\u0142, dost\u0105pi wielkiego mi\u0142osierdzia w godzin\u0119 \u015bmierci. Kap\u0142ani b\u0119d\u0105 podawa\u0107 grzesznikom, jako ostatni\u0105 desk\u0119 ratunku; chocia\u017cby by\u0142 grzesznik najzatwardzialszy, je\u017celi raz tylko zm\u00f3wi t\u0119 koronk\u0119, dost\u0105pi \u0142aski z niesko\u0144czonego mi\u0142osierdzia Mojego. Pragn\u0119, aby pozna\u0142 \u015bwiat ca\u0142y mi\u0142osierdzie Moje; niepoj\u0119tych \u0142ask <\/span><\/strong><strong><span style=\"font-family: Times New Roman,serif;\">p<\/span><\/strong><strong><span style=\"font-family: Times New Roman,serif;\">ragn\u0119 udziela\u0107 duszom, kt\u00f3re ufaj\u0105 Mojemu mi\u0142osierdziu.<\/span><\/strong><span style=\"font-family: Times New Roman,serif;\">(Dz.687)&nbsp;&nbsp;&nbsp;&nbsp;&nbsp;&nbsp;&nbsp;&nbsp;&nbsp;&nbsp;&nbsp;&nbsp;&nbsp;&nbsp;&nbsp;&nbsp;&nbsp;&nbsp;&nbsp;&nbsp;&nbsp;&nbsp;&nbsp;&nbsp;&nbsp;&nbsp;&nbsp;&nbsp;&nbsp;&nbsp;&nbsp;&nbsp;&nbsp;&nbsp;&nbsp;&nbsp;&nbsp;&nbsp;&nbsp;&nbsp;&nbsp;&nbsp;&nbsp;&nbsp;&nbsp;&nbsp;&nbsp;&nbsp;&nbsp;&nbsp;&nbsp;&nbsp;&nbsp;&nbsp;&nbsp;&nbsp;&nbsp;&nbsp;&nbsp;&nbsp;&nbsp;&nbsp;&nbsp;&nbsp;&nbsp;&nbsp;&nbsp;&nbsp;&nbsp;&nbsp;&nbsp;&nbsp;&nbsp;&nbsp;&nbsp;&nbsp;&nbsp;&nbsp;&nbsp;&nbsp;&nbsp;&nbsp;&nbsp;&nbsp;&nbsp;&nbsp;&nbsp;&nbsp;&nbsp;&nbsp;&nbsp;&nbsp;&nbsp;&nbsp; <\/span><\/p>\n<p><strong><span style=\"font-family: Times New Roman,serif;\">Ka\u017cd\u0105 dusz\u0119 broni\u0119 w <\/span><\/strong><strong><span style=\"font-family: Times New Roman,serif;\">godzinie \u015bmierci, jako swej chwa\u0142y, kt\u00f3ra odmawia\u0107 b\u0119dzie t\u0119 koronk\u0119, albo przy konaj\u0105cym inni odm\u00f3wi\u0105, jednak odpustu tego samego dost\u0119puj\u0105. Kiedy przy konaj\u0105cym odmawiaj\u0105 t\u0119 koronk\u0119, u\u015bmierza si\u0119 gniew Bo\u017cy, a mi\u0142osierdzie niezg\u0142\u0119bione ogarnia dusz\u0119 i porusz\u0105 si\u0119 wn\u0119trzno\u015bci Mi\u0142osierdzia Mojego, dla Bolesnej M\u0119ki Syna Mojego. <\/span><\/strong><span style=\"font-family: Times New Roman,serif;\">(Dz. 811)&nbsp;&nbsp;&nbsp;&nbsp;&nbsp;&nbsp;&nbsp;&nbsp;&nbsp;&nbsp;&nbsp;&nbsp;&nbsp;&nbsp;&nbsp;&nbsp;&nbsp;&nbsp;&nbsp;&nbsp;&nbsp;&nbsp;&nbsp;&nbsp; <\/span><\/p>\n<p><strong><span style=\"font-family: Times New Roman,serif;\"><b>Przez <\/b><\/span><\/strong><strong><span style=\"font-family: Times New Roman,serif;\"><b>odmawianie tej koronki podoba Mi si\u0119 da\u0107 wszystko o co mnie prosi\u0107 b\u0119d\u0105. Zatwardziali grzesznicy, gdy j\u0105 odmawia\u0107 b\u0119d\u0105, nape\u0142ni\u0119 dusze ich spokojem., a godzina \u015bmierci ich <\/b><\/span><\/strong><span style=\"font-family: Times New Roman,serif;\"><b>b\u0119dzie szcz\u0119\u015bliwa. <\/b><\/span><span style=\"font-family: Times New Roman,serif;\"><b>(\u2026) <\/b><\/span><strong><span style=\"font-family: Times New Roman,serif;\"><b>\u017cadna dusza, kt\u00f3ra wzywa\u0142a mi\u0142osierdzia Mojego nie zawiod\u0142a si\u0119, ani nie dozna\u0142a zawstydzenia. Mam szczeg\u00f3lne upodobanie w duszy, kt\u00f3ra zaufa\u0142a dobroci Mojej. <\/b><\/span><\/strong><strong><span style=\"font-family: Times New Roman,serif;\"><b>(\u2026) <\/b><\/span><\/strong><strong><span style=\"font-family: Times New Roman,serif;\"><b>gdy t\u0119 koronk\u0119 przy konaj\u0105cych odmawia\u0107 b\u0119d\u0105, stan\u0119 pomi\u0119dzy Ojcem, a dusz\u0105 konaj\u0105c\u0105 nie jako S\u0119dzia sprawiedliwy, ale jako Zbawiciel mi\u0142osierny<\/b><\/span><\/strong><span style=\"font-family: Times New Roman,serif;\"><b>. <\/b><\/span><span style=\"font-family: Times New Roman,serif;\">(Dz. 1541)&nbsp;&nbsp;&nbsp;&nbsp;&nbsp;&nbsp;&nbsp;&nbsp;&nbsp;&nbsp;&nbsp;&nbsp;&nbsp;&nbsp;&nbsp;&nbsp;&nbsp;&nbsp;&nbsp;&nbsp;&nbsp;&nbsp;&nbsp;&nbsp;&nbsp; <\/span><\/p>\n<p><strong><span style=\"font-family: Times New Roman,serif;\">W nabo\u017ce\u0144stwie objawionym \u015bwi\u0119tej siostrze Faustynie Jezus podkre\u015bla potrzeb\u0119 codziennego praktykowania mi\u0142osierdzia wobec bli\u017anich. <\/span><\/strong><strong><span style=\"color: #ff3333;\"><span style=\"font-family: Times New Roman,serif;\">Podaj\u0119 ci trzy sposoby czynienia mi\u0142osierdzia bli\u017anim: pierwszy &#8211; <\/span><\/span><\/strong><strong><span style=\"color: #ff3333;\"><span style=\"font-family: Times New Roman,serif;\"><u>czyn<\/u><\/span><\/span><\/strong><strong><span style=\"color: #ff3333;\"><span style=\"font-family: Times New Roman,serif;\">, <\/span><\/span><\/strong><strong><span style=\"color: #ff3333;\"><span style=\"font-family: Times New Roman,serif;\">drugi &#8211; <\/span><\/span><\/strong><strong><span style=\"color: #ff3333;\"><span style=\"font-family: Times New Roman,serif;\"><u>s\u0142owo,<\/u><\/span><\/span><\/strong><strong><span style=\"color: #ff3333;\"><span style=\"font-family: Times New Roman,serif;\"> trzeci &#8211; <\/span><\/span><\/strong><strong><span style=\"color: #ff3333;\"><span style=\"font-family: Times New Roman,serif;\"><u>modlitwa<\/u><\/span><\/span><\/strong><strong><span style=\"font-family: Times New Roman,serif;\"><u>;<\/u><\/span><\/strong><strong><span style=\"font-family: Times New Roman,serif;\"> w tych trzech stopniach zawiera si\u0119 pe\u0142nia mi\u0142osierdzia i jest niezbitym dowodem mi\u0142o\u015bci ku Mnie. W ten spos\u00f3b dusza wys\u0142awia i oddaje Cze\u015b\u0107 mi\u0142osierdziu Mojemu. Tak, pierwsz<\/span><\/strong><strong><span style=\"font-family: Times New Roman,serif;\">a<\/span><\/strong><strong><span style=\"font-family: Times New Roman,serif;\"> niedziela po Wielkanocy jest \u015bwi\u0119tem Mi\u0142osierdzia, ale musi by\u0107 i czyn i \u017c\u0105dam czci dla Mojego mi\u0142osierdzia przez obchodzenie uroczy\u015bcie tego \u015bwi\u0119ta i przez cze\u015b\u0107 tego obrazu, kt\u00f3ry jest namalowany. Przez obraz ten, udziel\u0119 wiele \u0142ask duszom, on ma przypomina\u0107 \u017c\u0105dania Mojego Mi\u0142osierdzia, bo nawet wiara najsi1niejsza nic nie pomo\u017ce bez uczynk\u00f3w.<\/span><\/strong><span style=\"font-family: Times New Roman,serif;\">(Dz. 742)<\/span><\/p>\n","protected":false},"excerpt":{"rendered":"<p>aposto\u0142ka Mi\u0142osierdzia Bo\u017cego (25.08.1905r. \u2013 05.10.1938r.) Siostra Faustyna pochodzi\u0142a z bardzo ubogiej rodziny. Do ko\u015bcio\u0142a chodzi\u0142a w\u00f3wczas, gdy przypada\u0142a na ni\u0105 kolej noszenia \u015bwi\u0105tecznej sukienki. Od 14 roku \u017cycia pomaga\u0142a rodzinie pracuj\u0105c jako s\u0142u\u017c\u0105ca. W 1925 r. wst\u0105pi\u0142a do Zgromadzenia Si\u00f3str Matki Bo\u017cej Mi\u0142osierdzia w Warszawie i rozpocz\u0119\u0142a postulat. W klasztorze pe\u0142ni\u0142a obowi\u0105zki kucharki, ogrodniczki &hellip; <a href=\"https:\/\/parafiagierczyce.pl\/?page_id=284\" class=\"more-link\">Czytaj dalej <span class=\"screen-reader-text\">\u015awi\u0119ta Siostra Faustyna Kowalska<\/span> <span class=\"meta-nav\">&rarr;<\/span><\/a><\/p>\n","protected":false},"author":1,"featured_media":0,"parent":0,"menu_order":0,"comment_status":"closed","ping_status":"closed","template":"","meta":{"footnotes":"","_links_to":"","_links_to_target":""},"class_list":["post-284","page","type-page","status-publish","hentry"],"_links":{"self":[{"href":"https:\/\/parafiagierczyce.pl\/index.php?rest_route=\/wp\/v2\/pages\/284","targetHints":{"allow":["GET"]}}],"collection":[{"href":"https:\/\/parafiagierczyce.pl\/index.php?rest_route=\/wp\/v2\/pages"}],"about":[{"href":"https:\/\/parafiagierczyce.pl\/index.php?rest_route=\/wp\/v2\/types\/page"}],"author":[{"embeddable":true,"href":"https:\/\/parafiagierczyce.pl\/index.php?rest_route=\/wp\/v2\/users\/1"}],"replies":[{"embeddable":true,"href":"https:\/\/parafiagierczyce.pl\/index.php?rest_route=%2Fwp%2Fv2%2Fcomments&post=284"}],"version-history":[{"count":5,"href":"https:\/\/parafiagierczyce.pl\/index.php?rest_route=\/wp\/v2\/pages\/284\/revisions"}],"predecessor-version":[{"id":2403,"href":"https:\/\/parafiagierczyce.pl\/index.php?rest_route=\/wp\/v2\/pages\/284\/revisions\/2403"}],"wp:attachment":[{"href":"https:\/\/parafiagierczyce.pl\/index.php?rest_route=%2Fwp%2Fv2%2Fmedia&parent=284"}],"curies":[{"name":"wp","href":"https:\/\/api.w.org\/{rel}","templated":true}]}}