{"id":21,"date":"2016-09-04T13:40:43","date_gmt":"2016-09-04T12:40:43","guid":{"rendered":"http:\/\/parafiagierczyce.pl\/?page_id=21"},"modified":"2026-05-10T18:54:57","modified_gmt":"2026-05-10T16:54:57","slug":"intencje-mszy-swietych","status":"publish","type":"page","link":"https:\/\/parafiagierczyce.pl\/?page_id=21","title":{"rendered":"INTENCJE MSZY \u015aWI\u0118TYCH"},"content":{"rendered":"\n<h3 class=\"wp-block-heading\" id=\"ftoc-heading-7\">Maj 2026<\/h3>\n\n\n\n<p><strong>Aby wszyscy mieli dost\u0119p do po\u017cywienia<\/strong><br \/>M\u00f3dlmy si\u0119, aby wszyscy \u2013 od du\u017cych producent\u00f3w po drobnych konsument\u00f3w \u2013 unikali marnowania \u017cywno\u015bci i d\u0105\u017cyli do zapewnienia ka\u017cdemu dost\u0119pu do po\u017cywienia dobrej jako\u015bci.<\/p>\n\n\n\n<p><strong>INTENCJE MSZALNE \u2013 VI NIEDZIELA WIELKANOCNA<\/strong><\/p>\n\n\n\n<figure class=\"wp-block-table\"><table class=\"has-fixed-layout\"><tbody><tr><td><strong>Dzie\u0144<\/strong><\/td><td><strong>Godz.<\/strong><\/td><td><strong>Intencja<\/strong><\/td><\/tr><tr><td><strong>PONIEDZIA\u0141EK<\/strong><\/td><td><strong>18<\/strong><sup><u><strong>00<\/strong><\/u><\/sup><\/td><td>Z pro\u015bb\u0105 o Bo\u017ce b\u0142., opiek\u0119 Matki Bo\u017cej Bolesnej, zachowanie od nieszcz\u0119\u015b\u0107 i urodzaje dla mieszka\u0144c\u00f3w D\u0105browicy i Grabiny.<\/td><\/tr><tr><td><strong>WTOREK<\/strong><\/td><td><strong>18<\/strong><sup><u><strong>00<\/strong><\/u><\/sup><\/td><td>Z pro\u015bb\u0105 o Bo\u017ce b\u0142., opiek\u0119 Matki Bo\u017cej Bolesnej, zachowanie od nieszcz\u0119\u015b\u0107 i urodzaje dla mieszka\u0144c\u00f3w Czy\u017cyczki.<\/td><\/tr><tr><td><strong>\u015aRODA<\/strong><\/td><td><strong>18<\/strong><sup><u><strong>00<\/strong><\/u><\/sup><\/td><td>Z pro\u015bb\u0105 o Bo\u017ce b\u0142., opiek\u0119 Matki Bo\u017cej Bolesnej, zachowanie od nieszcz\u0119\u015b\u0107 i urodzaje dla mieszka\u0144c\u00f3w Gierczyc.<\/td><\/tr><tr><td><strong>CZWARTEK<\/strong><\/td><td><strong>18<\/strong><sup><u><strong>00<\/strong><\/u><\/sup><\/td><td>\u2020 <strong>Stanis\u0142aw, Maria, W\u0142adys\u0142aw, J\u00f3zef, Zdzis\u0142aw <\/strong>Tynka z ok. imienin Stanis\u0142awa.<\/td><\/tr><tr><td><strong>PI\u0104TEK<\/strong><\/td><td><strong>18<\/strong><sup><u><strong>00<\/strong><\/u><\/sup><\/td><td>\u2020 <strong>Stefania, Adolf, Zdzis\u0142aw<\/strong> Michniak.<\/td><\/tr><tr><td rowspan=\"2\"><strong>SOBOTA<\/strong><\/td><td><strong>8<\/strong><sup><u><strong>00<\/strong><\/u><\/sup><\/td><td>\u2020 Kap\u0142ani: ks. <strong>Stanis\u0142aw<\/strong> Pilch, ks. <strong>Antoni<\/strong> Tworek.<\/td><\/tr><tr><td><strong>14<\/strong><sup><u><strong>00<\/strong><\/u><\/sup><\/td><td><strong>\u015alub: Fojut &#8211; Stachowicz<\/strong><\/td><\/tr><tr><td rowspan=\"3\"><strong>NIEDZIELA<\/strong><br \/><\/td><td><strong>7<\/strong><sup><u><strong>30<\/strong><\/u><\/sup><\/td><td>\u2020 <strong>Gra\u017cyna<\/strong> Noskowicz.<\/td><\/tr><tr><td><strong>10<\/strong><sup><u><strong>00<\/strong><\/u><\/sup><\/td><td>\u2020 <strong>Janina<\/strong> Berkowicz w 22 rocz. \u015amierci.<\/td><\/tr><tr><td><strong>13<\/strong><sup><u><strong>30<\/strong><\/u><\/sup><\/td><td>\u2020 <strong>J\u00f3zef<\/strong> Migda\u0142 w 10 rocz. \u015amierci z int. \u017cony i dzieci.<\/td><\/tr><\/tbody><\/table><\/figure>\n\n\n\n<p><strong>11 V \u2013 17 V 2026 roku<\/strong><\/p>\n\n\n\n<p><strong>Poza parafi\u0105 sprawowane s\u0105 Msze \u015bw. greg. za zmar\u0142ych \u015bp.: Amali\u0119 Palczewsk\u0105, Jadwig\u0119 Ogar i Joann\u0119 Pilch<\/strong><\/p>\n\n\n\n<p><strong>Dzi\u0119kuj\u0119 za zam\u00f3wione intencje i z\u0142o\u017cone ofiary. B\u00f3g zap\u0142a\u0107!<\/strong><\/p>\n\n\n\n<p><strong>04 V \u2013 10 V 2026 roku<\/strong><\/p>\n\n\n\n<p><strong>Od dzisiejszego dnia poza parafi\u0105 sprawowane s\u0105 Msze \u015bw. greg. za zmar\u0142\u0105 \u015bp. Amali\u0119 Palczewsk\u0105 a nadto sprawowane s\u0105 Msze \u015bw. za zmar\u0142ych \u015bp.: Jadwig\u0119 Ogar, Joann\u0119 Pilch, Bogdana Maciuszka, Helen\u0119 Garbula i Tadeusza Jawienia.<\/strong><\/p>\n\n\n\n<p><strong>Dzi\u0119kuj\u0119 za zam\u00f3wione intencje i z\u0142o\u017cone ofiary. B\u00f3g zap\u0142a\u0107!<\/strong><\/p>\n\n\n\n<p><strong>Msze \u015bw. gregoria\u0144skie sprawowane poza parafi\u0105 za zmar\u0142\u0105 \u015bp.<\/strong> <strong>Amali\u0119 Palczewsk\u0105 z int.:<\/strong><\/p>\n\n\n\n<ol class=\"wp-block-list\">\n<li>Teresy M\u0119tel<\/li>\n\n\n\n<li>Rodziny Fil\u00f3w<\/li>\n\n\n\n<li>Pana ko\u015bcielnego z rodzin\u0105<\/li>\n\n\n\n<li>El\u017cbiety i Mariana Zag\u00f3rskich<\/li>\n\n\n\n<li>Kuzynki Mieczys\u0142awy z m\u0119\u017cem<\/li>\n\n\n\n<li>Kuzyna Bogus\u0142awa Oberwan z \u017con\u0105<\/li>\n\n\n\n<li>Cecylii Zwierniak<\/li>\n\n\n\n<li>Rodziny Dyl\u0105g\u00f3w<\/li>\n\n\n\n<li>Rodziny Palczewskich z Cichawki<\/li>\n\n\n\n<li>Jadwigi i Waldemara Tynk\u00f3w z dzie\u0107mi<\/li>\n\n\n\n<li>Antoniego Palczewskiego z rodzin\u0105<\/li>\n\n\n\n<li>Angeliki i Jana<\/li>\n\n\n\n<li>Rodziny Lesiak<\/li>\n\n\n\n<li>Ewy i Paw\u0142a Filipowicz z rodzin\u0105<\/li>\n\n\n\n<li>Adama Jawieni z rodzin a<\/li>\n\n\n\n<li>R\u00f3\u017cy \u015bw. Rity z Che\u0142mu<\/li>\n\n\n\n<li>S\u0105siad\u00f3w i przyjaci\u00f3\u0142 z G\u00f3rnego Siedlca<\/li>\n\n\n\n<li>Jak wy\u017cej<\/li>\n\n\n\n<li>Jak wy\u017cej<\/li>\n\n\n\n<li>Rodziny Cagl\u00f3w z G\u00f3rnego Siedlca<\/li>\n\n\n\n<li>Rodziny Fryt\u00f3w<\/li>\n\n\n\n<li>Jak wy\u017cej<\/li>\n\n\n\n<li>Rozalii Maciuszek z rodzin\u0105<\/li>\n\n\n\n<li>Rodziny G\u0105sior\u00f3w<\/li>\n\n\n\n<li>Stanis\u0142awy i Stanis\u0142awa Chmielk\u00f3w<\/li>\n\n\n\n<li>Jolanty Korbut<\/li>\n\n\n\n<li>Justyny i Marcina Korbut<\/li>\n\n\n\n<li>S\u0105siad\u00f3w Doroty i Zdzis\u0142awa Samek z dzie\u0107mi<\/li>\n\n\n\n<li>Doroty i Jerzego Pilch z rodzin\u0105<\/li>\n\n\n\n<li>Rodziny Bielak\u00f3w z Siedlca<\/li>\n<\/ol>\n\n\n\n<p><strong>Od 1 maja poza parafi\u0105 sprawowane b\u0119d\u0105 Msze \u015bw. greg. za zmar\u0142ych \u015bp.: Jadwig\u0119 Ogar i Joann\u0119 Pilch a nadto w dalszym ci\u0105gu sprawowane s\u0105 Msze \u015bw. greg. za zmar\u0142ych \u015bp.: Bogdana Maciuszka, Helen\u0119 Garbula i Tadeusza Jawienia.<\/strong><\/p>\n\n\n\n<p><strong>Dzi\u0119kuj\u0119 za zam\u00f3wione intencje i z\u0142o\u017cone ofiary. B\u00f3g zap\u0142a\u0107!<\/strong><\/p>\n\n\n\n<p><strong>Msze \u015bw. gregoria\u0144skie sprawowane od 1 maja poza parafi\u0105<\/strong><\/p>\n\n\n\n<figure class=\"wp-block-table\"><table class=\"has-fixed-layout\"><tbody><tr><td><strong>+ Jadwiga Ogar z int.:<\/strong><\/td><td><strong>+ Joanna Pilch z int.:<\/strong><\/td><\/tr><tr><td>1.Syna z rodzin\u0105 2. Jak wy\u017cej 3. Jak wy\u017cej 4. Jak wy\u017cej 5. Jak wy\u017cej 6. Jak wy\u017cej 7. Jak wy\u017cej 8. Jak wy\u017cej 9. S\u0105siad\u00f3w z Radomia 10. Wnuczki Weroniki 11. Wnuka Arkadiusza 12. Wnuka Krzysztofa z rodzin\u0105 13. Rodziny Kurleto ze \u015awi\u0105tnik 14. Aliny i Adama Sitko 15. Artura Tynki i rodziny Tynk\u00f3w 16. S\u0105siad\u00f3w Flasz\u00f3w 17. Krystyny Fojut 18. Sylwii Kajser z rodzin\u0105 19. Anny Michniak 20. Kole\u017canek i koleg\u00f3w z pracy synowej dworca PKP w Bochni 21. Jak wy\u017cej 22. W\u0142adys\u0142awy Ochel 23. Bernadetty i Rafa\u0142a Mordarskich 24. Moniki i Janusza Piekarczyk\u00f3w 25. Moniki i Kamila Piekarczyk\u00f3w 26. Wojciecha i Anny Ochel\u00f3w 27. Rafa\u0142a Ochela 28. Aleksandry i Dariusza Grzesik 29. Teresy M\u0119tel 30. Nauczycieli, pracownik\u00f3w obs\u0142ugi i administracji Sz. P. w D\u0105browicy<br \/><\/td><td>1. Stanis\u0142awy \u0141ach 2. Franciszki B\u0142a\u017cewicz 3. Kuzynki Renaty 4. Kuzyna Krzysztofa 5. Rodziny Zag\u00f3rskich z Grabiny 6. Grona Pedagog., pracownik\u00f3w obs\u0142ugi i administracji oraz emeryt\u00f3w Sz. P. w D\u0105browicy 7. Rodziny Bojan\u00f3w 8. Kolegi S\u0142awka Brydniaka z rodzin\u0105 9. Rady So\u0142eckiej w D\u0105browicy 10. Kole\u017canek instrumentariuszek Bloku operacyjnego siostry Arlety 11. Kole\u017canek dzia\u0142u higieny Bloku operacyjnego siostry Arlety 12. Kole\u017canek siostry Arlety 13. Doroty i Stanis\u0142awa Golonk\u00f3w 14. Rodziny Tomczykowskich 15. Bogus\u0142awy i Stanis\u0142awa Broszkiewicz\u00f3w z Pogwizdowa 16. Krystyny i Adama Skowronk\u00f3w 17. Dzieci i rodzic\u00f3w Oddzia\u0142y Przedszkolnego w D\u0105browicy 18. Uczni\u00f3w, rodzic\u00f3w i wychowawczyni z Kl. II Sz. P. w D\u0105browicy 19. Jadwigi i Waldemara Tynk\u00f3w 20. Tadeusza Stachniaka z Pierzchowa 21. Rodziny Wo\u017aniak\u00f3w z Grabiny 22. Teresy M\u0119tel 23. S\u0105siad\u00f3w Flasz\u00f3w 24. S\u0105siad\u00f3w Janik\u00f3w 25. Kuzynki El\u017cbiety z rodzin\u0105 26. Anity i Piotra Flasz\u00f3w 27. Anny i Jaros\u0142awa Ogar 28. Bernadetty i Rafa\u0142a Mordarskich 29. Rodziny Stok\u0142os\u00f3w ze Stradomki 30. El\u017cbiety i Mariana Pilch z rodzin\u0105<\/td><\/tr><\/tbody><\/table><\/figure>\n\n\n\n<p><strong>Poza parafi\u0105 sprawowane s\u0105 Msze \u015bw. greg. za zmar\u0142ych \u015bp.: Bogdana Maciuszka, Helen\u0105 Garbula i Tadeusza Jawienia.<\/strong><\/p>\n\n\n\n<p><strong>Dzi\u0119kuj\u0119 za zam\u00f3wione intencje i z\u0142o\u017cone ofiary. B\u00f3g zap\u0142a\u0107!<\/strong><\/p>\n\n\n\n<p><strong>Od jutrzejszego dnia poza parafi\u0105 b\u0119d\u0105 sprawowane Msze \u015bw. greg. za zmar\u0142ych \u015bp.: Bogdana Maciuszka i Helen\u0105 Garbula a nadto sprawowane s\u0105 Msze \u015bw. greg. za zmar\u0142ego \u015bp. Tadeusza Jawienia.<\/strong><\/p>\n\n\n\n<p><strong>W minionym tygodniu prze\u017cywszy 48 lat, Pan B\u00f3g powo\u0142a\u0142 do siebie Joann\u0119 Pilch z D\u0105browicy. Jej nie\u015bmierteln\u0105 dusz\u0119 pole\u0107my Mi\u0142osiernemu Bogu: Dobry Jezu &#8230;<\/strong><\/p>\n\n\n\n<p><strong>Msze \u015bw. greg. sprawowane poza parafi\u0105<\/strong><\/p>\n\n\n\n<figure class=\"wp-block-table\"><table class=\"has-fixed-layout\"><tbody><tr><td><strong>+ Bogdan Maciuszek z int.:<\/strong><\/td><td><strong>+ Helena Garbula z int.:<\/strong><\/td><\/tr><tr><td>S\u0105siad\u00f3w Gajk\u00f3w i Solak\u00f3w Stanis\u0142awa Chmielka Krystyny, Marii i J\u00f3zefa Cagiel OSP Gierczyce Kolegi Henryka z Grabiny Ma\u0142gorzaty Kosteckiej Kuzyna Mietka z rodzin\u0105 Marii i Mateusza Kachniarz Krzy\u015bka Pietruszki ze Szczyrzyca Andrzeja i Marty Szczurek z rodzin\u0105 S\u0105siad\u00f3w W\u0142odarczyk\u00f3w Joanny \u015awi\u0119ch z rodzin\u0105 Micha\u0142a Maciuszka z rodzin\u0105 Marka Pagacza z \u0141apczycy Kolegi Bogdana Gajka z rodzin\u0105 Kuzyna Jana Rutka Kuzyna Zbigniewa Rutka Agaty i Artura Jeziorek z Bochni Rodziny Domoni\u00f3w z Gdowa Jana Maciuszka z rodzin\u0105 Grzegorza Maciuszka z rodzin\u0105 Agnieszki i Piotra W\u0142odek Lucyny i Stanis\u0142awa Cagiel Zofii i Stanis\u0142awa Maciuszek Moniki i Marka Czesak\u00f3w Marzeny i Grzegorza Kupc\u00f3w Rodziny Kozub\u00f3w Piotra Maciuszka z rodzin\u0105 Antoniego Maciuszka i rodziny Samk\u00f3w Rodziny Kit\u00f3w z Nieszkowic<br \/><br \/><\/td><td>Gra\u017cyny i Krzysztofa Kr\u00f3l z Nieprze\u015bni Rodziny G\u0105dk\u00f3w z \u0141apczycy Rodziny G\u00f3reckich z \u0141apczycy Krystyny Strza\u0142ka z Bochni Szczepana Strza\u0142ki z rodzin\u0105 Rodziny Prochwicz z Nieznanowic Barbary Gurba Marii i Kazimierz Krzysiek z Leszczyny Teresy Krzysiek z rodzin\u0105 Ma\u0142gorzaty i Konrada Krzysiek Marii i Stanis\u0142awa Stochel z Leszczyny Ma\u0142gorzaty i Romana Paciorek z Leszczyny Ewy Paciorek Bogumi\u0142y i Piotra Piekarczy Ma\u0142gorzaty i Tadeusza Majka Zofii i Henryka Zi\u0119ciowskich Szefa, kole\u017canek i koleg\u00f3w c\u00f3rki Ewy z firmy Piedmot Cookies z Prosz\u00f3wek Jak wy\u017cej Jak wy\u017cej Jak wy\u017cej Bo\u017ceny i Paw\u0142a Mech Ma\u0142gorzaty i Grzegorza P\u0142achty Barbary i Edwarda z Chrostowej Iwony i Grzegorza Morawskich Wies\u0142awy i Kazimierza Witas Rodziny S\u0142awent\u00f3w z Leszczyny Agnieszki i Konrada Satora z Tr\u0105bek S\u0105siad\u00f3w Kmiecik\u00f3w Jolanty Krzysiek z rodzin\u0105 Szwagierki Stanis\u0142awy<br \/><\/td><\/tr><\/tbody><\/table><\/figure>\n\n\n\n<p><strong>Poza parafi\u0105 sprawowane s\u0105 Msze \u015bw. greg. za zmar\u0142ego \u015bp. Tadeusza Jawienia.<\/strong><\/p>\n\n\n\n<p><strong>W minionym tygodniu prze\u017cywszy 91 lat, Pan B\u00f3g powo\u0142a\u0142 do siebie Jadwig\u0119 Ogar, kt\u00f3ra ostatnie dwa lata mieszka\u0142a w D\u0105browicy. Jej pogrzeb odb\u0119dzie si\u0119 jutr o godz. 11<\/strong><sup><u><strong>00<\/strong><\/u><\/sup><strong>. Jej nie\u015bmierteln\u0105 dusz\u0119 pole\u0107my Zmartwychwsta\u0142emu Panu: Dobry Jezu &#8230;<\/strong><\/p>\n\n\n\n<p><strong>Dzi\u0119kuj\u0119 za zam\u00f3wione intencje i z\u0142o\u017cone ofiary. B\u00f3g zap\u0142a\u0107!<\/strong><\/p>\n\n\n\n<p><strong>Od 1 kwietnia 2026 roku poza parafi\u0105 b\u0119d\u0105 sprawowane Msze \u015bw. greg. za zmar\u0142ego \u015bp. Tadeusza Jawienia z int.:<\/strong><\/p>\n\n\n\n<p>1. Kole\u017canek \u017cony z pracy<\/p>\n\n\n\n<p>2. Jak wy\u017cej<\/p>\n\n\n\n<p>3. Jak wy\u017cej<\/p>\n\n\n\n<p>4. Kole\u017canek c\u00f3rki Natalii z Bajkolandu<\/p>\n\n\n\n<p>5. Pracownik\u00f3w i zarz\u0105du firmy ARTCOR<\/p>\n\n\n\n<p>6. Krystyny M\u0142ynarczyk ze starej Wsi<\/p>\n\n\n\n<p>7. Wioletty Sta\u0144do z synem Erykiem<\/p>\n\n\n\n<p>8. Justyny i Krzysztofa Paj\u0105k z dzie\u0107mi<\/p>\n\n\n\n<p>9. Tomasza M\u0142ynarczyka<\/p>\n\n\n\n<p>10. Anety i Piotra Duplak z dzie\u0107mi<\/p>\n\n\n\n<p>11. Katarzyny i Wojciecha Nalepa z dzie\u0107mi<\/p>\n\n\n\n<p>12. Marii i Wies\u0142awa M\u0142ynarczyk z Bielska Bia\u0142ej<\/p>\n\n\n\n<p>13. Izabeli i Damiana M\u0142ynarczyk<\/p>\n\n\n\n<p>14. Hanny Kasi\u0144skiej z M\u0142ynnego<\/p>\n\n\n\n<p>15. Teresy Pytel z M\u0142ynnego<\/p>\n\n\n\n<p>16. Ma\u0142gorzaty i Wojciecha Stanik z rodzin\u0105<\/p>\n\n\n\n<p>17. Heleny \u0141\u0105ckiej<\/p>\n\n\n\n<p>18. W\u0142a\u015bcicieli firmy ASTAT<\/p>\n\n\n\n<p>19. Jak wy\u017cej<\/p>\n\n\n\n<p>20. Jak wy\u017cej<\/p>\n\n\n\n<p>21. Kole\u017canek i koleg\u00f3w z Firmy ASTAT<\/p>\n\n\n\n<p>22. Jak wy\u017cej<\/p>\n\n\n\n<p>23. Jak wy\u017cej<\/p>\n\n\n\n<p>24. Jak wy\u017cej<\/p>\n\n\n\n<p>25. Jak wy\u017cej<\/p>\n\n\n\n<p>26. Jak wy\u017cej<\/p>\n\n\n\n<p>27. Jak wy\u017cej<\/p>\n\n\n\n<p>28. Jak wy\u017cej<\/p>\n\n\n\n<p>29. Jak wy\u017cej<\/p>\n\n\n\n<p>30. Jak wy\u017cej<\/p>\n\n\n\n<p><strong>Od 1 kwietnia poza parafi\u0105 b\u0119d\u0105 sprawowane Msze \u015bw. greg. za zmar\u0142ego \u015bp. Tadeusza Jawienia.<\/strong><\/p>\n\n\n\n<p><strong>Dzi\u0119kuj\u0119 za zam\u00f3wione intencje i z\u0142o\u017cone ofiary. B\u00f3g zap\u0142a\u0107!<\/strong><\/p>\n\n\n\n<p><strong>Poza parafi\u0105 sprawowane s\u0105 Msze \u015bw. greg. za zmar\u0142\u0105 \u015bp. Mari\u0119 Kostuch.<\/strong><\/p>\n\n\n\n<p><strong>W ostatnim tygodniu Pan B\u00f3g w 74 roku \u017cycia powo\u0142a\u0142 do siebie \u015bp. Bogdana Maciuszka z Gierczyc i prze\u017cywszy 83 lata Amali\u0119 Palczewsk\u0105 z Siedlca \u2013 mam\u0119 naszego Pana Organisty.<\/strong><\/p>\n\n\n\n<p><strong>Ich nie\u015bmiertelne dusze pole\u0107my Mi\u0142osiernemu Bogu: Dobry Jezu a nasz Panie &#8230;<\/strong><\/p>\n\n\n\n<p><strong>Dzi\u0119kuj\u0119 za zam\u00f3wione intencje i z\u0142o\u017cone ofiary. B\u00f3g zap\u0142a\u0107!<\/strong><\/p>\n\n\n\n<p><strong>Poza parafi\u0105 sprawowane s\u0105 Msze \u015bw. greg. za zmar\u0142\u0105 \u015bp. Mari\u0119 Kostuch.<\/strong><\/p>\n\n\n\n<p><strong>Poza parafi\u0105 sprawowane s\u0105 Msze \u015bw. greg. za zmar\u0142\u0105 \u015bp. Mari\u0119 Kostuch.<\/strong><\/p>\n\n\n\n<p><strong>Dzi\u0119kuj\u0119 za zam\u00f3wione intencje i z\u0142o\u017cone ofiary. B\u00f3g zap\u0142a\u0107!<\/strong><\/p>\n\n\n\n<hr class=\"wp-block-separator has-alpha-channel-opacity\"\/>\n\n\n\n<p><strong>Od dnia 1 marca 2026 roku poza parafi\u0105 sprawowane s\u0105 Msze \u015bw. greg. za zmar\u0142\u0105 \u015bp. Mari\u0119 Kostuch z int.:<\/strong><\/p>\n\n\n\n<ol class=\"wp-block-list\">\n<li>Wnuka Damiana z Adriann\u0105<\/li>\n\n\n\n<li>Wnuka Kamila<\/li>\n\n\n\n<li>Wnuka Grzegorza<\/li>\n\n\n\n<li>Wnuczki Marii z Piotrem<\/li>\n\n\n\n<li>Wnuka Marcina<\/li>\n\n\n\n<li>Wnuczki Zofii<\/li>\n\n\n\n<li>Wnuczki Natalii<\/li>\n\n\n\n<li>Wnuczki Kasi z rodzin\u0105<\/li>\n\n\n\n<li>Bogus\u0142awy i Edwarda Kr\u00f3l z \u0141yczanki<\/li>\n\n\n\n<li>Rodziny Rachwalskich z Bochni<\/li>\n\n\n\n<li>Rodziny Obra\u0142\u00f3w z Pogwizdowa<\/li>\n\n\n\n<li>Rodziny Samk\u00f3w i Jeziork\u00f3w<\/li>\n\n\n\n<li>Stanis\u0142awy B\u00f3l z rodzin\u0105<\/li>\n\n\n\n<li>Ma\u0142gorzaty i Miros\u0142awa Strojek z Sobolowa<\/li>\n\n\n\n<li>Rodziny Romana z Pogwizdowa<\/li>\n\n\n\n<li>Antoniego Palczewskiego z rodzin\u0105<\/li>\n\n\n\n<li>Rodziny Czajkowskich ze Stani\u0105tek<\/li>\n\n\n\n<li>S\u0105siad\u00f3w W\u00f3jcik\u00f3w i Dud\u00f3w<\/li>\n\n\n\n<li>Wojciecha i Lucyny Toro\u0144<\/li>\n\n\n\n<li>Jak wy\u017cej<\/li>\n\n\n\n<li>Anity i \u0141ukasza Mroczek<\/li>\n\n\n\n<li>Ewy i Przemys\u0142awa Jawni\u00f3w<\/li>\n\n\n\n<li>Rodziny Tadeusza Jawnia<\/li>\n\n\n\n<li>J\u00f3zefy i Szymona Trojan<\/li>\n\n\n\n<li>Rodziny Gorzul\u00f3w z \u0141\u0119\u017ckowic<\/li>\n\n\n\n<li>Marii i Wies\u0142awa Dudek<\/li>\n\n\n\n<li>Rodziny Kukl\u00f3w<\/li>\n\n\n\n<li>Chrze\u015bniaka Janusza W\u00f3jcika z rodzin\u0105<\/li>\n\n\n\n<li>Ma\u0142gorzaty Ba\u0142ut z rodzin\u0105<\/li>\n\n\n\n<li>Rodziny Kowalskich<\/li>\n<\/ol>\n","protected":false},"excerpt":{"rendered":"<p>Maj 2026 Aby wszyscy mieli dost\u0119p do po\u017cywieniaM\u00f3dlmy si\u0119, aby wszyscy \u2013 od du\u017cych producent\u00f3w po drobnych konsument\u00f3w \u2013 unikali marnowania \u017cywno\u015bci i d\u0105\u017cyli do zapewnienia ka\u017cdemu dost\u0119pu do po\u017cywienia dobrej jako\u015bci. INTENCJE MSZALNE \u2013 VI NIEDZIELA WIELKANOCNA Dzie\u0144 Godz. Intencja PONIEDZIA\u0141EK 1800 Z pro\u015bb\u0105 o Bo\u017ce b\u0142., opiek\u0119 Matki Bo\u017cej Bolesnej, zachowanie od nieszcz\u0119\u015b\u0107 &hellip; <a href=\"https:\/\/parafiagierczyce.pl\/?page_id=21\" class=\"more-link\">Czytaj dalej <span class=\"screen-reader-text\">INTENCJE MSZY \u015aWI\u0118TYCH<\/span> <span class=\"meta-nav\">&rarr;<\/span><\/a><\/p>\n","protected":false},"author":1,"featured_media":0,"parent":0,"menu_order":0,"comment_status":"closed","ping_status":"closed","template":"","meta":{"footnotes":"","_links_to":"","_links_to_target":""},"class_list":["post-21","page","type-page","status-publish","hentry"],"_links":{"self":[{"href":"https:\/\/parafiagierczyce.pl\/index.php?rest_route=\/wp\/v2\/pages\/21","targetHints":{"allow":["GET"]}}],"collection":[{"href":"https:\/\/parafiagierczyce.pl\/index.php?rest_route=\/wp\/v2\/pages"}],"about":[{"href":"https:\/\/parafiagierczyce.pl\/index.php?rest_route=\/wp\/v2\/types\/page"}],"author":[{"embeddable":true,"href":"https:\/\/parafiagierczyce.pl\/index.php?rest_route=\/wp\/v2\/users\/1"}],"replies":[{"embeddable":true,"href":"https:\/\/parafiagierczyce.pl\/index.php?rest_route=%2Fwp%2Fv2%2Fcomments&post=21"}],"version-history":[{"count":741,"href":"https:\/\/parafiagierczyce.pl\/index.php?rest_route=\/wp\/v2\/pages\/21\/revisions"}],"predecessor-version":[{"id":4707,"href":"https:\/\/parafiagierczyce.pl\/index.php?rest_route=\/wp\/v2\/pages\/21\/revisions\/4707"}],"wp:attachment":[{"href":"https:\/\/parafiagierczyce.pl\/index.php?rest_route=%2Fwp%2Fv2%2Fmedia&parent=21"}],"curies":[{"name":"wp","href":"https:\/\/api.w.org\/{rel}","templated":true}]}}