{"id":189,"date":"2015-11-16T20:33:35","date_gmt":"2015-11-16T20:33:35","guid":{"rendered":"http:\/\/parafiagierczyce.pl\/?page_id=189"},"modified":"2018-12-09T16:28:15","modified_gmt":"2018-12-09T15:28:15","slug":"schola","status":"publish","type":"page","link":"https:\/\/parafiagierczyce.pl\/?page_id=189","title":{"rendered":"PR\u00d3BY i TEKSTY PIOSENEK"},"content":{"rendered":"<h2 style=\"text-align: center;\"><\/h2>\n<h2 style=\"text-align: center;\"><span style=\"color: #ff0000;\"><a href=\"http:\/\/parafiagierczyce.pl\/wp-content\/uploads\/2016\/05\/P1070211-Copy.jpg\"> PIOSENKA NA 1 LISTOPADA<\/a><\/span><\/h2>\n<audio class=\"wp-audio-shortcode\" id=\"audio-189-1\" preload=\"none\" style=\"width: 100%;\" controls=\"controls\"><source type=\"audio\/wav\" src=\"http:\/\/parafiagierczyce.pl\/wp-content\/uploads\/2015\/11\/ofiaruje-Panie-Ci.wav?_=1\" \/><a href=\"http:\/\/parafiagierczyce.pl\/wp-content\/uploads\/2015\/11\/ofiaruje-Panie-Ci.wav\">http:\/\/parafiagierczyce.pl\/wp-content\/uploads\/2015\/11\/ofiaruje-Panie-Ci.wav<\/a><\/audio>\n<h2 style=\"text-align: center;\"><span style=\"color: #ff0000;\"><a href=\"http:\/\/parafiagierczyce.pl\/wp-content\/uploads\/2016\/05\/P1070211-Copy.jpg\">&nbsp;&nbsp; <img loading=\"lazy\" decoding=\"async\" class=\"alignleft size-medium wp-image-896\" src=\"http:\/\/parafiagierczyce.pl\/wp-content\/uploads\/2016\/05\/P1070211-Copy-300x225.jpg\" alt=\"P1070211 (Copy)\" width=\"300\" height=\"225\" srcset=\"https:\/\/parafiagierczyce.pl\/wp-content\/uploads\/2016\/05\/P1070211-Copy-300x225.jpg 300w, https:\/\/parafiagierczyce.pl\/wp-content\/uploads\/2016\/05\/P1070211-Copy-1024x768.jpg 1024w\" sizes=\"auto, (max-width: 300px) 100vw, 300px\" \/><\/a>&nbsp; <\/span><\/h2>\n<p>&nbsp;<\/p>\n<p>&nbsp;<\/p>\n<h2 style=\"text-align: center;\"><\/h2>\n<h2 style=\"text-align: center;\"><\/h2>\n<h2 style=\"text-align: center;\"><span style=\"color: #ff0000;\"><a href=\"http:\/\/parafiagierczyce.pl\/wp-content\/uploads\/2016\/05\/P1070215-Copy.jpg\"><img loading=\"lazy\" decoding=\"async\" class=\"aligncenter size-medium wp-image-897\" src=\"http:\/\/parafiagierczyce.pl\/wp-content\/uploads\/2016\/05\/P1070215-Copy-300x225.jpg\" alt=\"P1070215 (Copy)\" width=\"300\" height=\"225\" srcset=\"https:\/\/parafiagierczyce.pl\/wp-content\/uploads\/2016\/05\/P1070215-Copy-300x225.jpg 300w, https:\/\/parafiagierczyce.pl\/wp-content\/uploads\/2016\/05\/P1070215-Copy-1024x768.jpg 1024w\" sizes=\"auto, (max-width: 300px) 100vw, 300px\" \/><\/a> <a href=\"http:\/\/parafiagierczyce.pl\/wp-content\/uploads\/2016\/05\/P1070218-Copy.jpg\"><img loading=\"lazy\" decoding=\"async\" class=\"size-medium wp-image-898 alignleft\" src=\"http:\/\/parafiagierczyce.pl\/wp-content\/uploads\/2016\/05\/P1070218-Copy-300x225.jpg\" alt=\"P1070218 (Copy)\" width=\"300\" height=\"225\"\/><\/a> <a href=\"http:\/\/parafiagierczyce.pl\/wp-content\/uploads\/2016\/05\/P1070241-Copy.jpg\"><img loading=\"lazy\" decoding=\"async\" class=\"aligncenter size-medium wp-image-899\" src=\"http:\/\/parafiagierczyce.pl\/wp-content\/uploads\/2016\/05\/P1070241-Copy-300x225.jpg\" alt=\"P1070241 (Copy)\" width=\"300\" height=\"225\" srcset=\"https:\/\/parafiagierczyce.pl\/wp-content\/uploads\/2016\/05\/P1070241-Copy-300x225.jpg 300w, https:\/\/parafiagierczyce.pl\/wp-content\/uploads\/2016\/05\/P1070241-Copy-1024x768.jpg 1024w\" sizes=\"auto, (max-width: 300px) 100vw, 300px\" \/><\/a> <a href=\"http:\/\/parafiagierczyce.pl\/wp-content\/uploads\/2016\/05\/P1070242-Copy.jpg\"><img loading=\"lazy\" decoding=\"async\" class=\"size-medium wp-image-900 alignleft\" src=\"http:\/\/parafiagierczyce.pl\/wp-content\/uploads\/2016\/05\/P1070242-Copy-300x169.jpg\" alt=\"P1070242 (Copy)\" width=\"300\" height=\"169\" srcset=\"https:\/\/parafiagierczyce.pl\/wp-content\/uploads\/2016\/05\/P1070242-Copy-300x169.jpg 300w, https:\/\/parafiagierczyce.pl\/wp-content\/uploads\/2016\/05\/P1070242-Copy-1024x576.jpg 1024w\" sizes=\"auto, (max-width: 300px) 100vw, 300px\" \/><\/a><\/span><\/h2>\n<h2 style=\"text-align: center;\"><span style=\"color: #ff0000;\">W NIEDZIEL\u0118&nbsp;&nbsp; ZAPRASZAMY DZIECI KT\u00d3RE CHC\u0104 ZA\u015aPIEWA\u0106 NA MSZY \u015aW.&nbsp; O GODZ. 9:00 I NA PR\u00d3BE przed MSZY \u015aW.<\/span><\/h2>\n<h6 style=\"text-align: center;\"><span style=\"text-decoration: underline; color: #000000;\"><strong>ZAPRASZA CH\u0118TNE DZIECI DO \u015aPIEWANIA&nbsp; (na ch\u00f3rze)<\/strong><\/span><\/h6>\n<h1 style=\"text-align: center;\"><span style=\"color: #ff0000;\"><strong> oraz <\/strong><\/span><\/h1>\n<h1 style=\"text-align: center;\"><span style=\"color: #ff0000;\"><strong>NA PR\u00d3B\u0118 WSZYSTKIE <\/strong><\/span><\/h1>\n<h1 style=\"text-align: center;\"><span style=\"color: #ff0000;\"><strong>CH\u0118TNE DZIECI <\/strong><\/span><\/h1>\n<h1 style=\"text-align: center;\"><span style=\"text-decoration: underline;\"><span style=\"color: #ff0000; text-decoration: underline;\"><strong>wm niedziele po mszy \u015bw.<br \/>\n<\/strong><\/span><\/span><\/h1>\n<h1 style=\"text-align: center;\"><span style=\"text-decoration: underline;\"><span style=\"color: #ff0000; text-decoration: underline;\">o godz. 10:00<\/span><\/span><\/h1>\n<h2 style=\"text-align: center;\"><span style=\"text-decoration: underline;\"><span style=\"color: #630f38; text-decoration: underline;\"><strong>tekst piosenek na pr\u00f3b\u0119 w poniedzia\u0142ek i na uroczysto\u015b\u0107 bierzmowania w \u015brod\u0119<\/strong><\/span><\/span><\/h2>\n<p><strong>DUCHU \u015aWI\u0118TY PRZYJD\u0179<\/strong><strong><br \/>\n<span style=\"color: #000000;\"><span style=\"font-family: Arial,sans-serif;\">Duchu \u015awi\u0119ty przyjd\u017a \/x4<\/span><\/span><br \/>\n<span style=\"color: #000000;\"><span style=\"font-family: Arial,sans-serif;\">Niech wiara zago\u015bci,<\/span><\/span><br \/>\n<span style=\"color: #000000;\"><span style=\"font-family: Arial,sans-serif;\">Niech nadzieja zago\u015bci,<\/span><\/span><br \/>\n<span style=\"color: #000000;\"><span style=\"font-family: Arial,sans-serif;\">Niech mi\u0142o\u015b\u0107 zago\u015bci w nas. \/2x<\/span><\/span><\/strong><\/p>\n<p><iframe loading=\"lazy\" title=\"duchu s\u0301wie\u0328ty przyjdz\u0301\" width=\"474\" height=\"267\" src=\"https:\/\/www.youtube.com\/embed\/-4zp1pza5mY?feature=oembed\" frameborder=\"0\" allow=\"accelerometer; autoplay; clipboard-write; encrypted-media; gyroscope; picture-in-picture; web-share\" referrerpolicy=\"strict-origin-when-cross-origin\" allowfullscreen><\/iframe><\/p>\n<p>&nbsp;<\/p>\n<pre class=\"\"><span style=\"color: #000000;\"><span style=\"font-family: Arial,sans-serif;\">a to dodatkowo, mo\u017ce:<\/span><\/span><\/pre>\n<p><strong><span style=\"color: #000000;\"><span style=\"font-family: Arial,sans-serif;\"><u>NIECHAJ ZST\u0104PI DUCH TW\u00d3J<\/u><\/span><\/span><\/strong><\/p>\n<pre class=\"\"><strong><span style=\"color: #000000;\"><span style=\"font-family: Arial,sans-serif;\">Niechaj zst\u0105pi Duch Tw\u00f3j i odnowi Ziemi\u0119<\/span><\/span>\n<span style=\"color: #000000;\"><span style=\"font-family: Arial,sans-serif;\">\u017byciodajny sp\u0142ynie deszcz na spragnione serce<\/span><\/span>\n<span style=\"color: #000000;\"><span style=\"font-family: Arial,sans-serif;\">Obmyj mnie i u\u015bwi\u0119\u0107 mnie<\/span><\/span>\n<span style=\"color: #000000;\"><span style=\"font-family: Arial,sans-serif;\">Uwielbienia niech pop\u0142ynie pie\u015b\u0144. <\/span><\/span>\n\n<span style=\"color: #000000;\"><span style=\"font-family: Arial,sans-serif;\">Chwa\u0142a Jezusowi, kt\u00f3ry za mnie \u017cycie da\u0142<\/span><\/span>\n<span style=\"color: #000000;\"><span style=\"font-family: Arial,sans-serif;\">Chwa\u0142a temu, kt\u00f3ry pierwszy umi\u0142owa\u0142 mnie<\/span><\/span>\n<span style=\"color: #000000;\"><span style=\"font-family: Arial,sans-serif;\">Jezus, tylko Jezus Panem jest.<\/span><\/span><\/strong><\/pre>\n<p>&nbsp;<\/p>\n<p>&nbsp;<\/p>\n<h2 style=\"text-align: center;\"><span style=\"color: #ff0000;\">W NIEDZIEL\u0118&nbsp;&nbsp; ZAPRASZAMY DZIECI KT\u00d3RE CHC\u0104 ZA\u015aPIEWA\u0106 NA MSZY \u015aW.&nbsp; O GODZ. 9:00 NA PR\u00d3B\u0118 przed Mszy \u015bw w salce \u015bwietlicy na plebani.<\/span><\/h2>\n<p style=\"text-align: center;\">NOWE WYZWANIE DLA SCHOLI<\/p>\n<p>KOL\u0118DY POLSKIE KT\u00d3RE MAJ\u0104 ZA\u015aPIEWA\u0106 NA PASTERCE<\/p>\n<p><a>P1060431<\/a><\/p>\n<div style=\"width: 474px;\" class=\"wp-video\"><video class=\"wp-video-shortcode\" id=\"video-189-1\" width=\"474\" height=\"356\" preload=\"metadata\" controls=\"controls\"><source type=\"video\/mp4\" src=\"http:\/\/parafiagierczyce.pl\/wp-content\/uploads\/2015\/11\/P1060435.mp4?_=1\" \/><a href=\"http:\/\/parafiagierczyce.pl\/wp-content\/uploads\/2015\/11\/P1060435.mp4\">http:\/\/parafiagierczyce.pl\/wp-content\/uploads\/2015\/11\/P1060435.mp4<\/a><\/video><\/div>\n<p><a href=\"http:\/\/parafiagierczyce.pl\/wp-content\/uploads\/2015\/11\/P1060439.jpg\" rel=\"attachment wp-att-546\"><img loading=\"lazy\" decoding=\"async\" class=\"aligncenter size-medium wp-image-546\" src=\"http:\/\/parafiagierczyce.pl\/wp-content\/uploads\/2015\/11\/P1060439-300x225.jpg\" alt=\"P1060439\" width=\"300\" height=\"225\" srcset=\"https:\/\/parafiagierczyce.pl\/wp-content\/uploads\/2015\/11\/P1060439-300x225.jpg 300w, https:\/\/parafiagierczyce.pl\/wp-content\/uploads\/2015\/11\/P1060439-1024x768.jpg 1024w\" sizes=\"auto, (max-width: 300px) 100vw, 300px\" \/><\/a><\/p>\n<div style=\"width: 474px;\" class=\"wp-video\"><video class=\"wp-video-shortcode\" id=\"video-189-2\" width=\"474\" height=\"356\" preload=\"metadata\" controls=\"controls\"><source type=\"video\/mp4\" src=\"http:\/\/parafiagierczyce.pl\/wp-content\/uploads\/2015\/11\/P1060431.mp4?_=2\" \/><a href=\"http:\/\/parafiagierczyce.pl\/wp-content\/uploads\/2015\/11\/P1060431.mp4\">http:\/\/parafiagierczyce.pl\/wp-content\/uploads\/2015\/11\/P1060431.mp4<\/a><\/video><\/div>\n<p>&nbsp;<\/p>\n<p>miko\u0142aj \u015bw.<\/p>\n<div style=\"width: 474px;\" class=\"wp-video\"><video class=\"wp-video-shortcode\" id=\"video-189-3\" width=\"474\" height=\"267\" preload=\"metadata\" controls=\"controls\"><source type=\"video\/mp4\" src=\"http:\/\/parafiagierczyce.pl\/wp-content\/uploads\/2015\/11\/miko\u0142aj-\u015bw..mp4?_=3\" \/><a href=\"http:\/\/parafiagierczyce.pl\/wp-content\/uploads\/2015\/11\/miko\u0142aj-\u015bw..mp4\">http:\/\/parafiagierczyce.pl\/wp-content\/uploads\/2015\/11\/miko\u0142aj-\u015bw..mp4<\/a><\/video><\/div>\n<p>&nbsp;<\/p>\n<p style=\"text-align: left;\"><span style=\"color: #ff00ff;\">PR\u00d3BA 29 LISTOPAD <\/span><\/p>\n<p style=\"text-align: left;\"><a href=\"http:\/\/parafiagierczyce.pl\/wp-content\/uploads\/2015\/11\/P1060049.jpg\"><img loading=\"lazy\" decoding=\"async\" class=\"size-thumbnail wp-image-302 alignleft\" src=\"http:\/\/parafiagierczyce.pl\/wp-content\/uploads\/2015\/11\/P1060049-150x150.jpg\" alt=\"P1060049\" width=\"150\" height=\"150\"\/><\/a><a href=\"http:\/\/parafiagierczyce.pl\/wp-content\/uploads\/2015\/11\/P1060017.jpg\"><img loading=\"lazy\" decoding=\"async\" class=\"size-thumbnail wp-image-301 alignnone\" src=\"http:\/\/parafiagierczyce.pl\/wp-content\/uploads\/2015\/11\/P1060017-150x150.jpg\" alt=\"P1060017\" width=\"150\" height=\"150\"\/><\/a><a href=\"http:\/\/parafiagierczyce.pl\/wp-content\/uploads\/2015\/11\/P1060012.jpg\"><img loading=\"lazy\" decoding=\"async\" class=\"size-thumbnail wp-image-299 alignnone\" src=\"http:\/\/parafiagierczyce.pl\/wp-content\/uploads\/2015\/11\/P1060012-150x150.jpg\" alt=\"P1060012\" width=\"150\" height=\"150\"\/><\/a><\/p>\n<p><a href=\"http:\/\/parafiagierczyce.pl\/wp-content\/uploads\/2015\/11\/P1060010.jpg\"><img loading=\"lazy\" decoding=\"async\" class=\"size-thumbnail wp-image-297 alignleft\" src=\"http:\/\/parafiagierczyce.pl\/wp-content\/uploads\/2015\/11\/P1060010-150x150.jpg\" alt=\"P1060010\" width=\"150\" height=\"150\"\/><\/a><\/p>\n<p style=\"text-align: left;\"><a href=\"http:\/\/parafiagierczyce.pl\/wp-content\/uploads\/2015\/11\/P1060015.jpg\"><img loading=\"lazy\" decoding=\"async\" class=\"size-thumbnail wp-image-300 alignleft\" src=\"http:\/\/parafiagierczyce.pl\/wp-content\/uploads\/2015\/11\/P1060015-150x150.jpg\" alt=\"P1060015\" width=\"150\" height=\"150\"\/><\/a><\/p>\n<p>&nbsp;<\/p>\n<p>&nbsp;<\/p>\n<h3><strong><span style=\"color: #800080;\">PIE\u015a\u0143:<\/span><\/strong><\/h3>\n<h3><strong><span style=\"color: #800080;\">B\u0105d\u017a pozdrowiony B\u0105d\u017a pozdrowiony go\u015bciu nasz, w radosne progi nasze wejd\u017a. <\/span><\/strong><\/h3>\n<h3><strong><span style=\"color: #800080;\">My zapalimy zamiast lamp szcz\u0119\u015bliwe ognie naszych serc<\/span><\/strong><\/h3>\n<div><\/div>\n<p>PIE\u015a\u0143:<\/p>\n<p>&nbsp;<\/p>\n<p><strong>Nim \u015bwit obudzi noc <\/strong><br \/>\n<strong> dotykiem ciep\u0142ych mgie\u0142, <\/strong><br \/>\n<strong> Nim dzie\u0144 o\u017cywi \u015bwiat, <\/strong><br \/>\n<strong> Panie, przyjd\u017a. wo\u0142am, przyjd\u017a.<\/strong><br \/>\n<strong> Uciesz m\u00f3j wzrok <\/strong><br \/>\n<strong> spokojem jasnych barw <\/strong><br \/>\n<strong> Nim mnie zachwyci kwiat, <\/strong><br \/>\n<strong> Ty przyjd\u017a. <\/strong><\/p>\n<p><strong> Cho\u0107 chc\u0119 wci\u0105\u017c dalej i\u015b\u0107, <\/strong><br \/>\n<strong> niewiele mog\u0119 ja, <\/strong><br \/>\n<strong> Wi\u0119c zn\u00f3w podnosz\u0119 g\u0142os, <\/strong><br \/>\n<strong> Panie, przyjd\u017a, wo\u0142am, przyjd\u017a <\/strong><br \/>\n<strong> i otrzyj m\u0105 <\/strong><br \/>\n<strong> oblan\u0105 l\u0119kiem twarz, <\/strong><br \/>\n<strong> Nim zn\u00f3w postawi\u0119 krok, <\/strong><br \/>\n<strong> Ty przyjd\u017a. <\/strong><\/p>\n<p><strong> I tak poprowad\u017a mnie <\/strong><br \/>\n<strong> przez pi\u0119tra trudnych lat, <\/strong><br \/>\n<strong> B\u0105d\u017a w dzie\u0144 rado\u015bci\u0105 dnia, <\/strong><br \/>\n<strong> w nocy snem, <\/strong><br \/>\n<strong> Pom\u00f3\u017c mi, o Panie m\u00f3j, <\/strong><br \/>\n<strong> rysowa\u0107 \u017cycia kszta\u0142t, <\/strong><br \/>\n<strong> By m\u00f3c wci\u0105\u017c naprz\u00f3d i\u015b\u0107, <\/strong><br \/>\n<strong> by trwa\u0107.<\/strong><\/p>\n<p><strong> Nim \u015bwit obudzi noc <\/strong><br \/>\n<strong> dotykiem ciep\u0142ych mgie\u0142, <\/strong><br \/>\n<strong> Nim dzie\u0144 o\u017cywi \u015bwiat, <\/strong><br \/>\n<strong> Panie, przyjd\u017a. <\/strong><br \/>\n<strong> Pom\u00f3\u017c mi, o Panie m\u00f3j, <\/strong><br \/>\n<strong> rysowa\u0107 \u017cycia kszta\u0142t, <\/strong><br \/>\n<strong> By m\u00f3c wci\u0105\u017c naprz\u00f3d i\u015b\u0107, <\/strong><br \/>\n<strong> by trwa\u0107.<\/strong><\/p>\n<p><iframe loading=\"lazy\" title=\"Nim \u015bwit obudzi noc IGA KA\u0141\u0104\u017bNA &amp; DAWID SEKULA\" width=\"474\" height=\"356\" src=\"https:\/\/www.youtube.com\/embed\/ruxOqgnG06A?feature=oembed\" frameborder=\"0\" allow=\"accelerometer; autoplay; clipboard-write; encrypted-media; gyroscope; picture-in-picture; web-share\" referrerpolicy=\"strict-origin-when-cross-origin\" allowfullscreen><\/iframe><\/p>\n<p><iframe loading=\"lazy\" title=\"Nasz B\u00f3g - exodus 15\" width=\"474\" height=\"267\" src=\"https:\/\/www.youtube.com\/embed\/lCdHW_B6SKM?feature=oembed\" frameborder=\"0\" allow=\"accelerometer; autoplay; clipboard-write; encrypted-media; gyroscope; picture-in-picture; web-share\" referrerpolicy=\"strict-origin-when-cross-origin\" allowfullscreen><\/iframe><\/p>\n<p><b>NASZ B\u00d3G<\/b><\/p>\n<p>Wod\u0119 zamieni\u0142e\u015b w wino<br \/>\n\u015alepi przy Tobie zn\u00f3w widz\u0105, kt\u00f3\u017c jest jak Ty? Tylko Ty?<br \/>\nBlaskiem roz\u015bwietlasz ciemno\u015bci<br \/>\nCz\u0142owiek powstaje z marno\u015bci, kt\u00f3\u017c jest jak Ty? Tylko Ty?<\/p>\n<p>Nasz B\u00f3g jest wielki, nasz B\u00f3g jest silny<br \/>\nBo\u017ce nikt inny nie r\u00f3wna si\u0119 z Tob\u0105.<br \/>\nNasz B\u00f3g uzdrawia, jest wszechmog\u0105cy.<br \/>\nNasz B\u00f3g, Nasz B\u00f3g.<\/p>\n<p>Blaskiem roz\u015bwietlasz ciemno\u015bci.<br \/>\nCz\u0142owiek powstaje z marno\u015bci, kt\u00f3\u017c jest jak Ty? Tylko Ty?<\/p>\n<p>Nasz B\u00f3g jest wielki, nasz B\u00f3g jest silny<br \/>\nBo\u017ce nikt inny nie r\u00f3wna si\u0119 z Tob\u0105.<br \/>\nNasz B\u00f3g uzdrawia, jest wszechmog\u0105cy.<br \/>\nNasz B\u00f3g, Nasz B\u00f3g.<\/p>\n<p>Je\u015bli nasz B\u00f3g jest przy nas ju\u017c nic nas nie zatrzyma!<br \/>\nJe\u015bli nasz B\u00f3g jest z nami, kt\u00f3\u017c jest przeciwko nam? \/x2<br \/>\nKt\u00f3\u017c jest przeciwko nam?<\/p>\n<p>Nasz B\u00f3g jest wielki, nasz B\u00f3g jest silny<br \/>\nBo\u017ce nikt inny nie r\u00f3wna si\u0119 z Tob\u0105.<br \/>\nNasz B\u00f3g uzdrawia, jest wszechmog\u0105cy.<br \/>\nNasz B\u00f3g, Nasz B\u00f3g.<\/p>\n","protected":false},"excerpt":{"rendered":"<p>PIOSENKA NA 1 LISTOPADA &nbsp;&nbsp; &nbsp; &nbsp; &nbsp; W NIEDZIEL\u0118&nbsp;&nbsp; ZAPRASZAMY DZIECI KT\u00d3RE CHC\u0104 ZA\u015aPIEWA\u0106 NA MSZY \u015aW.&nbsp; O GODZ. 9:00 I NA PR\u00d3BE przed MSZY \u015aW. ZAPRASZA CH\u0118TNE DZIECI DO \u015aPIEWANIA&nbsp; (na ch\u00f3rze) oraz NA PR\u00d3B\u0118 WSZYSTKIE CH\u0118TNE DZIECI wm niedziele po mszy \u015bw. o godz. 10:00 tekst piosenek na pr\u00f3b\u0119 w poniedzia\u0142ek i &hellip; <a href=\"https:\/\/parafiagierczyce.pl\/?page_id=189\" class=\"more-link\">Czytaj dalej <span class=\"screen-reader-text\">PR\u00d3BY i TEKSTY PIOSENEK<\/span> <span class=\"meta-nav\">&rarr;<\/span><\/a><\/p>\n","protected":false},"author":1,"featured_media":0,"parent":0,"menu_order":0,"comment_status":"closed","ping_status":"closed","template":"","meta":{"footnotes":"","_links_to":"","_links_to_target":""},"class_list":["post-189","page","type-page","status-publish","hentry"],"_links":{"self":[{"href":"https:\/\/parafiagierczyce.pl\/index.php?rest_route=\/wp\/v2\/pages\/189","targetHints":{"allow":["GET"]}}],"collection":[{"href":"https:\/\/parafiagierczyce.pl\/index.php?rest_route=\/wp\/v2\/pages"}],"about":[{"href":"https:\/\/parafiagierczyce.pl\/index.php?rest_route=\/wp\/v2\/types\/page"}],"author":[{"embeddable":true,"href":"https:\/\/parafiagierczyce.pl\/index.php?rest_route=\/wp\/v2\/users\/1"}],"replies":[{"embeddable":true,"href":"https:\/\/parafiagierczyce.pl\/index.php?rest_route=%2Fwp%2Fv2%2Fcomments&post=189"}],"version-history":[{"count":57,"href":"https:\/\/parafiagierczyce.pl\/index.php?rest_route=\/wp\/v2\/pages\/189\/revisions"}],"predecessor-version":[{"id":2414,"href":"https:\/\/parafiagierczyce.pl\/index.php?rest_route=\/wp\/v2\/pages\/189\/revisions\/2414"}],"wp:attachment":[{"href":"https:\/\/parafiagierczyce.pl\/index.php?rest_route=%2Fwp%2Fv2%2Fmedia&parent=189"}],"curies":[{"name":"wp","href":"https:\/\/api.w.org\/{rel}","templated":true}]}}