{"id":1594,"date":"2017-02-26T20:20:25","date_gmt":"2017-02-26T18:20:25","guid":{"rendered":"http:\/\/parafiagierczyce.pl\/?page_id=1594"},"modified":"2018-12-09T16:24:15","modified_gmt":"2018-12-09T15:24:15","slug":"blogoslawiona-karolina-kozkowna","status":"publish","type":"page","link":"https:\/\/parafiagierczyce.pl\/?page_id=1594","title":{"rendered":"B\u0142ogos\u0142awiona Karolina K\u00f3zk\u00f3wna"},"content":{"rendered":"<pre><strong>B\u0142ogos\u0142awiona Karolina K\u00f3zk\u00f3wna<\/strong>\n\n<em>Urodzi\u0142a si\u0119 w podtarnowskiej wsi Wa\u0142-Ruda 2 sierpnia 1898 r. jako czwarte z jedena\u015bciorga dzieci. Pi\u0119\u0107 dni p\u00f3\u017aniej otrzyma\u0142a chrzest w ko\u015bciele parafialnym w Rad\u0142owie. Jej rodzice posiadali niewielkie gospodarstwo. Pracowa\u0142a z nimi na roli.<\/em>\n\nWzrasta\u0142a w atmosferze \u017cywej i autentycznej wiary, kt\u00f3ra wyra\u017ca\u0142a si\u0119 we wsp\u00f3lnej rodzinnej modlitwie wieczorem i przy posi\u0142kach, w codziennym \u015bpiewaniu Godzinek, cz\u0119stym przyst\u0119powaniu do sakrament\u00f3w i uczestniczeniu we Mszy, tak\u017ce w dzie\u0144 powszedni. Ich uboga chata by\u0142a nazywana \"ko\u015bci\u00f3\u0142kiem\". Krewni i s\u0105siedzi gromadzili si\u0119 tam cz\u0119sto na wsp\u00f3lne czytanie Pisma \u015bwi\u0119tego, \u017cywot\u00f3w \u015bwi\u0119tych i religijnych czasopism. W Wielkim Po\u015bcie \u015bpiewano tam Gorzkie \u017bale, a w okresie Bo\u017cego Narodzenia - kol\u0119dy. Od najm\u0142odszych lat ukocha\u0142a modlitw\u0119 i stara\u0142a si\u0119 wzrasta\u0107 w mi\u0142o\u015bci Bo\u017cej. Nie rozstawa\u0142a si\u0119 z otrzymanym od matki r\u00f3\u017ca\u0144cem - modli\u0142a si\u0119 nie tylko w ci\u0105gu dnia, ale i w nocy. We wszystkim by\u0142a pos\u0142uszna rodzicom, z mi\u0142o\u015bci\u0105 i trosk\u0105 opiekowa\u0142a si\u0119 licznym m\u0142odszym rodze\u0144stwem. W 1906 roku rozpocz\u0119\u0142a nauk\u0119 w ludowej szkole podstawowej, kt\u00f3r\u0105 uko\u0144czy\u0142a w 1912 roku. Potem ucz\u0119szcza\u0142a jeszcze na tzw. nauk\u0119 dope\u0142niaj\u0105c\u0105 trzy razy w tygodniu. Uczy\u0142a si\u0119 ch\u0119tnie i bardzo dobrze, z religii otrzymywa\u0142a zawsze wzorowe\n\nDu\u017cy wp\u0142yw na duchowy rozw\u00f3j Karoliny mia\u0142 jej wuj, Franciszek Borz\u0119cki, bardzo religijny i zaanga\u017cowany w dzia\u0142alno\u015b\u0107 apostolsk\u0105 i spo\u0142eczn\u0105. Karolina pomaga\u0142a mu w prowadzeniu \u015bwietlicy i biblioteki, do kt\u00f3rej przychodzi\u0142y cz\u0119sto osoby doros\u0142e i m\u0142odzie\u017c. Prowadzono tam kszta\u0142c\u0105ce rozmowy, \u015bpiewano pie\u015bni religijne i patriotyczne, deklamowano utwory wieszcz\u00f3w.\n Karolina by\u0142a urodzon\u0105 katechetk\u0105. Nie poprzestawa\u0142a na tym, \u017ce pozna\u0142a jak\u0105\u015b prawd\u0119 wiary lub us\u0142ysza\u0142a wa\u017cne s\u0142owo; zawsze spieszy\u0142a, by przekaza\u0107 je innym. Katechizowa\u0142a swoje rodze\u0144stwo i okoliczne dzieci, \u015bpiewa\u0142a z nimi pie\u015bni religijne, odmawia\u0142a r\u00f3\u017caniec i zach\u0119ca\u0142a do \u017cycia wg Bo\u017cych przykaza\u0144. Wra\u017cliwa na potrzeby bli\u017anich, ch\u0119tnie zajmowa\u0142a si\u0119 chorymi i starszymi. Odwiedza\u0142a ich, oddaj\u0105c im r\u00f3\u017cne pos\u0142ugi i czytaj\u0105c pisma religijne. Przygotowywa\u0142a w razie potrzeby na przyj\u0119cie Wiatyku.\n\nZgin\u0119\u0142a w wieku zaledwie 17 lat, na pocz\u0105tku I wojny \u015bwiatowej,<img loading=\"lazy\" decoding=\"async\" src=\"data:image\/jpeg;base64,\/9j\/4AAQSkZJRgABAQEASABHAAD\/2wBDAAgGBgcGBQgHBwcJCQgKDBQNDAsLDBkSEw8UHRofHh0aHBwgJC4nICIsIxwcKDcpLDAxNDQ0Hyc5PTgyPC4zNDL\/2wBDAQkJCQwLDBgNDRgyIRwhMjIyMjIyMjIyMjIyMjIyMjIyMjIyMjIyMjIyMjIyMjIyMjIyMjIyMjIyMjIyMjIyMjL\/wgARCAEmAK0DASIAAhEBAxEB\/8QAGwAAAgMBAQEAAAAAAAAAAAAABAUCAwYBAAf\/xAAYAQADAQEAAAAAAAAAAAAAAAABAgMABP\/aAAwDAQACEAMQAAABrICuqrMxY3M5TusygyjJlmZ6c7d8n7KrENkJaICpzXlz1DpQKV954Lb73iK7hLWq2aq2Aiyku8wnaKUwZLmKvh7C0ZAkLEO0bvu5lsfcvyeFMkj5ujSK0oDyMedh7IR62YtM6dPPZL72iQSFdWbuqknm6k9dvOXoZwsX9\/JCMO157ZRkNL3fTdAs0dHPXN+BnRiZVcctjkTRVbdHbPKTKyuFxIG1o4wTWrpgpkUHSVsh61J0k1wNoJ6lWzECBRa24QjAq8C0DR7FA\/i9oMUK0fMMrp6p4YoTDihovaQS4te4H7TEk3odmMBDqqAMVtBGUuA\/oMmciFVc1FCxlbTTcAl1l4MlYMaIVFNnw2MLRRDswJ0h3lradUq+lex7FSR9J+XfRoUtQuPn8zrHWff3lQZzgbypmtw7dnn0HHGZ5usiAGV42a5pKlbNd5zoHr6WzYpFrMaDdVEojbHQvkecnDHgZdLJh9dl2c2eYnZCTbAsUfLbQxRSGMso6w0bufsETZFq2GMuYCMNmRRdJ4y57amqdTTTZXa4htrWOCdyokE1qJivg2i6DU3Eg8tZqJ376um3OW2z2iw111Vsqc53mWiokR0oxW3ybBaasczZitLhz0XSnDuisZMA+XtaKKAgxlN4FeS\/QZvQkbeXOK8oWwK+AYBFa8zqE7LiHAD3nsRyN08tX6PL0V+Eo4O+3nRa8J65oJlE0iV623UZdVpR93bg9\/CAa7ZOmFi8ykn1BS5hA1p2YDZDL3LVvHtpAIDcqAO6nKap021lJA1Uvc2jLkzgLJUFBsF9Eymw9qguNDTa5qcZyd1t6tirUulDdWNHVZbSONqSna5Zc9DafIx28KcEV8pY5sjPSCtWpbRIzE07xHYHZrWVqbyd0Fiu1ioyg1xyuTIyhVUCXWJPY9R1cRdjuVhw7jxRSqUiRqOWREbLaog3c7EGUIX5vaTMQbb2KhINs1yC8ElYFJlkaJeQZUJM4i0IgZYNZzAjtUgzSY7KfSisvgeenhcMzhU5VzoOwVM2CqwoJp2R4OVJqh0i\/nhRoFVXndIpKSgcWcc1fbDlyyxpIaxNo8wGpNtrdF9LXxVXJpAZbS2iwXRICZS+e8DMj3hjCfeRw7veILv95Gqq97a6HvLhyPeJ5R72Wij3nFA\/vOP\/xAApEAACAgEDAwMFAQEBAAAAAAABAgADEQQSIRATMQUiQRQgIzIzJBVD\/9oACAEBAAEFAuTFwYkXoRzMxVzAk2zEZcxuC6Bo9EIx0z0HT5EQ+4eEXMdOMQRBGcJLdZYsq1+YGV1cdCBLKshl29PmZjGVtK+IGMS2WWwscr5EH5LCBNWnt9MsJDw9CI9eY9e0zzMQnmvzXiA8Dwx90rg8MtkZLxQqXKPSk2q8bnrxHrDB9NiHg7gOimI8S2B4xy0Q8qYwwbLBvsfMor7dVjdc9SJfVhvBYc+Ir4gszEaeegiNG\/S19s03usZozZmeg6\/DtunZUwnnoG2xLMxTB4EqRmniNWCdoQFSVZHHRfMzN3MsBE7kLmB5u6IeUcTMorDKOAfMImJ5svQCCGNZiG6V6gGWONp8nzA0BzBEbB02bLQMLnEGoTCaup+hmMWNyD7YzSx5mbsTuGdyMhHQTeJ3RFbM9Mo2Vy5t04NemVgy8LD\/AFPEv4Zo+SD03TMfmduNXwVx09O051Gp4AsYiPaBMss06bzMwH8vmXDKEZjrHX7yoMNXPp+k+moxiNtdaqMWahDKF2nxDG9t6+WGQRgkRxgsMdNvQ9aCBf4hbE11x01Wis31yqrZZDNWo21vmEyxYY9YaNURNv3eDVet9bOtY1l51Fvpo\/zjqTNShso0NmafMK8DUDKOrTE7SmHTpM9a62ea6jeUteovdZZAJp02V\/PQx8kL\/n9REBnqVZpuTUMsHqBn\/RYT69vs0B26m840\/Shd1yjp8TzGnqdZD6LVd2sYmpo71JGD1zBNDpRbLNNVUm433fQUZ1WnOns9PXOqX7Plp6gm6itzU+m1iWzaXmp0pqv7ZgQwjkwTSLu0WpsKV03ulrhWT1PGPTR\/oX7G8mXLuqikq1WubNqNqUK7WxCgMwIRiV6qyuu3UG5m4htdluua5vSx+QfY4hhl67bZSBKWEtU2N1pQO\/09da2V9uP46el\/0+xhxGmt4tDyj8isSjUZMt9tggOZpWCu7YF7DbYMdfTP6wdfg8E+NYvvxg6Ru2ow66cYmtrw4PCaNFGoq2zusAzl3c5r3TeJ6YffB9jjkTW1+24YfSqDp6Rt1CjZbqcYs\/E627he\/wCPxMe+we0gwT0\/p8wwSwdLF3JqU2zS3dpyMtcPdZ7tPZUHgcqZZjYHxCc18TbNB+q\/rBDBHHExNdVwJVntGxWr+O3YD0f+Q5NgITGIrGen8pX+nT4E+PmXrvWwbLe9s02mzchLIVIIyJkR\/wCSHlk3P09N\/Sr9PtsG2eYRNdThis0t3Ys7iWzgdf8Aw4m7t09PT\/0pPtmJicTMcZA6atQa9+DnMU7Su7bjJND47WKPm0b046aMHs6Nsn5hnwJ8Y5e3E1moNMMBzAZXd7VBQoHdbn\/GgG7GBtm1t3p\/8qQA3QwT5mptwcqia28XWAZniYmeguYT2GvZXjOQExO2CdNf22VwyKzzuw6gCfUWY75MO5pqGFS2223RK+4X05rmMQT6a0wjnbE9lZYbd3sDcbubMlqrrKjptbWwNlc4jFVRtZWgb1OXXG07VMVlA9nb2Lnt9uxhdd0LYi\/rjMAGxlyoXHQJyeDjNdmRbWWa28YTAm3MwRGdyiscmz3frDZmGbtxz7QcjTLvNtICDiGBuCZSd2nv4sob\/RqCjAYnA6Fp7Zx0HhrMxK8QJgc7an2QWBqtgm2bfaa5pUxptSvu27Gro7i26fYNuZwsYwYJ2nPwzTbyBAIvll3lNwYUzsifT8BbAeUqttjNiabUqqXXF4A5HZJgTEandG3pAymFOg4A8jwBLq8yh+502REG8quCN2r25hQTt4m2Y4x04MsqSGyzJSbMQDAUGKk2sJ2iHQHIzllxLC2F03aGzgpiHh+3BXuGwZKRq+DXwVxP\/8QAJBEAAgICAgICAgMAAAAAAAAAAAECERAhAxIgMQRBEyJRYXH\/2gAIAQMBAT8BJMrEIH4ycSMsVmSO2OPE8KQneExocT0cciUqRySzEsoRI6tshGhs6WNUxI6+KQuPWySEcnsjhITLFsQ+X6LEyS0Ji8IjzYiURMvxSwyOKKKK1lZRFkk0diNt0ifBKMbeGIYxYcv1rC4pcf7HJ8hTjRQ8yxp+x60iiXyO0aGvssb1n6xDeh\/x4zSF4J0yMq2iLV7xZEmLLPbOo8f0IltC0Wix7IxS34rFWPiFxqiljqUf6dbIKPWmdWhWS9C9UPWNZUs0SE2hvFI6+T8v\/8QAHhEAAgICAwEBAAAAAAAAAAAAAAECERASAyAhMUH\/2gAIAQIBAT8BoSLxOdC5EyLGs2MTNVjnI\/SGHEl4WPCkfTlj4QjbIRzI1LZeN0kcsm0QVG9Clsiyyujfo+T0TJfDjYzYscUak3SxHiKJLwi6JLCkXjmX6Qj7eaJKmRlfg0U8ooeETRHwpFCZbvH4PKRPj\/UcbUjQZGabFh4WJy8IPV2RlZupeChqKReY45PmIyFx0Iiius11ixPq1ZKA\/heIiHlYsaJKy6Ii6Lp702I8g5+lmxsbZd2WeEX6Sq7F6JFFDGWWzYgOmJmwpl3hn6PC+dEI\/8QAMBAAAQMCBAUEAQMFAQAAAAAAAQACERAhEiAxQSIwUWFxAzKBkRNCUqEjM0BicuH\/2gAIAQEABj8CurZD\/l8LV\/UZCxNMjJbkTWFrUnahKcw+cunOf+PWUAfU4zuiPVMhPcc9lGW+aUP7n0pWkE3PIlacor2qeTotuZAELXkTycZGWUApyaqDyQ0FQpTnOdYFWJ+qnsEJ3RGbfP8Ald+rSmHZGJ1R\/GD8IUcgp68wN\/SLlQNlOwo8FlvddOLnOMHSpp45dlDve65oWnREOOKFZmKRh8J4jeoRCI5fpk6YhWWnjKDqeob371lB2zhTEOWHM+kXOU7DRNtle1u4X4z7mGpB2OTTIcImBKxtiGskqWOhcTyaNHTNGzq426OrYZR3svV\/4Aq0d87XhCfcNaFrs5c8HCFiZ6ZkXEI+nBh50QGH+VGx0Qzz0WJqwmzlY2RbTTJ6fhOZ6ZGIBNLQC91roFzvlNG6+M7h2pLdQoDQsRNxooOoy4WmIMhBxs6ED1CDZ4RspcneM5ThSU5g3CxtG0ZIOiuJVtE3xU8gmgaNN1iHhGURXiWqAm6HLvuKF0TsnohYh80OK8rG2I3WtJrPfkYulGjqnNO9AiNtkCEWndCfCBQHLheF\/qVi3BUruEJ2Ug0b4pi61+UORPxQSgJ4go2dZWqygb3OQcjCoIQ\/cU7chRCvVilMjrX5z4q4+tJOhCkfS0qzyaHqLZDTVa5i1RXWkwuIm17UbG5rI2ThOchQ25V7k2CmaXUG6xLissIGlkCvFSp0MZ4apcYC4faMmlNStYGq1CHhaSg4B2Hsi11h1UtdPhe5XarMJWgXtC4nLErzHZbDytnAdKzh+69boWTqWKuuB0SgHmHr3t+1qpJAW5XCz+VxHF0CGH6KcIwz8rhABI8q7ST0Ca5oBQLcQIsRh\/8AaDeU6aRlCCMWV75YcVYoRwkdFiddfsoOyNHA9E6JkbVFGqU0ItBV1bPAV7rVaKeuyJm5GYWQesR0Kma2la57iwWl+q\/HuupV1uo9yDRshKPCYWE28qAJUQArlWVlpPdd8+JuoUGMntCMC1PbmupbYqEEVKF6aqbLFKusU3CIkKdyvigFCoWq1WtP\/8QAJhABAAICAgICAgMBAQEAAAAAAQARITFBURBhcYGRobHB8NHx4f\/aAAgBAQABPyFULXX4J8ARXugguuahrG5upf4nrE2mLxxJyoIC43AMk3o78Lb3ExLiplGcS+q4hPh49SirpJseE7OXomZJNVUR18k3CNg0kryy6jC4TcoqzCniVWEJhCuYKsIdjvUrYYxhWcBidv5mc6TJtIvFENAZCxI7V1hCVMb4l2GJbDsIUjYcE5uaeHclay8p8BUlj4wc+5tfgMBgm54lERtDiFRaz3F2RwfEVEup6ha+Htk2ky0hu3FzGMjmObxKcCA+4cDHHhYJdHnctiYNhpNiOM1C9QECmLiC1CpRCbgpiWgxMsKmRCxidyY1EGsyzI\/cFjp3Lyo79Eel\/aLKNSk8TOE3nPi67QlThDNH7E50EY78Yh7lyOr9zoY8zOBR2yjD6leFDmppQ67gHlNgY9eOiDmW2wpA3HaEcssAw18HPMrxwwFYqoYlRhYOPcAAdQSlFQH2\/EOSFegWYXvmUuerqBhzKopkjcsSloo5iDvxFDztEG1kADoxEBWAlbhUwXUXbiOtpsmsbE2ISu0pTCvolB8xONRfcLMMx7jbhfEc0xxFTmA8VHggVRioWcD6g5D3LTbCNDaLEwc8wC4Zen5hSKrXLcdzL4JfJxMGmIqL4LBglw4QdQXS48CcAzG2HxlcZn1ACFAoCYGZKuYrmdkCaYqCM1NsEdY8bPuiBuWsUIoPUohhl5147iZ8WFy2HFmh46IGOQwpmblosqBWbAysfqZOBnms4IxnkjU8bi+xAY5IrHUNGXFmJsBDLBcNTS5izHEvua3TP5jFSuWOc1\/c7udzZGsaoq7Xgl1uUrqJL0MN3mQMUbhq82\/UFk9JLkrUavhQYb8VNS8MSobM9IhgVGOXEjCYWv3NahqLArMUjKVHuNKvUGuTPqIo4grrRHNxKRwUuXMQwRnYgPiKAj5JGy3zXhotTGWH06VU14pWpYhiNVNPMAdkJNymXf8AMWy6YHQxBs\/qCG6i0w8Uh0Vwbma\/mkqVxPd4mKJiGY2TSaYhB5GB6EP9z6PcKkI67GX5emUsB5weL23Feo7xS4tlvh8jMRCnNN4tjpRdlpY7eRT4iM1hqG5U1HKWG20shSfuCgITgIPcWWeRgGyX84TqVNo8wiXR\/wBTK0UHdQGiU+T\/APIGirzwlSrb4fUub1OEIlPgVJic5DhqAmqCyU8trAP8MRExwISyRKNRINfk3XcH+gGJqvR6jjesGp1u0dTJwqrwwmYZpibhNz5MhNjj3HWX2EAUasPjxQ+L11yYs7YZ4GHRvb9eov8ADuXDOY8fqdENRzNS6bh5h6rcDmdCGNBy1eqlKnnfcB76USLGXksozj7liWPTLjte6vUsHo\/uL1DBHX3hOngjmMmZfWWDhRHBTMTBi0JVRum5kN3E7IiuBwWxMahjAGkCqtZznuMF2yt5IQpuMgyceGDKiQ1Kpy3LCOUpHvMWPJV6jMhLEobxww20w4Znp2+EXXOIFkcL6ZjEqjD3bCgu7lI9ZZxoacx0PzDh7moNTaKchDcsFnEXB25SC5M+pWCqDMLsRjW5CYvMJfQJFxmXU5vKXadQekKP99QUx6QJliHn9RMxVNZjLpDJGzHwmEt\/UwcxbDOoqvQl2m4P\/Usr1f7lIy73GA1nOfuEIOWoYnVU5IP2TCfcy+OMI+BLlKrDVuILCqf1LWhf8xFHoPUpmAf5ipLFfExuXLnEYK0Xsgg9pg6zL+I8wnbxD\/ecYjiDxNMIWTiZt6zMbcOhyzLDEvDcRI5CJzBw7TUuyNZDQP6hbHEbV2V\/qBe5ReISr1Eo6YJdVURFDQjhdynEzM1H6gXrNShVsE6LbiFWmN6XDLQ6cWXCQdFoYtBWg9azH66fjEyYF63FAFtmuI6tseLucI5Z6n4wL11LCsFwsT+mWTgaGJu+0ce5W1IFSpqUA27zmB3gyBU6gX2loA03DG7tSgNwLAxDV3zK6BNojZEmjibECqcw5uWD576g8T2QXTDQ9+MHCZQoYi3rU\/6RAAWt5biIr5SIoN3tMy66triNmLitr9SrWDNNQMamLUXkf8ygGZ9TeB7jkVSuUXds58nRgjZdUHbHCnSaRaBDaqpbVQLedRfDcDuUi6nVg\/mWf9RPxwxKhoNyiFK6hWp9fxGOZ37lOJXJEpXBMzAsz+FNMWX+pLZYElQB2sRoB6KlhgPmAqJNmiDHbeUlFQV6wrUtYMW626o1C9bqQjfVmiYGDnJf3v8AUx6yggix4nHZKln2TmYNZ4lpGFv5i6PMQd9fiYKdw3g1CyrZFcGkK3cOZeE4jMGMupZwbP7hHcz89fMCrQ\/li2AxDWoZFiu8NXnuBjgbKct9vMsDXERj0K6YU\/tichBECGjF4jdtLL1HiyAUTFmXE6qA94mEVnDMtD9Q2fyllBx1CwM68k2HcU\/Mw0nIblq9hzHSlfUedF8w6dX\/AKZwwjO2ZJi4mdGsQdpHoe2pkxQpGG4gMGiAuapQGY8zuEuzOWavfio6BdSuTqJdF4lQPM6CVrcr\/geoFOyK9NQTu03ncrE\/ZgLGI9MDGrd4YNeFM+2DZx5wQQlOGIhdRowhOc1iVT8SDsn0TLBNgU3sivujiD8elTJyTl5n3GeyFDZCUrEWliU4QQ\/MCqoGoWmxcGaP9ibGsy3mDgxNdQ1Vh2RaNH5lbAE7+JPESo6Iy2q1UJ6JwKzOc3U9giPZHayVVw4qKBQ2OIx5OMxUYavE0FUrBiUaHGCWbRyrLG2Mo3IlWs3cMsMTI9R9lwzjipMYcaTTP\/\/aAAwDAQACAAMAAAAQLQl41iG7wui+jcAR2gf6JN4OoycXI4Am7vAP4qUEMwVDGphNHGOkoUZ1QnAy\/nFj3wtPEj2BkaGuVnrmWy9plPEahnMXvnHHu8P8UF1gjloJlzqTqiMROsisuyVbFXLmUz7UgR7+RW03idAxC578h3XCahlvu21vGQ6EyRBzC92S3fZbHYRDk+8Qn33UiyztKVl20eCD+Dfhf8fcj\/\/EABwRAQEBAQEBAQEBAAAAAAAAAAEAESExQRBRYf\/aAAgBAwEBPxBtISbJbfJR6WHSU43pMz\/LJBtBkOtm+Qwb7MXxyZA25fzjVbJFyvj+Esbv2eeSfG\/gjOhuxk6y5Nrf0Q7DsyfLPttqAeR7D1Ys7yN9kOX+7Mwe23EpdbvbaLv2V2Px\/J8yPbeXDLTJR0mOQJvLZeXKznJ\/h1urEix0x\/GfLzeSytHPwx\/YA9H8BZ+PF6jjLGTLb+3543y5j38D7bJeI52OHxMT4QG8l2c4t2sPPxNmcljUFcRPkMAwukufhfcu1bvpETTT8eoaS5bLlw7Z5Qc5aJLc\/DeBLHb\/AEsS8EDqMS4Q32UMn3EG3cbDyTb\/AA2iDOwHRPZdnyWD2PM9wI6xLT+Wi3+Q92LMvnLiRttgXUmXWwlrJ9g\/PkPYZdJn8Zv\/xAAdEQADAAMBAQEBAAAAAAAAAAAAAREQITFBUWEg\/9oACAECAQE\/EHCJEJwUYhOw5rK6GIl4JtOMlGiFPRR04hGxPorR1Q+AzTY6ePGTZpBXYpB6EHKbLY\/kgJWOJ0eCFZYaRVEOD9nQhorXRzk40iw4YlB4KkPBOOYZ1vRDbEiWsS6DZUUQujpYrMgmxs0bQmo3aGgTHwSqMiQbYsPdDVs9CcFBWloT6Z1hCH0kCeeofwKpSQRohvTwSORObOdDIhCU3BZSyhthYPaGgS0T0Iamy3hTLCFp4S8SDJEUGHuGd2QEBHA0XRNMjFNiQlRi6H4ZXgxNChBu0cab2K\/CsT6Nvg27s6fge+miz0TrRVw4likPojw509HShqyhFiIEbm00ExTRQvLGhlvpFdGVBKURYxC8v5E2dMrub\/\/EACUQAQACAgIBAwUBAQAAAAAAAAEAESExQVFhcYGRobHB0fDh8f\/aAAgBAQABPxDCjdp\/pKNUNFlX+v8AYgBjcU4IFiWFW8enUqp0RrLAPzxL7vDBLJg40xLe3uHTESBnErRqECuiK12I3HNa4NQ1It3eG5loRdctTGwh6e8tW6z3Arib+YjOdS\/dsrBRvThJ465Qeg1lhbFlMSg1esISyBuHsQ8EKglesqDAVqGs1ybK7l9ZlLV9b5jsAMWUnuniAyhFhK2Nzhxbibfy1QTFCnH\/ACWc50FU+8DVazmWoyzcaFUHrEKvxKDap7QaBDge\/wC\/EBFC2VXBgUHWCEXiF5ZgVWnGJRGnktAkKtdwgaKqUyNap8Y\/E6hcVqUCucBUqmDs1oSKd5uJVCkKx0zcy0wvUG0QJGLZS6djDkazjzKRXNcMC9RXkzqCxdI6qZDF0XKE0ic3uZSarHmJQNBTe8f7FzsRhRj4kXFRWQhknC\/07gBFephj1hAyyN5dNsOvKLWSz+j4JpGmYAcXbLq6WhqZFxjHmNgUUMesdAUtXLzVFqVqJyEDUwmRzqGKq3EjOY\/mImSM7jDoFVGRsywEGImTHxEUse8II6YKSwCY1BX3d\/FfEyg6DT3DBpQHTn0rvxAxyY4XiOLk4eYat465hrCCeIwZEOYr256YDRcVEVM3zqawOTbKvQW9f7BtwPVxAdgxNoRmGgqGFq5RmS7Blq4KNQgA5MVhjlWr3BANp3AVtFktFt6JcvMYqY54\/MuKdS9X1lGgVWmVUBbhLWGD6xCxj4l3Res1G4rYz5YgxDV3mLtMNcn2i3o3fevmVg0NQ3gleZbG3GfEOFpTglYWQqae0ohzVedx9cyi+I0L5yHLnuMEbAF58LqIdIcDagIq5dpLTI+ViN2GT8zBFKIhWwohR5NXAoWm8Qmt4iKtTslVMpMBKPSDxacQKZNG+472adkYBdHMFLgHmYrcy2zMS8HGG30hHAGAESxo2P0gDard1GS717YIqt9cencVDvJrXX5lwe2Br1mQUeKiK+ggQHD6S0mab5uYIH1vMpaOQMWFq5ZYvGmLVhy8weKwViZBlCVA6rqoJHTGSW5F5fHL8QNUMB9IyIDM7EDCK5AWocc7r0PvAKao6qEsBvRAYe1CqwD7BE+YNWrtjzAqKyu3iGXNPeD1lotVWczgKuYYimtX\/eZQOJsFR6GLKxZXd+NSseUsqSrMPgOMZ1EKCVaCuYrm+79vMG9zY9plRqfLEokb02Muq96iHFCrSo3w58QCxybF+syK6JQl3pXxLo3u41lv7Qlgo3LDSYunmWa2o74lnEvOJhBrOTqIc63DBduZlMGTbqFxYMNbi1Qo5qLIAN41FDj2dxD5IzVHj3aPeD8MAwBoijWAn24\/MypUaDOZhgrZDC692KHdzuhwHEVcVcSoN2XNqq6fWXji1suBWtVYdzOWPFMpSvZqUsVnzmobUQ9eP78RoKF+YalXkXzOKa4iF553DaAa3zEMDS1kz4COwXjkDkfGfmJYc82sAhahcYeZnENZlnHvmPHoyFhormsHjiUukLJCbKr8xOVWcEGOnkINWt3G8MFfosQysUfM3wtXmAVag0ppYeZoAvzDWMXml1RHCyzqFjsjR6EdtpR3WD0CIGOc\/wCw6Hg8xbAYLpyq\/glE6VHN8\/mUWG96iXs62Nppd2V7dQaA3EbbQld5RQEzmoeiJ\/TmM6YgAWaO0ClHXeYfez0XN4ewX7QAdedL3AQDE3hcRqlvqLwviGTBo10OeZR3Rsy+mORTymMQl8KzfmO5PY4dxNxw4jrDiWOCknN84mIfQcNy\/Yfc8mDbToKrEtYLEzhm5cJ3pg3HWufSYkDfzLMdJpyvVmYfEXt68Rt4K9IlZTGbA5frAWpx1Qce+eeotaFWYfZhdYjIuPpO3Ch8ykhQnWagyeGWMfE1ROd9ELOFMdsxpgt4XX1x7x0AIFpmmEdr1Tdy8Qb2f7\/EEqGSyA0us5YALDTVZ9Euj8kCmj1GyAoYZYeB+\/BZ9Qh1VaLNr9w+kcb+IUYY853zf4hBN9Q2\/JFkTJEbDiJSvEpY+iIQ5Ju+JZ4RLnx7qgF8nQlS9ttcJHnMbqQwsUVe4+lPJMqqb8RsL1frOc8EobMNgz30Vmu4LM66bFPLrxFFXFNTAy0b34hUVlJmx67lM3rAXVMBzVOz6V+YK2571Dl6zFF4uIpGCpbcpaDHiVsFg\/ZhYx6SsDphkjsGqT1iNGDmzXoRf6Kv0jA6GuL4mA1LPEpRanFThyYqMbNQDFldN3SH5zAY7n2+SHeH4lt9ZrdC4rP7Sg0DJVtfeK+AlG6pk+ai99ZfKQZWmMzetT2iBfPMxWsSwzm8QgopB61DetncV4yymKY5S\/AO\/mK0dig9FEGK5STCYqWi5iDRvBfEoDjk6lS2zc6QeRsx+5ckJVhRc+N6zGXNbBhFq\/cPmVr4JUPPrCyAGj0P35l2nQo95ZpRiDTfPcebeZgYzUwHjDEPoQhqmy4vCDr5\/wCRUbglprgQ33is3N10RTDVm+yF+AW8rYXUHibFfWKunHfcD2gUN4h+CzRdCkL7y\/8AIzbPTe1\/ipQe3DPqlj\/kt6Eo0BRDQcRiXKx06Kg8My5PGIFC85j6mTUOlyDD0qNsrbriMuQigZK8+SoJa\/gbLD8NSqkW2hWWXjUwjM0Di8n3iCzGLUcWlzglqzwlN6AE5p7Of1LWQxMA9+ZgDH5T+Z4ixtKDGDyj6QUUuRjabXHAhxqWHPHctQS4BwYPSErpxDnBYt4v\/YzYxSnioRkEj0y\/U+YC\/wBX3uAHq+B4r\/v0i+0AwNcD9K+JUlxhZLWmfouRr7R3QIBo6qa7zZTVpvUGvNeCs+koRqoT1Y6R3ZuAKu0r0jAzX6IcniLLZiUu5SgPmDR4mtANTAg2SuObGunD+PiOSWH\/AEQELQTlb+iCkFOlSyojsFoOL6z8TIe+fpzmGwVtvcXWZqKpxfPOftFGihB6E+JtWcY88nph+SHScFX6xWTU8WHH3CIaL6RQUhos3GUNJg16QrgqgxFfHUd+RuFq8yyzcexq9fxLrNXOf5WeI+ney8j\/ABM63vjv+\/E1zdbwmMekEKG4ZqYS\/pcojFAbMi3KqgQersfuxbCaW8t55YV07D0x+4gcrD1LJfqKxgTdZsluTSMuAUqvgliCrP2h8dvMsd3AuGJk77lljiEs6O4CLaVUQsqIcdoVBNjkloWAfETXyMLQBSttfuIOFiqqF17GNVgrXt3uCN5eiGQweIEFY2ceHzBOyHyiIQJTeyvv9YJAUTWYCiIdupXoXj4ivdUfaBoTiBFXuBbGyYYcRmOZcouvaAFhQiNNMnDPzURhsbOg5IVVyH4LmE4BhVy5xbv9RE7BW9DnjX1gto8LmdApySw1xBvWkr6xMowAnzLhYJvGD9PrEiBtImqaLbmlsCV5iV6EGIZXRhVVVM3lHKRWVLAKpaHUSzWaiuf6vpLgBTkEvJAN1WIKB1f594hKunF4mUADb7PqR3IWbZvhmZpV4ce0UWovJi\/Mdi0yLdmUdAotdRxIOw7XKPYH2hhNK35l1LAYhq2z94SybKrGf+R6zKvERwK7gyxMDs98CUF1l7qM9mzOeIRD1a+IYrJo9kZLtsTjz6QSQMAazAhMtJ4isWgwOv7HxFuze0r1ipksaqWrjkEv4hFYQ9FQx9IBYUNDOB4IIixwO1PoD8QVhYXQPUBosGkioRBC3KPCoUvimvzLA5GysQ5Yqy6gaQWXtgaDLYzFVnLcGoo6HRLMpWvj+xG1wGzBAA7xDAfouOvlaqcvMuOW1q8sRG3kWENMvoiAYUAH3SocBdK9z7UQw7ufVxoviArA07yTO1H2LKX7J8RAWVaxxACpWi+Y1FtaHiBaY0YvW\/iHrLOa4laIW1U1nQzcCInw4iqAQ4DqXEUD1zCBL0obpm\/fUoTy1W43MsTeXL6Yl4aaNrKSB3cFwu4AAV6S7YDK+pi6i7QZ9Y6agmzkH++8XyDk2HleYANYWldH4ZmjAIlL8qa946A9qq10FVNQm8KFUWs0fWECBYzT6jAAdOwHXMb0cr\/ruXR0SgH3mKV6obftUbUFbCPtUs49\/wAiETY0bVmiJindJRX3\/wCwwUiGBjzKs0AuAQtrRklwP6MwXlxcQQuUFemUG5MoQsCrOw1KNVU4l3EgRpQx+z4m9ACE6\/6fmVVQRANG34hXWusTI3cWq211VnHqxuUAFCIYMMFhVSJXkH+3AAfGKzT1BW8StE6\/hcIwi8lPmLS7y3fQItYcBMa9594\/16lAeaeD9xGphcKoAoyORZv2wLEUYmz3s3cQYQ4hV3Yezz4lA8ygAExXk5rDUFvcwELTrlzeDiBFsPxAAGuRWfMCWziFXj08wWxTHhLlHh\/v7iYDpfqrUIGzKzu4RRcCniHv0oY3CQBVtdgSoMhfapXLVClKwQUyxtXRZ3GWAtMRDnLiu8VK0FY1f94lgCuTGqH4PrGM0XpQatXb1oiqzzY1sr638xgRarNWl93afEI2vQYSnqznJBChVZc692RguBXg5K4\/v1ANyjsuHkU4TTUAtAmF+8vQ4Qu9BXvUEAtgIqYV046haCUXiqlDRcIDVxwJpNJ9pS9KuXmmrjHKidb0f3rLkRmD6XH\/ANarFW4LgQSItjiVhhz5iLTjZxfUa5lFZPV+7FSh0U6yXHclG8L2zBwO3e617RhDpjeufzATQpYpXEFEFY0EvxHAx5ZNzOQLFW\/eoO9jgWbP4o8XrdnK+\/UrWv65SqLppB\/u5fppaaqVuaHdlQdgLSr9oIHIArUVQCnBnI5+0Z5TuF1hMxyL4Iq91VeT8QVkDyNY7\/zErCXOMkGC5xHdfEFpAtRomqXikN1mGBkKKYBToGA5pjbQFe\/T9QejMMvGJcmYPodzHhbVHMdgQCt3mjHuce8oRmjAOuOI0iC1eQxa59PrCHuBX+JShcuU1a\/SIIq5MCLplwDoHoxfG4cC2reBWve5TuzayWstzbS2KN\/XnqAjOw8NJ11HV58p1hmy1u13xLJkZuDrAuXi\/wCqYWxHE1CdL0ZM8wOJv4FYHCCIFWMN53EiCK85v\/P9lU8Lov8Av6pwotdUTAQCUhAC2JQy9Udx8\/Ls584NCGSP9\/VCoAXz3UGW8KNltp1nbx95cYDaba7fP2ZTJh+Hh4zMt3DJ\/fqOZY+g\/qjQTeRNvcEigAMoSoM7dMJbnKDKTXkz5\/vxLiHhBdf2ZZKFTNGYQ4BhVeI0DKVfPMELtOSUg0WXx\/Y+IVgigDmWm05BOv3FbPJoC3r5mWkhTOvT+4IC2BQRdOO\/XuJkqyZRXJfiKeNWUCt4LnmTxrfmiNYGlGM3iUAewSgWDM4Si4KKCzSYlSkpci5S6rRxmMt8jCnO\/wBR80fMZNF8IahIsK3U\/9k=\" name=\"Obraz1\" width=\"110\" hspace=\"10\" height=\"187\" align=\"left\"\/> <br clear=\"left\"\/> 18 listopada 1914 roku. Carski \u017co\u0142nierz uprowadzi\u0142 j\u0105 przemoc\u0105 i bestialsko zamordowa\u0142, gdy broni\u0142a si\u0119 pragn\u0105c zachowa\u0107 dziewictwo. Po kilku dniach, 4 grudnia 1914 r., w pobliskim lesie znaleziono jej zmasakrowane zw\u0142oki. Tragedia jej \u015bmierci nie mia\u0142a ludzkich \u015bwiadk\u00f3w. Pogrzeb Karoliny by\u0142 wielk\u0105 manifestacj\u0105 okolicznej ludno\u015bci, kt\u00f3ra z wielkim przekonaniem m\u00f3wi\u0142a, \u017ce uczestniczy w pogrzebie m\u0119czennicy. Pochowano j\u0105 w parafialnym ko\u015bciele we wsi Zabawa. W 1987 r. papie\u017c Jan Pawe\u0142 II w Tarnowie beatyfikowa\u0142 Karolin\u0119. <em>Sta\u0142a si\u0119 patronk\u0105 Ruchu Czystych Serc. Jest patronk\u0105 diecezji rzeszowskiej, a tak\u017ce Katolickiego Stowarzyszenia M\u0142odzie\u017cy.<\/em>\n\nW ikonografii B\u0142ogos\u0142awiona przedstawiana jest z palm\u0105 w r\u0119ce.<\/pre>\n<p>&nbsp;<\/p>\n","protected":false},"excerpt":{"rendered":"<p>B\u0142ogos\u0142awiona Karolina K\u00f3zk\u00f3wna Urodzi\u0142a si\u0119 w podtarnowskiej wsi Wa\u0142-Ruda 2 sierpnia 1898 r. jako czwarte z jedena\u015bciorga dzieci. Pi\u0119\u0107 dni p\u00f3\u017aniej otrzyma\u0142a chrzest w ko\u015bciele parafialnym w Rad\u0142owie. Jej rodzice posiadali niewielkie gospodarstwo. Pracowa\u0142a z nimi na roli. Wzrasta\u0142a w atmosferze \u017cywej i autentycznej wiary, kt\u00f3ra wyra\u017ca\u0142a si\u0119 we wsp\u00f3lnej rodzinnej modlitwie wieczorem i przy &hellip; <a href=\"https:\/\/parafiagierczyce.pl\/?page_id=1594\" class=\"more-link\">Czytaj dalej <span class=\"screen-reader-text\">B\u0142ogos\u0142awiona Karolina K\u00f3zk\u00f3wna<\/span> <span class=\"meta-nav\">&rarr;<\/span><\/a><\/p>\n","protected":false},"author":1,"featured_media":0,"parent":0,"menu_order":0,"comment_status":"closed","ping_status":"closed","template":"","meta":{"footnotes":"","_links_to":"","_links_to_target":""},"class_list":["post-1594","page","type-page","status-publish","hentry"],"_links":{"self":[{"href":"https:\/\/parafiagierczyce.pl\/index.php?rest_route=\/wp\/v2\/pages\/1594","targetHints":{"allow":["GET"]}}],"collection":[{"href":"https:\/\/parafiagierczyce.pl\/index.php?rest_route=\/wp\/v2\/pages"}],"about":[{"href":"https:\/\/parafiagierczyce.pl\/index.php?rest_route=\/wp\/v2\/types\/page"}],"author":[{"embeddable":true,"href":"https:\/\/parafiagierczyce.pl\/index.php?rest_route=\/wp\/v2\/users\/1"}],"replies":[{"embeddable":true,"href":"https:\/\/parafiagierczyce.pl\/index.php?rest_route=%2Fwp%2Fv2%2Fcomments&post=1594"}],"version-history":[{"count":2,"href":"https:\/\/parafiagierczyce.pl\/index.php?rest_route=\/wp\/v2\/pages\/1594\/revisions"}],"predecessor-version":[{"id":2409,"href":"https:\/\/parafiagierczyce.pl\/index.php?rest_route=\/wp\/v2\/pages\/1594\/revisions\/2409"}],"wp:attachment":[{"href":"https:\/\/parafiagierczyce.pl\/index.php?rest_route=%2Fwp%2Fv2%2Fmedia&parent=1594"}],"curies":[{"name":"wp","href":"https:\/\/api.w.org\/{rel}","templated":true}]}}