{"id":15,"date":"2016-09-04T13:40:00","date_gmt":"2016-09-04T12:40:00","guid":{"rendered":"http:\/\/parafiagierczyce.pl\/?page_id=15"},"modified":"2026-05-10T18:55:51","modified_gmt":"2026-05-10T16:55:51","slug":"ogloszenia-parafialne","status":"publish","type":"page","link":"https:\/\/parafiagierczyce.pl\/?page_id=15","title":{"rendered":"OG\u0141OSZENIA PARAFIALNE"},"content":{"rendered":"\n<p><em><strong>OG\u0141OSZENIA PARAFIALNE<\/strong><\/em><\/p>\n\n\n\n<p><em><strong>VI NIEDZIELA WIELKANOCNA 10 maja 2026 roku.<\/strong><\/em><\/p>\n\n\n\n<p><a href=\"https:\/\/stacja7.pl\/rozmowy-z-janem-pawlem-ii\/rozmowy-z-janem-pawlem-ii-szczescie\/\">\u201e<em><strong>Pok\u00f3j \u015bwiatowy, zaczyna si\u0119 od pokoju naszego serca.\u201d<\/strong><\/em> <strong>b\u0142. Stefan Wyszy\u0144ski<\/strong><\/a><\/p>\n\n\n\n<ol class=\"wp-block-list\">\n<li>Prze\u017cywamy VI Niedziel\u0119 rado\u015bci ze Zmartwychwstania Chrystusa. W naszej wsp\u00f3lnocie parafialnej go\u015bcimy ks. Bogdana Trz\u00f3pka misjonarza w Peru.<\/li>\n\n\n\n<li>W tym tygodniu przypadaj\u0105 kwartalne dni modlitw o urodzaje. Intencja ta b\u0119dzie towarzyszy\u0142a nam podczas Mszy \u015bw. i nabo\u017ce\u0144stw majowych na kt\u00f3re bardzo serdecznie zapraszam. Przypominam, \u017ce uczniowie klas VII i VIII w ramach przygotowania do bierzmowania s\u0105 zobowi\u0105zani do uczestnictwa w nabo\u017ce\u0144stwach majowych.<\/li>\n\n\n\n<li>W \u015brod\u0119 przypada Dzie\u0144 Fatimski. O godz. 17<sup><u>30<\/u><\/sup> godzinki do Matki Bo\u017cej Bolesnej, nast\u0119pnie Msza \u015bw. r\u00f3\u017caniec i procesja fatimska podczas kt\u00f3rej b\u0119dzie od\u015bpiewana Litania Loreta\u0144ska. Zapraszam dzieci pierwszokomunijne i m\u0142odzie\u017c przygotowuj\u0105c\u0105 si\u0119 do przyj\u0119cia sakramentu bierzmowania. Na procesj\u0119 przynie\u015bmy lampiony. Bardzo serdecznie wszystkich zapraszam.<\/li>\n\n\n\n<li>We czwartek po nabo\u017ce\u0144stwie majowym spotkanie LSO.<\/li>\n\n\n\n<li>W pi\u0105tek na godz. 17<sup><u>00<\/u><\/sup> zapraszam na prywatn\u0105 adoracj\u0119 Jezusa Chrystusa w Naj\u015bwi\u0119tszym Sakramencie. Na nabo\u017ce\u0144stwo majowe i Msz\u0119 \u015bw. zapraszam m\u0142odzie\u017c przygotowuj\u0105c\u0105 si\u0119 do przyj\u0119cia sakramentu bierzmowania. W tym dniu rozpocznie si\u0119 nowenna do Ducha \u015awi\u0119tego przed Uroczysto\u015bci\u0105 Zes\u0142ania Ducha \u015awi\u0119tego.<\/li>\n\n\n\n<li>W przysz\u0142\u0105 niedziele b\u0119dziemy prze\u017cywa\u0107 Uroczysto\u015b\u0107 Wniebowst\u0105pienia Pa\u0144skiego.<\/li>\n\n\n\n<li>Dzi\u0119kuj\u0119 osobom, kt\u00f3re w ostatnim tygodniu podj\u0119li si\u0119 zadania wyplewienia brzegu. Byli to: <strong>Pa\u0144stwo Renata i Benedykt Gajek, Dorota Kucharska i Wioletta W\u00f3jcik<\/strong>. Dzi\u0119kuj\u0119 tak\u017ce <strong>Pa\u0144stwu Agnieszce i Piotrowi W\u0142odkom<\/strong> za obsadzenie placu przy grodzie od strony ko\u015bcio\u0142a. <strong>Za prac\u0119 w tym skwarze i po\u015bwi\u0119cony czas, niech Matka Bo\u017ca Bolesna patronka naszej parafii ma Was i Wasze rodziny w swojej opiece.<\/strong> <strong>B\u00f3g zap\u0142a\u0107!<\/strong><\/li>\n\n\n\n<li>Dzi\u0119kuj\u0119 za posprz\u0105tanie naszej \u015bwi\u0105tyni i z\u0142o\u017cenie ofiary na kwiaty. <strong>B\u00f3g zap\u0142a\u0107!<\/strong> O posprz\u0105tanie ko\u015bcio\u0142a w sobot\u0119 od godz. 8<sup><u>45<\/u><\/sup> prosz\u0119 osoby z rodzin Pa\u0144stwa: <strong>Kukl\u00f3w, Migda\u0142\u00f3w nr 81 oraz Chwastk\u00f3w nr 9 i 135<\/strong> \u2013 mieszka\u0144c\u00f3w Nieszkowic.<\/li>\n<\/ol>\n\n\n\n<ol start=\"9\" class=\"wp-block-list\">\n<li>Dzi\u0119kuj\u0119 za ofiary sk\u0142adane na potrzeby parafii. W ostatnim tygodniu w 1 kopercie i 7 przelewach na konto zosta\u0142o z\u0142o\u017cone <strong>1430 z\u0142.<\/strong>. Rodzice dzieci pierwszokomunijnych na potrzeby parafii z\u0142o\u017cyli <strong>2650 z\u0142.<\/strong>, natomiast dzieci pierwszokomunijne w ramach akcji: \u201e<strong>Dla Siostry i Brata na kra\u0144cach \u015bwiata<\/strong>\u201d na misyjn\u0105 dzia\u0142alno\u015b\u0107 Ko\u015bcio\u0142a <strong>1660 z\u0142.<\/strong>. <strong>B\u00f3g zap\u0142a\u0107 za Wasze zrozumienie potrzeb i ofiarno\u015b\u0107!<\/strong><\/li>\n\n\n\n<li>Zach\u0119cam do lektury czasopism dost\u0119pnych na stojaku z pras\u0105.<\/li>\n\n\n\n<li>Wszystkim solenizantom\u00a0i jubilatom tego tygodnia, sk\u0142adam serdeczne \u017cyczenia: zdrowia, wszelkiej pomy\u015blno\u015bci, b\u0142ogos\u0142awie\u0144stwa Bo\u017cego oraz opieki ze strony \u015bwi\u0119tych patron\u00f3w i\u00a0wstawiennictwa MBB, patronki naszej parafii.<\/li>\n<\/ol>\n","protected":false},"excerpt":{"rendered":"<p>OG\u0141OSZENIA PARAFIALNE VI NIEDZIELA WIELKANOCNA 10 maja 2026 roku. \u201ePok\u00f3j \u015bwiatowy, zaczyna si\u0119 od pokoju naszego serca.\u201d b\u0142. Stefan Wyszy\u0144ski<\/p>\n","protected":false},"author":1,"featured_media":0,"parent":0,"menu_order":0,"comment_status":"closed","ping_status":"closed","template":"","meta":{"footnotes":"","_links_to":"","_links_to_target":""},"class_list":["post-15","page","type-page","status-publish","hentry"],"_links":{"self":[{"href":"https:\/\/parafiagierczyce.pl\/index.php?rest_route=\/wp\/v2\/pages\/15","targetHints":{"allow":["GET"]}}],"collection":[{"href":"https:\/\/parafiagierczyce.pl\/index.php?rest_route=\/wp\/v2\/pages"}],"about":[{"href":"https:\/\/parafiagierczyce.pl\/index.php?rest_route=\/wp\/v2\/types\/page"}],"author":[{"embeddable":true,"href":"https:\/\/parafiagierczyce.pl\/index.php?rest_route=\/wp\/v2\/users\/1"}],"replies":[{"embeddable":true,"href":"https:\/\/parafiagierczyce.pl\/index.php?rest_route=%2Fwp%2Fv2%2Fcomments&post=15"}],"version-history":[{"count":717,"href":"https:\/\/parafiagierczyce.pl\/index.php?rest_route=\/wp\/v2\/pages\/15\/revisions"}],"predecessor-version":[{"id":4708,"href":"https:\/\/parafiagierczyce.pl\/index.php?rest_route=\/wp\/v2\/pages\/15\/revisions\/4708"}],"wp:attachment":[{"href":"https:\/\/parafiagierczyce.pl\/index.php?rest_route=%2Fwp%2Fv2%2Fmedia&parent=15"}],"curies":[{"name":"wp","href":"https:\/\/api.w.org\/{rel}","templated":true}]}}