{"id":132,"date":"2015-11-15T06:04:46","date_gmt":"2015-11-15T06:04:46","guid":{"rendered":"http:\/\/parafiagierczyce.pl\/?page_id=132"},"modified":"2018-12-09T17:08:13","modified_gmt":"2018-12-09T16:08:13","slug":"ruchy-i-stowarzyszenia-w-parafii","status":"publish","type":"page","link":"https:\/\/parafiagierczyce.pl\/?page_id=132","title":{"rendered":"STOWARZYSZENIA I RUCHY W PARAFII"},"content":{"rendered":"<div class=\"moz-text-html\" lang=\"x-unicode\">\n<div>\n<h2><span style=\"color: #678bc2;\"><b><span style=\"font-family: Arial,Bold;\">Stowarzyszenie Przyjaci\u00f3\u0142 Scholi w Gierczycach<\/span><\/b><\/span><\/h2>\n<p>celem Stowarzyszenia jest wspieranie Parafialnej Scholi ,pomoc w organizowaniu zaj\u0119\u0107 dla dzieci i m\u0142odzie\u017cy s\u0142u\u017c\u0105cym rozwojowi talent\u00f3w oraz wsp\u00f3lnej zabawy , integrowaniu lokalnej spo\u0142eczno\u015bci.<\/p>\n<h5><b><span style=\"font-family: Arial,Bold;\"><br \/>\n<\/span>jest to stowarzyszenie zwyk\u0142e, zarejestrowane w:<br \/>\nStarosta Powiatu Boche\u0144skiego &#8211; Rejestr Stowarzysze\u0144<br \/>\nzarejestrowane dnia 21.04.2107<\/b><\/h5>\n<\/div>\n<div><b>&nbsp;<\/b><\/div>\n<div><b><a href=\"mailto:kontakt@scholagierczyce.pl\">kontakt@scholagierczyce.pl<\/a><br \/>\n<\/b><\/div>\n<div><span style=\"color: #ba2756;\"><b>&nbsp;<\/b><\/span><\/div>\n<p><b><span style=\"color: #ba2756;\">Konto stowarzyszenia:<\/span><br \/>\n57 1050 1445 1000 0090 3122 9124<br \/>\nING Bank \u015al\u0105ski SA O. w Krakowie<\/b><\/p>\n<div><b>&nbsp;<\/b><\/div>\n<\/div>\n<h6>===================================================<\/h6>\n<h2><span style=\"color: #678bc2;\">R\u00f3\u017ce r\u00f3\u017ca\u0144cowe<\/span><\/h2>\n<p>&nbsp;<\/p>\n","protected":false},"excerpt":{"rendered":"<p>Stowarzyszenie Przyjaci\u00f3\u0142 Scholi w Gierczycach celem Stowarzyszenia jest wspieranie Parafialnej Scholi ,pomoc w organizowaniu zaj\u0119\u0107 dla dzieci i m\u0142odzie\u017cy s\u0142u\u017c\u0105cym rozwojowi talent\u00f3w oraz wsp\u00f3lnej zabawy , integrowaniu lokalnej spo\u0142eczno\u015bci. jest to stowarzyszenie zwyk\u0142e, zarejestrowane w: Starosta Powiatu Boche\u0144skiego &#8211; Rejestr Stowarzysze\u0144 zarejestrowane dnia 21.04.2107 &nbsp; kontakt@scholagierczyce.pl &nbsp; Konto stowarzyszenia: 57 1050 1445 1000 0090 3122 &hellip; <a href=\"https:\/\/parafiagierczyce.pl\/?page_id=132\" class=\"more-link\">Czytaj dalej <span class=\"screen-reader-text\">STOWARZYSZENIA I RUCHY W PARAFII<\/span> <span class=\"meta-nav\">&rarr;<\/span><\/a><\/p>\n","protected":false},"author":1,"featured_media":0,"parent":0,"menu_order":0,"comment_status":"closed","ping_status":"closed","template":"","meta":{"footnotes":"","_links_to":"","_links_to_target":""},"class_list":["post-132","page","type-page","status-publish","hentry"],"_links":{"self":[{"href":"https:\/\/parafiagierczyce.pl\/index.php?rest_route=\/wp\/v2\/pages\/132","targetHints":{"allow":["GET"]}}],"collection":[{"href":"https:\/\/parafiagierczyce.pl\/index.php?rest_route=\/wp\/v2\/pages"}],"about":[{"href":"https:\/\/parafiagierczyce.pl\/index.php?rest_route=\/wp\/v2\/types\/page"}],"author":[{"embeddable":true,"href":"https:\/\/parafiagierczyce.pl\/index.php?rest_route=\/wp\/v2\/users\/1"}],"replies":[{"embeddable":true,"href":"https:\/\/parafiagierczyce.pl\/index.php?rest_route=%2Fwp%2Fv2%2Fcomments&post=132"}],"version-history":[{"count":3,"href":"https:\/\/parafiagierczyce.pl\/index.php?rest_route=\/wp\/v2\/pages\/132\/revisions"}],"predecessor-version":[{"id":2435,"href":"https:\/\/parafiagierczyce.pl\/index.php?rest_route=\/wp\/v2\/pages\/132\/revisions\/2435"}],"wp:attachment":[{"href":"https:\/\/parafiagierczyce.pl\/index.php?rest_route=%2Fwp%2Fv2%2Fmedia&parent=132"}],"curies":[{"name":"wp","href":"https:\/\/api.w.org\/{rel}","templated":true}]}}